{"id":5,"date":"2020-09-16T11:48:37","date_gmt":"2020-09-16T09:48:37","guid":{"rendered":"http:\/\/mon.uvic.cat\/nitrecerca\/?page_id=5"},"modified":"2025-09-03T13:24:43","modified_gmt":"2025-09-03T11:24:43","slug":"que-es","status":"publish","type":"page","link":"https:\/\/mon.uvic.cat\/nitrecerca\/portada\/que-es\/","title":{"rendered":"Qu\u00e8 \u00e9s?"},"content":{"rendered":"<p><div class=\"fusion-fullwidth fullwidth-box fusion-builder-row-1 fusion-flex-container has-pattern-background has-mask-background fusion-parallax-none nonhundred-percent-fullwidth non-hundred-percent-height-scrolling\" style=\"--awb-border-radius-top-left:0px;--awb-border-radius-top-right:0px;--awb-border-radius-bottom-right:0px;--awb-border-radius-bottom-left:0px;--awb-padding-right:21px;--awb-margin-top:-40PX;--awb-background-image:url(&quot;http:\/\/mon.uvic.cat\/nitrecerca\/files\/2024\/05\/Captura-de-pantalla-2024-05-28-133538.png&quot;);--awb-background-size:cover;--awb-flex-wrap:wrap;\" ><div class=\"fusion-builder-row fusion-row fusion-flex-align-items-flex-start fusion-flex-justify-content-center fusion-flex-content-wrap\" style=\"max-width:1248px;margin-left: calc(-4% \/ 2 );margin-right: calc(-4% \/ 2 );\"><div class=\"fusion-layout-column fusion_builder_column fusion-builder-column-0 fusion_builder_column_1_1 1_1 fusion-flex-column\" style=\"--awb-bg-size:cover;--awb-width-large:100%;--awb-margin-top-large:0px;--awb-spacing-right-large:1.92%;--awb-margin-bottom-large:10px;--awb-spacing-left-large:1.92%;--awb-width-medium:100%;--awb-order-medium:0;--awb-spacing-right-medium:1.92%;--awb-spacing-left-medium:1.92%;--awb-width-small:100%;--awb-order-small:0;--awb-spacing-right-small:1.92%;--awb-spacing-left-small:1.92%;\" data-scroll-devices=\"small-visibility,medium-visibility,large-visibility\"><div class=\"fusion-column-wrapper fusion-column-has-shadow fusion-flex-justify-content-flex-start fusion-content-layout-column\"><div class=\"fusion-separator fusion-full-width-sep\" style=\"align-self: center;margin-left: auto;margin-right: auto;width:100%;\"><div class=\"fusion-separator-border sep-double\" style=\"--awb-height:20px;--awb-amount:20px;border-color:var(--awb-color3);border-top-width:0px;border-bottom-width:0px;\"><\/div><\/div><div class=\"fusion-title title fusion-title-1 fusion-sep-none fusion-title-center fusion-title-text fusion-title-size-one\" style=\"--awb-text-color:#ffffff;--awb-margin-top:30px;--awb-margin-top-small:10px;--awb-margin-right-small:0px;--awb-margin-bottom-small:10px;--awb-margin-left-small:0px;\"><h1 class=\"fusion-title-heading title-heading-center fusion-responsive-typography-calculated\" style=\"font-family:&quot;Inter&quot;;font-style:normal;font-weight:400;margin:0;--fontSize:48;line-height:1.16;\">QU\u00c8 \u00c9S<\/h1><\/div><\/div><\/div><\/div><\/div><div class=\"fusion-fullwidth fullwidth-box fusion-builder-row-2 fusion-flex-container nonhundred-percent-fullwidth non-hundred-percent-height-scrolling\" style=\"--awb-border-radius-top-left:0px;--awb-border-radius-top-right:0px;--awb-border-radius-bottom-right:0px;--awb-border-radius-bottom-left:0px;--awb-padding-bottom:0px;--awb-margin-top:22px;--awb-margin-bottom:0px;--awb-flex-wrap:wrap;\" ><div class=\"fusion-builder-row fusion-row fusion-flex-align-items-flex-start fusion-flex-content-wrap\" style=\"max-width:1248px;margin-left: calc(-4% \/ 2 );margin-right: calc(-4% \/ 2 );\"><div class=\"fusion-layout-column fusion_builder_column fusion-builder-column-1 fusion_builder_column_1_1 1_1 fusion-flex-column\" style=\"--awb-bg-blend:overlay;--awb-bg-size:cover;--awb-width-large:100%;--awb-margin-top-large:0px;--awb-spacing-right-large:1.92%;--awb-margin-bottom-large:0px;--awb-spacing-left-large:1.92%;--awb-width-medium:100%;--awb-spacing-right-medium:1.92%;--awb-spacing-left-medium:1.92%;--awb-width-small:100%;--awb-spacing-right-small:1.92%;--awb-spacing-left-small:1.92%;\"><div class=\"fusion-column-wrapper fusion-flex-justify-content-flex-start fusion-content-layout-column\"><div class=\"fusion-text fusion-text-1\" style=\"--awb-text-font-family:&quot;Inter&quot;;--awb-text-font-style:normal;--awb-text-font-weight:400;\"><p><span style=\"color: var(--awb-text-color); font-family: var(--awb-text-font-family); font-size: var(--awb-font-size); font-style: var(--awb-text-font-style); font-weight: var(--awb-text-font-weight); letter-spacing: var(--awb-letter-spacing); text-align: var(--awb-content-alignment); text-transform: var(--awb-text-transform); background-color: var(--awb-bg-color-hover);\">La Nit Europea de la Recerca \u00e9s un projecte europeu de divulgaci\u00f3 cient\u00edfica promogut per la Comissi\u00f3 Europea en el marc de les accions Marie Sktodowsca-Curie del programa Horizon Europe, cofinan\u00e7at sota el projecte NitRecerCat (101061189).<\/span><\/p>\n<p>Aquest esdeveniment europeu se celebra anualment i de manera simult\u00e0nia des 2005, enguany amb la participaci\u00f3 de m\u00e9s de 25 pa\u00efsos i 58 projectes. En l\u2019edici\u00f3 anterior es van dur a terme m\u00e9s de 200 activitats en el territori catal\u00e0 que inclo\u00efen xerrades, tallers, experiments, espectacles i jocs.<\/p>\n<p style=\"text-align: left;\">La UVic-UCC, a trav\u00e9s del <a href=\"https:\/\/mon.uvic.cat\/cerm\/\">Centre d&#8217;Estudis dels Rius Mediterranis (CERM)<\/a>, forma part del consorci catal\u00e0 que ha aconseguit finan\u00e7ament pel projecte <a href=\"https:\/\/marie-sklodowska-curie-actions.ec.europa.eu\/actions\/msca-citizens\/join-a-celebration-of-science\">European Researchers\u2019 Night <\/a>dins el programa Horizon Europe per tal d\u2019organitzar la Nit Europea de la Recerca 2022, 2023 i 2024 a Catalunya. El consorci tamb\u00e9 est\u00e0 format per la Universitat de Girona (UdG), l\u00edder del consorci, la Universitat de Barcelona (UB), <span class=\"NormalTextRun SCXW136804646 BCX9\">la <\/span><span class=\"NormalTextRun SpellingErrorV2Themed SCXW136804646 BCX9\">Universitat<\/span> <span class=\"NormalTextRun SpellingErrorV2Themed SCXW136804646 BCX9\">Aut\u00f2noma<\/span><span class=\"NormalTextRun SCXW136804646 BCX9\"> de Barcelona (UAB),<\/span> la Universitat de Lleida (UdL), la Universitat Rovira i Virgili (URV), l\u2019Institut de Salut Global de Barcelona (ISGlobal), l\u2019Associaci\u00f3 Catalana de Comunicaci\u00f3 Cient\u00edfica (ACCC) i la Fundaci\u00f3 Bofill. <span id=\"more-31304\"><\/span>El lema principal de l\u2019edici\u00f3 \u00e9s \u201cRecerca pel canvi\u201d, amb l\u2019objectiu de mostrar com n\u2019\u00e9s d\u2019important la recerca de les institucions catalanes per millorar el nostre dia a dia.<\/p>\n<div id=\"main-content\">\n<article id=\"post-12\" class=\"post-12 page type-page status-publish hentry\">\n<div class=\"entry-content\">\n<div class=\"et-l et-l--post\">\n<div class=\"et_builder_inner_content et_pb_gutters3\">\n<div class=\"et_pb_section et_pb_section_0 et_section_regular\">\n<div class=\"et_pb_row et_pb_row_2\">\n<div class=\"et_pb_column et_pb_column_1_2 et_pb_column_3 et_pb_css_mix_blend_mode_passthrough\">\n<div class=\"et_pb_button_module_wrapper et_pb_button_0_wrapper et_pb_button_alignment_center et_pb_module \"><a class=\"et_pb_button et_pb_button_0 et_pb_bg_layout_light\" href=\"https:\/\/lanitdelarecerca.cat\/\" target=\"_blank\" rel=\"noopener\">Nit de la Recerca a la resta de Catalunya<\/a><\/div>\n<\/div>\n<div class=\"et_pb_column et_pb_column_1_2 et_pb_column_4 et_pb_css_mix_blend_mode_passthrough et-last-child\">\n<div class=\"et_pb_button_module_wrapper et_pb_button_1_wrapper et_pb_button_alignment_center et_pb_module \"><a class=\"et_pb_button et_pb_button_1 et_pb_bg_layout_light\" href=\"https:\/\/lanochedelosinvestigadores.es\/\" target=\"_blank\" rel=\"noopener\">Noche de los investigadores Espa\u00f1a<\/a><\/div>\n<div class=\"et_pb_module et_pb_image et_pb_image_0_tb_footer\"><a href=\"https:\/\/ec.europa.eu\/research\/mariecurieactions\/events\/european-researchers-night-2020_en#table\">European Researchers Night<\/a><\/div>\n<\/div>\n<\/div>\n<\/div>\n<\/div>\n<\/div>\n<\/div>\n<\/article>\n<\/div>\n<\/div><\/div><\/div><\/div><\/div><\/p>\n","protected":false},"excerpt":{"rendered":"","protected":false},"author":1,"featured_media":0,"parent":7,"menu_order":0,"comment_status":"closed","ping_status":"closed","template":"","meta":{"footnotes":""},"class_list":["post-5","page","type-page","status-publish","hentry"],"jetpack_sharing_enabled":true,"_links":{"self":[{"href":"https:\/\/mon.uvic.cat\/nitrecerca\/wp-json\/wp\/v2\/pages\/5","targetHints":{"allow":["GET"]}}],"collection":[{"href":"https:\/\/mon.uvic.cat\/nitrecerca\/wp-json\/wp\/v2\/pages"}],"about":[{"href":"https:\/\/mon.uvic.cat\/nitrecerca\/wp-json\/wp\/v2\/types\/page"}],"author":[{"embeddable":true,"href":"https:\/\/mon.uvic.cat\/nitrecerca\/wp-json\/wp\/v2\/users\/1"}],"replies":[{"embeddable":true,"href":"https:\/\/mon.uvic.cat\/nitrecerca\/wp-json\/wp\/v2\/comments?post=5"}],"version-history":[{"count":55,"href":"https:\/\/mon.uvic.cat\/nitrecerca\/wp-json\/wp\/v2\/pages\/5\/revisions"}],"predecessor-version":[{"id":3377,"href":"https:\/\/mon.uvic.cat\/nitrecerca\/wp-json\/wp\/v2\/pages\/5\/revisions\/3377"}],"up":[{"embeddable":true,"href":"https:\/\/mon.uvic.cat\/nitrecerca\/wp-json\/wp\/v2\/pages\/7"}],"wp:attachment":[{"href":"https:\/\/mon.uvic.cat\/nitrecerca\/wp-json\/wp\/v2\/media?parent=5"}],"curies":[{"name":"wp","href":"https:\/\/api.w.org\/{rel}","templated":true}]}}