{"id":3655,"date":"2025-10-09T16:07:01","date_gmt":"2025-10-09T14:07:01","guid":{"rendered":"https:\/\/mon.uvic.cat\/nitrecerca\/?page_id=3655"},"modified":"2025-10-09T16:22:54","modified_gmt":"2025-10-09T14:22:54","slug":"carbon-framing","status":"publish","type":"page","link":"https:\/\/mon.uvic.cat\/nitrecerca\/carbon-framing\/","title":{"rendered":"CARBON FRAMING"},"content":{"rendered":"<h2>Que \u00e9s Carbon Framing?<\/h2>\n<p>CARBON\u00a0FARMING\u00a0MED\u00a0pret\u00e9n desenvolupar un sistema agr\u00edcola resilient en el Mediterrani i ajudar els agricultors a adoptar l&#8217;agricultura del carboni com a model de negoci ecol\u00f2gic rendible. El projecte se centra en optimitzar les pr\u00e0ctiques agr\u00edcoles i agroforestals regeneratives, promoure un mercat per als cr\u00e8dits de carboni i proporcionar eines per a facilitar l&#8217;adopci\u00f3 al mercat tant per als venedors com per als compradors. Entre els seus principals objectius figuren l&#8217;establiment d&#8217;un marc te\u00f2ric per a l&#8217;agricultura del carboni, la quantificaci\u00f3 de la captura de carboni del s\u00f2l i les emissions de gasos d&#8217;efecte d&#8217;hivernacle evitades, i la transfer\u00e8ncia dels resultats del projecte i les lli\u00e7ons apreses.<\/p>\n<p>El projecte s&#8217;alinea amb l&#8217;objectiu de la Llei Europea del Clima d&#8217;aconseguir la neutralitat clim\u00e0tica en el sector agr\u00edcola per a 2035, seguint un enfocament nexe aigua-energia-seguretat aliment\u00e0ria. En augmentar la captura i l&#8217;emmagatzematge de CO2 a llarg termini en els ecosistemes,\u00a0CARBON\u00a0FARMING\u00a0MED\u00a0tamb\u00e9 dona suport a la restauraci\u00f3 mediambiental i l&#8217;\u00fas just de la terra per a les comunitats locals. El seu objectiu \u00e9s crear la primera plataforma de la regi\u00f3 per a la compra i venda de cr\u00e8dits de carboni, aprofitant els models existents i les millors pr\u00e0ctiques. Aquesta iniciativa transfronterera ajudar\u00e0 la UE a aconseguir la neutralitat clim\u00e0tica en 2050 mitjan\u00e7ant la millora en l&#8217;absorci\u00f3 de carboni.<\/p>\n<p>&nbsp;<\/p>\n<p><a href=\"https:\/\/euroregio.eu\/es\/proyectos-europeos\/carbon-farming-med\">Web del projecte<\/a><\/p>\n","protected":false},"excerpt":{"rendered":"<p>Que \u00e9s Carbon Framing? CARBON\u00a0FARMING\u00a0MED\u00a0pret\u00e9n desenvolupar un sistema agr\u00edcola resilient  [&#8230;]<\/p>\n","protected":false},"author":694,"featured_media":3656,"parent":0,"menu_order":0,"comment_status":"closed","ping_status":"closed","template":"100-width.php","meta":{"footnotes":""},"class_list":["post-3655","page","type-page","status-publish","has-post-thumbnail","hentry"],"jetpack_sharing_enabled":true,"_links":{"self":[{"href":"https:\/\/mon.uvic.cat\/nitrecerca\/wp-json\/wp\/v2\/pages\/3655","targetHints":{"allow":["GET"]}}],"collection":[{"href":"https:\/\/mon.uvic.cat\/nitrecerca\/wp-json\/wp\/v2\/pages"}],"about":[{"href":"https:\/\/mon.uvic.cat\/nitrecerca\/wp-json\/wp\/v2\/types\/page"}],"author":[{"embeddable":true,"href":"https:\/\/mon.uvic.cat\/nitrecerca\/wp-json\/wp\/v2\/users\/694"}],"replies":[{"embeddable":true,"href":"https:\/\/mon.uvic.cat\/nitrecerca\/wp-json\/wp\/v2\/comments?post=3655"}],"version-history":[{"count":2,"href":"https:\/\/mon.uvic.cat\/nitrecerca\/wp-json\/wp\/v2\/pages\/3655\/revisions"}],"predecessor-version":[{"id":3680,"href":"https:\/\/mon.uvic.cat\/nitrecerca\/wp-json\/wp\/v2\/pages\/3655\/revisions\/3680"}],"wp:featuredmedia":[{"embeddable":true,"href":"https:\/\/mon.uvic.cat\/nitrecerca\/wp-json\/wp\/v2\/media\/3656"}],"wp:attachment":[{"href":"https:\/\/mon.uvic.cat\/nitrecerca\/wp-json\/wp\/v2\/media?parent=3655"}],"curies":[{"name":"wp","href":"https:\/\/api.w.org\/{rel}","templated":true}]}}