{"id":3650,"date":"2025-10-09T15:39:31","date_gmt":"2025-10-09T13:39:31","guid":{"rendered":"https:\/\/mon.uvic.cat\/nitrecerca\/?page_id=3650"},"modified":"2025-10-09T16:25:51","modified_gmt":"2025-10-09T14:25:51","slug":"medwise","status":"publish","type":"page","link":"https:\/\/mon.uvic.cat\/nitrecerca\/medwise\/","title":{"rendered":"MEDWISE"},"content":{"rendered":"<h2>Que \u00e9s MEDWISE?<\/h2>\n<p>La Mediterr\u00e0nia s&#8217;enfronta a problemes de gesti\u00f3 de residus, i la majoria de residus municipals acaben en abocadors sense tractament. Els residus org\u00e0nics, un component important, i un recurs energ\u00e8tic i nutritiu valu\u00f3s, sovint estan contaminats, per la qual cosa s\u00f3n inadequats per al seu \u00fas. Tot i que hi ha la necessitat d&#8217;una economia circular per abordar aix\u00f2, la regi\u00f3 s&#8217;enfronta a variacions inconsistents de les llacunes legislatives, t\u00e8cniques i de finan\u00e7ament que obstaculitzen la implementaci\u00f3 d&#8217;estrat\u00e8gies circulars.<\/p>\n<p>En resposta a aquest context, el projecte MedWISE pret\u00e9n accelerar la transici\u00f3 cap a una economia circular eficient en recursos dins de la regi\u00f3 a trav\u00e9s de solucions provades i eficients. El projecte optimitzar\u00e0 la gesti\u00f3 de recursos org\u00e0nics utilitzant dues estrat\u00e8gies principals: millorar les proves transfrontereres de solucions innovadores d&#8217;efici\u00e8ncia de recursos tecnol\u00f2gics i augmentar l&#8217;intercanvi transnacional de coneixements de tecnologies a trav\u00e9s d&#8217;un enfocament de triple h\u00e8lix. En concret, es mapejaran i pilotaran 3 tipus d&#8217;innovacions (simbiosi industrial, classificaci\u00f3 accionada per IA a la font i compostatge descentralitzat), millorant els paral\u00b7lelismes entre els contextos nord i sud. El projecte compta amb la participaci\u00f3 d&#8217;organitzacions d&#8217;It\u00e0lia, Espanya, Turquia, Palestina, L\u00edban i Jord\u00e0nia.<\/p>\n<p>Projecte finan\u00e7at per la Uni\u00f3 Europea a trav\u00e9s del Programa Interreg NEXT MED.<\/p>\n<p>&nbsp;<\/p>\n<p><a href=\"https:\/\/www.interregnextmed.eu\/project-page\/medwise\/mission\/\">Web del projecte<\/a><\/p>\n","protected":false},"excerpt":{"rendered":"<p>Que \u00e9s MEDWISE? La Mediterr\u00e0nia s&#8217;enfronta a problemes de gesti\u00f3  [&#8230;]<\/p>\n","protected":false},"author":694,"featured_media":3651,"parent":0,"menu_order":0,"comment_status":"closed","ping_status":"closed","template":"100-width.php","meta":{"footnotes":""},"class_list":["post-3650","page","type-page","status-publish","has-post-thumbnail","hentry"],"jetpack_sharing_enabled":true,"_links":{"self":[{"href":"https:\/\/mon.uvic.cat\/nitrecerca\/wp-json\/wp\/v2\/pages\/3650","targetHints":{"allow":["GET"]}}],"collection":[{"href":"https:\/\/mon.uvic.cat\/nitrecerca\/wp-json\/wp\/v2\/pages"}],"about":[{"href":"https:\/\/mon.uvic.cat\/nitrecerca\/wp-json\/wp\/v2\/types\/page"}],"author":[{"embeddable":true,"href":"https:\/\/mon.uvic.cat\/nitrecerca\/wp-json\/wp\/v2\/users\/694"}],"replies":[{"embeddable":true,"href":"https:\/\/mon.uvic.cat\/nitrecerca\/wp-json\/wp\/v2\/comments?post=3650"}],"version-history":[{"count":3,"href":"https:\/\/mon.uvic.cat\/nitrecerca\/wp-json\/wp\/v2\/pages\/3650\/revisions"}],"predecessor-version":[{"id":3687,"href":"https:\/\/mon.uvic.cat\/nitrecerca\/wp-json\/wp\/v2\/pages\/3650\/revisions\/3687"}],"wp:featuredmedia":[{"embeddable":true,"href":"https:\/\/mon.uvic.cat\/nitrecerca\/wp-json\/wp\/v2\/media\/3651"}],"wp:attachment":[{"href":"https:\/\/mon.uvic.cat\/nitrecerca\/wp-json\/wp\/v2\/media?parent=3650"}],"curies":[{"name":"wp","href":"https:\/\/api.w.org\/{rel}","templated":true}]}}