{"id":3642,"date":"2025-10-09T10:36:31","date_gmt":"2025-10-09T08:36:31","guid":{"rendered":"https:\/\/mon.uvic.cat\/nitrecerca\/?page_id=3642"},"modified":"2025-10-09T16:24:36","modified_gmt":"2025-10-09T14:24:36","slug":"i3-4-biofertilizers","status":"publish","type":"page","link":"https:\/\/mon.uvic.cat\/nitrecerca\/i3-4-biofertilizers\/","title":{"rendered":"I3-4-BIOFERTILIZERS"},"content":{"rendered":"<h2>Que \u00e9s I3-4-BIOFERTILIERS?<\/h2>\n<p>Aquest projecte est\u00e0 enfocat a impulsar la cooperaci\u00f3 entre diferents regions europees per promoure els biofertilitzants i una bioeconomia circular. El seu objectiu \u00e9s tancar la bretxa entre les regions m\u00e9s i menys desenvolupades i fomentar l&#8217;agricultura sostenible en tota Europa.<\/p>\n<p>El projecte provar\u00e0 i demostrar\u00e0 vuit noves solucions de biofertilitzants (inclosos els bioestimulants) i pr\u00e0ctiques agr\u00edcoles sostenibles. Proporcionar\u00e0 suport financer i t\u00e8cnic a una trentena de petites empreses i startups per ajudar-los a superar reptes en el mercat dels biofertilitzants. A m\u00e9s, el projecte establir\u00e0 un Centre de Compet\u00e8ncia d&#8217;Excel\u00b7l\u00e8ncia per oferir suport a llarg termini amb innovaci\u00f3 i assessorament financer a empreses i regions.<\/p>\n<p>El Centre Tecnol\u00f2gic BETA ajudar\u00e0 a Fertinagro Biotech, Fertiebro i Desarrollos Agroqu\u00edmicos a provar productes biofertilitzants a trav\u00e9s d&#8217;assaigs agron\u00f2mics per avaluar els seus beneficis. El centre tamb\u00e9 crear\u00e0 una xarxa d&#8217;experts per assessorar les empreses en la comercialitzaci\u00f3 de productes, juntament amb l&#8217;establiment d&#8217;una xarxa interregional per millorar la cooperaci\u00f3 i l&#8217;intercanvi de coneixements. Basant-se en el coneixement adquirit, BETA desenvolupar\u00e0 futures recomanacions.<\/p>\n<p>&nbsp;<\/p>\n<p><a href=\"https:\/\/www.redpoliticasidi.es\/system\/files\/repositorio-archivos\/Presentaci%C3%B3n%20I3-4-BIOFERTILIZERS_RedIDI.pdf\">Web del projecte\u00a0<\/a><\/p>\n","protected":false},"excerpt":{"rendered":"<p>Que \u00e9s I3-4-BIOFERTILIERS? Aquest projecte est\u00e0 enfocat a impulsar la  [&#8230;]<\/p>\n","protected":false},"author":694,"featured_media":3643,"parent":0,"menu_order":0,"comment_status":"closed","ping_status":"closed","template":"100-width.php","meta":{"footnotes":""},"class_list":["post-3642","page","type-page","status-publish","has-post-thumbnail","hentry"],"jetpack_sharing_enabled":true,"_links":{"self":[{"href":"https:\/\/mon.uvic.cat\/nitrecerca\/wp-json\/wp\/v2\/pages\/3642","targetHints":{"allow":["GET"]}}],"collection":[{"href":"https:\/\/mon.uvic.cat\/nitrecerca\/wp-json\/wp\/v2\/pages"}],"about":[{"href":"https:\/\/mon.uvic.cat\/nitrecerca\/wp-json\/wp\/v2\/types\/page"}],"author":[{"embeddable":true,"href":"https:\/\/mon.uvic.cat\/nitrecerca\/wp-json\/wp\/v2\/users\/694"}],"replies":[{"embeddable":true,"href":"https:\/\/mon.uvic.cat\/nitrecerca\/wp-json\/wp\/v2\/comments?post=3642"}],"version-history":[{"count":3,"href":"https:\/\/mon.uvic.cat\/nitrecerca\/wp-json\/wp\/v2\/pages\/3642\/revisions"}],"predecessor-version":[{"id":3684,"href":"https:\/\/mon.uvic.cat\/nitrecerca\/wp-json\/wp\/v2\/pages\/3642\/revisions\/3684"}],"wp:featuredmedia":[{"embeddable":true,"href":"https:\/\/mon.uvic.cat\/nitrecerca\/wp-json\/wp\/v2\/media\/3643"}],"wp:attachment":[{"href":"https:\/\/mon.uvic.cat\/nitrecerca\/wp-json\/wp\/v2\/media?parent=3642"}],"curies":[{"name":"wp","href":"https:\/\/api.w.org\/{rel}","templated":true}]}}