{"id":3638,"date":"2025-10-08T17:36:51","date_gmt":"2025-10-08T15:36:51","guid":{"rendered":"https:\/\/mon.uvic.cat\/nitrecerca\/?page_id=3638"},"modified":"2025-10-09T16:25:38","modified_gmt":"2025-10-09T14:25:38","slug":"locall4flood","status":"publish","type":"page","link":"https:\/\/mon.uvic.cat\/nitrecerca\/locall4flood\/","title":{"rendered":"LOCALL4FLOOD"},"content":{"rendered":"<h2>Que \u00e9s LocAll4Flood?<\/h2>\n<p>Els episodis de pluges intenses formen part del clima mediterrani. De vegades, aquests fen\u00f2mens condueixen a inundacions flaixes que causen danys materials o humans. Per a fer front a aquest risc, el projecte LocAll4flood proposa un Model Integrat de Governan\u00e7a Multistakeholder, que combina accions de prevenci\u00f3, adaptaci\u00f3 i mitigaci\u00f3, que es provaran en petites captacions, especialment vulnerables a les inundacions.<\/p>\n<p>Per tal de disposar d&#8217;una \u00e0mplia gamma de zones sensibles, s&#8217;han seleccionat 9 llocs pilot de Gr\u00e8cia, It\u00e0lia, Bulg\u00e0ria, Malta, Catalunya i les Illes Balears, que abasten 4 tipus de zones topogr\u00e0fiques (urbanes, rurals, costaneres, industrials). L&#8217;enfocament de \u201cbaix a dalt\u201d \u00e9s privilegiat i es preveu la transferibilitat a tota la conca mediterr\u00e0nia.<\/p>\n<p>&nbsp;<\/p>\n<p><a href=\"https:\/\/locall4flood.uib.eu\/\">Web del projecte\u00a0<\/a><\/p>\n","protected":false},"excerpt":{"rendered":"<p>Que \u00e9s LocAll4Flood? Els episodis de pluges intenses formen part  [&#8230;]<\/p>\n","protected":false},"author":694,"featured_media":3639,"parent":0,"menu_order":0,"comment_status":"closed","ping_status":"closed","template":"100-width.php","meta":{"footnotes":""},"class_list":["post-3638","page","type-page","status-publish","has-post-thumbnail","hentry"],"jetpack_sharing_enabled":true,"_links":{"self":[{"href":"https:\/\/mon.uvic.cat\/nitrecerca\/wp-json\/wp\/v2\/pages\/3638","targetHints":{"allow":["GET"]}}],"collection":[{"href":"https:\/\/mon.uvic.cat\/nitrecerca\/wp-json\/wp\/v2\/pages"}],"about":[{"href":"https:\/\/mon.uvic.cat\/nitrecerca\/wp-json\/wp\/v2\/types\/page"}],"author":[{"embeddable":true,"href":"https:\/\/mon.uvic.cat\/nitrecerca\/wp-json\/wp\/v2\/users\/694"}],"replies":[{"embeddable":true,"href":"https:\/\/mon.uvic.cat\/nitrecerca\/wp-json\/wp\/v2\/comments?post=3638"}],"version-history":[{"count":3,"href":"https:\/\/mon.uvic.cat\/nitrecerca\/wp-json\/wp\/v2\/pages\/3638\/revisions"}],"predecessor-version":[{"id":3686,"href":"https:\/\/mon.uvic.cat\/nitrecerca\/wp-json\/wp\/v2\/pages\/3638\/revisions\/3686"}],"wp:featuredmedia":[{"embeddable":true,"href":"https:\/\/mon.uvic.cat\/nitrecerca\/wp-json\/wp\/v2\/media\/3639"}],"wp:attachment":[{"href":"https:\/\/mon.uvic.cat\/nitrecerca\/wp-json\/wp\/v2\/media?parent=3638"}],"curies":[{"name":"wp","href":"https:\/\/api.w.org\/{rel}","templated":true}]}}