{"id":3630,"date":"2025-10-08T17:12:07","date_gmt":"2025-10-08T15:12:07","guid":{"rendered":"https:\/\/mon.uvic.cat\/nitrecerca\/?page_id=3630"},"modified":"2025-10-09T16:28:37","modified_gmt":"2025-10-09T14:28:37","slug":"quipack","status":"publish","type":"page","link":"https:\/\/mon.uvic.cat\/nitrecerca\/quipack\/","title":{"rendered":"QUIPACK"},"content":{"rendered":"<h2>Que \u00e9s QUIPACK?<\/h2>\n<p>Aquest projecte t\u00e9 com a objectiu desenvolupar i implementar solucions d&#8217;envasament alimentari m\u00e9s funcionals utilitzant fluxos de residus agr\u00edcoles i aq\u00fc\u00edcoles. Liderat per 14 organitzacions de Portugal, Espanya, Fran\u00e7a, It\u00e0lia, Alemanya, Gr\u00e8cia, T\u00fcrkiye, Tun\u00edsia i el Marroc, el projecte avan\u00e7ar\u00e0 en materials d&#8217;envasat bio intel\u00b7ligents, satisfent les necessitats dels clients i els requisits del mercat a la UE i el Magreb.<\/p>\n<p>A m\u00e9s, el producte final comptar\u00e0 amb el suport d&#8217;intel\u00b7lig\u00e8ncia de la cadena de valor aliment\u00e0ria assistida per IA\/IoT i sistemes de suport a la decisi\u00f3 orientats a optimitzar la seguretat aliment\u00e0ria, la tra\u00e7abilitat, els efectes ambientals, la sostenibilitat, aix\u00ed com la rendibilitat en entorns mediterranis.<\/p>\n<p>Aquesta iniciativa s&#8217;alinea amb les prioritats de la convocat\u00f2ria PRIMA 2023 d&#8217;accions de recerca i innovaci\u00f3, amb l&#8217;objectiu d&#8217;avaluar nous envasos i materials de recobriment d&#8217;aliments antimicrobians per reduir el malbaratament alimentari i millorar la seguretat a la cadena de subministrament d&#8217;aliments del Mediterrani.<\/p>\n<p>&nbsp;<\/p>\n<p><a href=\"https:\/\/quipack-project.org\/\">Web del projecte\u00a0<\/a><\/p>\n","protected":false},"excerpt":{"rendered":"<p>Que \u00e9s QUIPACK? Aquest projecte t\u00e9 com a objectiu desenvolupar  [&#8230;]<\/p>\n","protected":false},"author":694,"featured_media":3631,"parent":0,"menu_order":0,"comment_status":"closed","ping_status":"closed","template":"100-width.php","meta":{"footnotes":""},"class_list":["post-3630","page","type-page","status-publish","has-post-thumbnail","hentry"],"jetpack_sharing_enabled":true,"_links":{"self":[{"href":"https:\/\/mon.uvic.cat\/nitrecerca\/wp-json\/wp\/v2\/pages\/3630","targetHints":{"allow":["GET"]}}],"collection":[{"href":"https:\/\/mon.uvic.cat\/nitrecerca\/wp-json\/wp\/v2\/pages"}],"about":[{"href":"https:\/\/mon.uvic.cat\/nitrecerca\/wp-json\/wp\/v2\/types\/page"}],"author":[{"embeddable":true,"href":"https:\/\/mon.uvic.cat\/nitrecerca\/wp-json\/wp\/v2\/users\/694"}],"replies":[{"embeddable":true,"href":"https:\/\/mon.uvic.cat\/nitrecerca\/wp-json\/wp\/v2\/comments?post=3630"}],"version-history":[{"count":3,"href":"https:\/\/mon.uvic.cat\/nitrecerca\/wp-json\/wp\/v2\/pages\/3630\/revisions"}],"predecessor-version":[{"id":3692,"href":"https:\/\/mon.uvic.cat\/nitrecerca\/wp-json\/wp\/v2\/pages\/3630\/revisions\/3692"}],"wp:featuredmedia":[{"embeddable":true,"href":"https:\/\/mon.uvic.cat\/nitrecerca\/wp-json\/wp\/v2\/media\/3631"}],"wp:attachment":[{"href":"https:\/\/mon.uvic.cat\/nitrecerca\/wp-json\/wp\/v2\/media?parent=3630"}],"curies":[{"name":"wp","href":"https:\/\/api.w.org\/{rel}","templated":true}]}}