{"id":3625,"date":"2025-10-08T16:21:54","date_gmt":"2025-10-08T14:21:54","guid":{"rendered":"https:\/\/mon.uvic.cat\/nitrecerca\/?page_id=3625"},"modified":"2025-10-09T16:23:20","modified_gmt":"2025-10-09T14:23:20","slug":"cernet","status":"publish","type":"page","link":"https:\/\/mon.uvic.cat\/nitrecerca\/cernet\/","title":{"rendered":"CERNET"},"content":{"rendered":"<h2>Que \u00e9s CERMET?<\/h2>\n<p>Les emissions biog\u00e8niques de CO2, originades per processos basats en biomassa com la fermentaci\u00f3 i la producci\u00f3 de biog\u00e0s, sovint s&#8217;alliberen a l&#8217;atmosfera, malgrat la seva alta puresa i el seu valor potencial. En una bioeconomia circular, aquest carboni no s&#8217;ha de malgastar.<br \/>\nCERNET aborda aquest repte capturant i convertint el CO2 biog\u00e8nic en productes bio-basats valuosos.<br \/>\nAquest enfocament no nom\u00e9s redueix les emissions de gasos d&#8217;efecte hivernacle, sin\u00f3 que tamb\u00e9 reempla\u00e7a els inputs basats en f\u00f2ssils, dona suport a la simbiosi industrial i transforma els residus en un recurs, preparant el cam\u00ed per a una Europa m\u00e9s sostenible i neutra en el clima.<\/p>\n<p>&nbsp;<\/p>\n<p><strong>Objectius del projecte<\/strong><br \/>\nL&#8217;objectiu general de CERNET \u00e9s demostrar i escalar les tecnologies de captura i conversi\u00f3 de carboni a trav\u00e9s de tres demostradors industrials. Els objectius espec\u00edfics inclouen:<\/p>\n<ul>\n<li>Desenvolupament de marcs segurs i sostenibles per disseny (SSbD) per a cadenes de valor basades en bio.<\/li>\n<li>Integraci\u00f3 de l&#8217;energia renovable i l&#8217;hidrogen verd en processos de conversi\u00f3.<\/li>\n<li>Validaci\u00f3 de productes d&#8217;alt valor biol\u00f2gic com L-alanina, sorbitol, \u00e0cid malic, ectoina i PHA.<\/li>\n<li>Garantir la tra\u00e7abilitat, la circularitat i el baix impacte ambiental en tota la cadena de valor.<\/li>\n<li>Creaci\u00f3 de models de negoci i estrat\u00e8gies de replicaci\u00f3 per escalar solucions a tot Europa.<\/li>\n<li>Comprom\u00eds amb les parts interessades i la ciutadania a trav\u00e9s d&#8217;activitats de cocreaci\u00f3 i difusi\u00f3<\/li>\n<\/ul>\n<p>&nbsp;<\/p>\n<p><a href=\"https:\/\/cernetproject.eu\/about\/project-overview-objectives\/\">Web del projecte<\/a><\/p>\n","protected":false},"excerpt":{"rendered":"<p>Que \u00e9s CERMET? Les emissions biog\u00e8niques de CO2, originades per  [&#8230;]<\/p>\n","protected":false},"author":694,"featured_media":3626,"parent":0,"menu_order":0,"comment_status":"closed","ping_status":"closed","template":"100-width.php","meta":{"footnotes":""},"class_list":["post-3625","page","type-page","status-publish","has-post-thumbnail","hentry"],"jetpack_sharing_enabled":true,"_links":{"self":[{"href":"https:\/\/mon.uvic.cat\/nitrecerca\/wp-json\/wp\/v2\/pages\/3625","targetHints":{"allow":["GET"]}}],"collection":[{"href":"https:\/\/mon.uvic.cat\/nitrecerca\/wp-json\/wp\/v2\/pages"}],"about":[{"href":"https:\/\/mon.uvic.cat\/nitrecerca\/wp-json\/wp\/v2\/types\/page"}],"author":[{"embeddable":true,"href":"https:\/\/mon.uvic.cat\/nitrecerca\/wp-json\/wp\/v2\/users\/694"}],"replies":[{"embeddable":true,"href":"https:\/\/mon.uvic.cat\/nitrecerca\/wp-json\/wp\/v2\/comments?post=3625"}],"version-history":[{"count":3,"href":"https:\/\/mon.uvic.cat\/nitrecerca\/wp-json\/wp\/v2\/pages\/3625\/revisions"}],"predecessor-version":[{"id":3681,"href":"https:\/\/mon.uvic.cat\/nitrecerca\/wp-json\/wp\/v2\/pages\/3625\/revisions\/3681"}],"wp:featuredmedia":[{"embeddable":true,"href":"https:\/\/mon.uvic.cat\/nitrecerca\/wp-json\/wp\/v2\/media\/3626"}],"wp:attachment":[{"href":"https:\/\/mon.uvic.cat\/nitrecerca\/wp-json\/wp\/v2\/media?parent=3625"}],"curies":[{"name":"wp","href":"https:\/\/api.w.org\/{rel}","templated":true}]}}