{"id":3620,"date":"2025-10-08T16:06:35","date_gmt":"2025-10-08T14:06:35","guid":{"rendered":"https:\/\/mon.uvic.cat\/nitrecerca\/?page_id=3620"},"modified":"2025-10-09T16:22:41","modified_gmt":"2025-10-09T14:22:41","slug":"biotreated","status":"publish","type":"page","link":"https:\/\/mon.uvic.cat\/nitrecerca\/biotreated\/","title":{"rendered":"BIOTREATED"},"content":{"rendered":"<h2>Que \u00e9s BioTreatED?<\/h2>\n<p>A l&#8217;ombra del canvi clim\u00e0tic, la creixent escassetat d&#8217;aigua la fa<br \/>\n\u00c9s important utilitzar l&#8217;aigua amb moderaci\u00f3 i judici, incl\u00f2s el reg. Al mateix temps, a la Uni\u00f3 Europea (UE-27) i al Regne Unit, es produeixen anualment m\u00e9s de 1.400 milions de tones de fem. D&#8217;acord amb el concepte d&#8217;economia circular, el pur\u00ed es pot reutilitzar amb tecnologies de separaci\u00f3, dividint la mat\u00e8ria primera en un l\u00edquid i una fracci\u00f3 s\u00f2lida per al reg i la fertilitzaci\u00f3 del s\u00f2l.<br \/>\nNo obstant aix\u00f2, sense tractament, la contaminaci\u00f3 qu\u00edmica, biol\u00f2gica i hormonal suposaria una pressi\u00f3 antropog\u00e8nica significativa sobre el medi ambient, que sovint inhabilita l&#8217;\u00fas directe.<\/p>\n<p>El projecte est\u00e0 fortament connectat a la Convocat\u00f2ria Transnacional Conjunta Water4All tal com pret\u00e9n comprendre i predir m\u00faltiples pressions antropog\u00e8niques en serveis ecosist\u00e8mics, realitza un seguiment i mapatge integral amb m\u00e8todes avan\u00e7ats per augmentar el nostre coneixement sobre l&#8217;impacte-resposta relacions i desenvolupament de noves eines i solucions per a la gesti\u00f3 de l&#8217;aigua<br \/>\nrecursos.<br \/>\nEls m\u00e8todes aplicats dependran fortament dels Serveis d&#8217;Ecosistemes Aqu\u00e0tics i, simult\u00e0niament, millorar\u00e0 aquests serveis amb l&#8217;asseguran\u00e7a d&#8217;un<br \/>\nentorn aqu\u00e0tic natural lliure de xenoestrogen, preservant i augmentant biodiversitat i protecci\u00f3 de les poblacions de peixos salvatges.<\/p>\n<p>&nbsp;<\/p>\n<p><a href=\"https:\/\/www.water4all-partnership.eu\/project\/biotreated\">Web del projecte\u00a0<\/a><\/p>\n","protected":false},"excerpt":{"rendered":"<p>Que \u00e9s BioTreatED? A l&#8217;ombra del canvi clim\u00e0tic, la creixent  [&#8230;]<\/p>\n","protected":false},"author":694,"featured_media":3621,"parent":0,"menu_order":0,"comment_status":"closed","ping_status":"closed","template":"100-width.php","meta":{"footnotes":""},"class_list":["post-3620","page","type-page","status-publish","has-post-thumbnail","hentry"],"jetpack_sharing_enabled":true,"_links":{"self":[{"href":"https:\/\/mon.uvic.cat\/nitrecerca\/wp-json\/wp\/v2\/pages\/3620","targetHints":{"allow":["GET"]}}],"collection":[{"href":"https:\/\/mon.uvic.cat\/nitrecerca\/wp-json\/wp\/v2\/pages"}],"about":[{"href":"https:\/\/mon.uvic.cat\/nitrecerca\/wp-json\/wp\/v2\/types\/page"}],"author":[{"embeddable":true,"href":"https:\/\/mon.uvic.cat\/nitrecerca\/wp-json\/wp\/v2\/users\/694"}],"replies":[{"embeddable":true,"href":"https:\/\/mon.uvic.cat\/nitrecerca\/wp-json\/wp\/v2\/comments?post=3620"}],"version-history":[{"count":3,"href":"https:\/\/mon.uvic.cat\/nitrecerca\/wp-json\/wp\/v2\/pages\/3620\/revisions"}],"predecessor-version":[{"id":3679,"href":"https:\/\/mon.uvic.cat\/nitrecerca\/wp-json\/wp\/v2\/pages\/3620\/revisions\/3679"}],"wp:featuredmedia":[{"embeddable":true,"href":"https:\/\/mon.uvic.cat\/nitrecerca\/wp-json\/wp\/v2\/media\/3621"}],"wp:attachment":[{"href":"https:\/\/mon.uvic.cat\/nitrecerca\/wp-json\/wp\/v2\/media?parent=3620"}],"curies":[{"name":"wp","href":"https:\/\/api.w.org\/{rel}","templated":true}]}}