{"id":3614,"date":"2025-10-08T15:53:52","date_gmt":"2025-10-08T13:53:52","guid":{"rendered":"https:\/\/mon.uvic.cat\/nitrecerca\/?page_id=3614"},"modified":"2025-10-09T16:22:21","modified_gmt":"2025-10-09T14:22:21","slug":"aquagri-know","status":"publish","type":"page","link":"https:\/\/mon.uvic.cat\/nitrecerca\/aquagri-know\/","title":{"rendered":"AQUAGRI-KNOW"},"content":{"rendered":"<h2>Que \u00e9s AQUAGRI-KNOW?<\/h2>\n<p>Cada vegada m\u00e9s reptes en l&#8217;agricultura, AQUAGRI-KNOW empodera els agricultors amb solucions pr\u00e0ctiques i personalitzades per a un \u00fas sostenible de l&#8217;aigua.<\/p>\n<p>Els recursos h\u00eddrics europeus s&#8217;enfronten a una <strong>pressi\u00f3 creixent<\/strong> a causa del canvi clim\u00e0tic i a una governan\u00e7a inefica\u00e7, amb una agricultura responsable de fins al 60% de l&#8217;\u00fas d&#8217;aigua dol\u00e7a. Si b\u00e9 <strong>existeixen solucions sostenibles<\/strong>, integrar-les en la pr\u00e0ctica agr\u00edcola di\u00e0ria continua sent un repte. AQUAGRI-KNOW ho aborda centrant-se en l&#8217;\u00fas eficient i circular de l&#8217;aigua a nivell de granja, basat en els resultats pr\u00e0ctics de 12 OG EIP-AGRI.<\/p>\n<p>Les nostres <strong>quatre estrat\u00e8gies principals per millorar la cadena de valor de l&#8217;aigua<\/strong>:<\/p>\n<p><strong>S1<\/strong> Habilita la reutilitzaci\u00f3 de l&#8217;aigua<\/p>\n<p><strong>S2<\/strong> Desenvolupant cultius WaterSmart<\/p>\n<p><strong>S3<\/strong> Millorant la interf\u00edcie aigua-soil<\/p>\n<p><strong>S4<\/strong> Optimitzaci\u00f3 de l&#8217;\u00fas de l&#8217;aigua<\/p>\n<p><strong>Per convertir l&#8217;estrat\u00e8gia en acci\u00f3<\/strong>, AQUAGRI-KNOW analitza el coneixement OG, l&#8217;alinea amb les necessitats regionals i ofereix eines i xarxes amigables amb els agricultors. Aquest enfocament estructurat impulsa un canvi pr\u00e0ctic i durador en la gesti\u00f3 de l&#8217;aigua agr\u00edcola.<\/p>\n<p>&nbsp;<\/p>\n<p><a href=\"https:\/\/aquagri-know.eu\/about\/\">Web del projecte\u00a0<\/a><\/p>\n","protected":false},"excerpt":{"rendered":"<p>Que \u00e9s AQUAGRI-KNOW? Cada vegada m\u00e9s reptes en l&#8217;agricultura, AQUAGRI-KNOW  [&#8230;]<\/p>\n","protected":false},"author":694,"featured_media":3615,"parent":0,"menu_order":0,"comment_status":"closed","ping_status":"closed","template":"100-width.php","meta":{"footnotes":""},"class_list":["post-3614","page","type-page","status-publish","has-post-thumbnail","hentry"],"jetpack_sharing_enabled":true,"_links":{"self":[{"href":"https:\/\/mon.uvic.cat\/nitrecerca\/wp-json\/wp\/v2\/pages\/3614","targetHints":{"allow":["GET"]}}],"collection":[{"href":"https:\/\/mon.uvic.cat\/nitrecerca\/wp-json\/wp\/v2\/pages"}],"about":[{"href":"https:\/\/mon.uvic.cat\/nitrecerca\/wp-json\/wp\/v2\/types\/page"}],"author":[{"embeddable":true,"href":"https:\/\/mon.uvic.cat\/nitrecerca\/wp-json\/wp\/v2\/users\/694"}],"replies":[{"embeddable":true,"href":"https:\/\/mon.uvic.cat\/nitrecerca\/wp-json\/wp\/v2\/comments?post=3614"}],"version-history":[{"count":3,"href":"https:\/\/mon.uvic.cat\/nitrecerca\/wp-json\/wp\/v2\/pages\/3614\/revisions"}],"predecessor-version":[{"id":3678,"href":"https:\/\/mon.uvic.cat\/nitrecerca\/wp-json\/wp\/v2\/pages\/3614\/revisions\/3678"}],"wp:featuredmedia":[{"embeddable":true,"href":"https:\/\/mon.uvic.cat\/nitrecerca\/wp-json\/wp\/v2\/media\/3615"}],"wp:attachment":[{"href":"https:\/\/mon.uvic.cat\/nitrecerca\/wp-json\/wp\/v2\/media?parent=3614"}],"curies":[{"name":"wp","href":"https:\/\/api.w.org\/{rel}","templated":true}]}}