{"id":3610,"date":"2025-10-08T15:36:43","date_gmt":"2025-10-08T13:36:43","guid":{"rendered":"https:\/\/mon.uvic.cat\/nitrecerca\/?page_id=3610"},"modified":"2025-10-09T16:27:09","modified_gmt":"2025-10-09T14:27:09","slug":"procon","status":"publish","type":"page","link":"https:\/\/mon.uvic.cat\/nitrecerca\/procon\/","title":{"rendered":"PROCON"},"content":{"rendered":"<h2>Que \u00e9s Procon?<\/h2>\n<p>A mesura que la poblaci\u00f3 europea continua envellint, la incontin\u00e8ncia s&#8217;ha convertit en un gran repte sanitari i econ\u00f2mic, especialment en les resid\u00e8ncies d&#8217;ancians. Tot i que afecta fins a un 75% dels residents, continua sent poc informat i mal gestionat, en gran part a causa de la reducci\u00f3 de les capacitats cognitives i f\u00edsiques. Aquesta condici\u00f3 afecta significativament la qualitat de vida tant per als residents com per als cuidadors.<br \/>\nEl Projecte ProCon lidera els esfor\u00e7os per millorar l&#8217;atenci\u00f3 de contin\u00e8ncia reunint institucions educatives, organitzacions de recerca i professionals de la salut. A trav\u00e9s de l&#8217;avaluaci\u00f3 de tecnologies d&#8217;avantguarda \u2014com el desgast intel\u00b7ligent de la contin\u00e8ncia i els sensors per monitoritzar les activitats de bany\u2014, juntament amb nous enfocaments en la cura, l&#8217;emprenedoria i el desenvolupament d&#8217;habilitats digitals, ProCon est\u00e0 impulsant la innovaci\u00f3 significativa en l&#8217;atenci\u00f3 a la llar d&#8217;infermeria.<\/p>\n<p>&nbsp;<\/p>\n<p><a href=\"https:\/\/www.proconproject.eu\/\">Web del projecte\u00a0<\/a><\/p>\n","protected":false},"excerpt":{"rendered":"<p>Que \u00e9s Procon? A mesura que la poblaci\u00f3 europea continua  [&#8230;]<\/p>\n","protected":false},"author":694,"featured_media":3611,"parent":0,"menu_order":0,"comment_status":"closed","ping_status":"closed","template":"100-width.php","meta":{"footnotes":""},"class_list":["post-3610","page","type-page","status-publish","has-post-thumbnail","hentry"],"jetpack_sharing_enabled":true,"_links":{"self":[{"href":"https:\/\/mon.uvic.cat\/nitrecerca\/wp-json\/wp\/v2\/pages\/3610","targetHints":{"allow":["GET"]}}],"collection":[{"href":"https:\/\/mon.uvic.cat\/nitrecerca\/wp-json\/wp\/v2\/pages"}],"about":[{"href":"https:\/\/mon.uvic.cat\/nitrecerca\/wp-json\/wp\/v2\/types\/page"}],"author":[{"embeddable":true,"href":"https:\/\/mon.uvic.cat\/nitrecerca\/wp-json\/wp\/v2\/users\/694"}],"replies":[{"embeddable":true,"href":"https:\/\/mon.uvic.cat\/nitrecerca\/wp-json\/wp\/v2\/comments?post=3610"}],"version-history":[{"count":3,"href":"https:\/\/mon.uvic.cat\/nitrecerca\/wp-json\/wp\/v2\/pages\/3610\/revisions"}],"predecessor-version":[{"id":3690,"href":"https:\/\/mon.uvic.cat\/nitrecerca\/wp-json\/wp\/v2\/pages\/3610\/revisions\/3690"}],"wp:featuredmedia":[{"embeddable":true,"href":"https:\/\/mon.uvic.cat\/nitrecerca\/wp-json\/wp\/v2\/media\/3611"}],"wp:attachment":[{"href":"https:\/\/mon.uvic.cat\/nitrecerca\/wp-json\/wp\/v2\/media?parent=3610"}],"curies":[{"name":"wp","href":"https:\/\/api.w.org\/{rel}","templated":true}]}}