{"id":3606,"date":"2025-10-08T11:24:37","date_gmt":"2025-10-08T09:24:37","guid":{"rendered":"https:\/\/mon.uvic.cat\/nitrecerca\/?page_id=3606"},"modified":"2025-10-09T16:29:37","modified_gmt":"2025-10-09T14:29:37","slug":"seacure","status":"publish","type":"page","link":"https:\/\/mon.uvic.cat\/nitrecerca\/seacure\/","title":{"rendered":"SEACURE"},"content":{"rendered":"<h2>Que \u00e9s SEACURE?<\/h2>\n<p>SEACURE t\u00e9 com a objectiu demostrar, ampliar i replicar innovacions efectives per a la prevenci\u00f3 i reducci\u00f3 sist\u00e8mica de la contaminaci\u00f3 per nutrients a la conca del mar Mediterrani, d&#8217;acord amb el marc d&#8217;ecosistema d&#8217;innovaci\u00f3 proporcionat pels projectes actuals de Fars Mediterranis i en estreta cooperaci\u00f3 amb les activitats relacionades implementades pels laboratoris regionals de salut del s\u00f2l a la zona.<\/p>\n<p>El projecte est\u00e0 dedicant recursos per a l&#8217;escala regional i la replicaci\u00f3 d&#8217;estrat\u00e8gies de gesti\u00f3 de nutrients amb \u00e8xit dedicades a: i) reduir la contaminaci\u00f3 del s\u00f2l i millorar la seva restauraci\u00f3; ii) reduir l&#8217;\u00fas de fertilitzants i les p\u00e8rdues de nutrients; i iii) prevenir, minimitzar i remeiar la contaminaci\u00f3 de nutrients en els ecosistemes d&#8217;aigua dol\u00e7a i marins, en sis unitats territorials (Mar Menor i Central Catalunya a Espanya, el riu Po delta i Esino a It\u00e0lia, i el delta del riu Axios i la plana de Tess\u00e0lia a Gr\u00e8cia).<\/p>\n<p><strong>Qu\u00e8 es millorar\u00e0?<\/strong><br \/>\nEl projecte permetr\u00e0 integrar solucions provades en estrat\u00e8gies hol\u00edstiques m\u00e9s \u00e0mplies per evidenciar el potencial per garantir un paisatge mediterrani m\u00e9s saludable, el riu-mar. Portar a bord els actors de l&#8217;ecosistema regional des de l&#8217;inici del projecte, alineant-se amb els contextos locals, fomentant l&#8217;intercanvi de coneixement i advocant per l&#8217;impacte aplana el cam\u00ed cap a l&#8217;escala a la conca\/regions afectades i la replicaci\u00f3 en nous territoris.<\/p>\n<p>&nbsp;<\/p>\n<p><a href=\"https:\/\/www.seacure-project.eu\/\">Web del projecte\u00a0<\/a><\/p>\n","protected":false},"excerpt":{"rendered":"<p>Que \u00e9s SEACURE? SEACURE t\u00e9 com a objectiu demostrar, ampliar  [&#8230;]<\/p>\n","protected":false},"author":694,"featured_media":3607,"parent":0,"menu_order":0,"comment_status":"closed","ping_status":"closed","template":"100-width.php","meta":{"footnotes":""},"class_list":["post-3606","page","type-page","status-publish","has-post-thumbnail","hentry"],"jetpack_sharing_enabled":true,"_links":{"self":[{"href":"https:\/\/mon.uvic.cat\/nitrecerca\/wp-json\/wp\/v2\/pages\/3606","targetHints":{"allow":["GET"]}}],"collection":[{"href":"https:\/\/mon.uvic.cat\/nitrecerca\/wp-json\/wp\/v2\/pages"}],"about":[{"href":"https:\/\/mon.uvic.cat\/nitrecerca\/wp-json\/wp\/v2\/types\/page"}],"author":[{"embeddable":true,"href":"https:\/\/mon.uvic.cat\/nitrecerca\/wp-json\/wp\/v2\/users\/694"}],"replies":[{"embeddable":true,"href":"https:\/\/mon.uvic.cat\/nitrecerca\/wp-json\/wp\/v2\/comments?post=3606"}],"version-history":[{"count":3,"href":"https:\/\/mon.uvic.cat\/nitrecerca\/wp-json\/wp\/v2\/pages\/3606\/revisions"}],"predecessor-version":[{"id":3694,"href":"https:\/\/mon.uvic.cat\/nitrecerca\/wp-json\/wp\/v2\/pages\/3606\/revisions\/3694"}],"wp:featuredmedia":[{"embeddable":true,"href":"https:\/\/mon.uvic.cat\/nitrecerca\/wp-json\/wp\/v2\/media\/3607"}],"wp:attachment":[{"href":"https:\/\/mon.uvic.cat\/nitrecerca\/wp-json\/wp\/v2\/media?parent=3606"}],"curies":[{"name":"wp","href":"https:\/\/api.w.org\/{rel}","templated":true}]}}