{"id":3602,"date":"2025-10-08T11:08:08","date_gmt":"2025-10-08T09:08:08","guid":{"rendered":"https:\/\/mon.uvic.cat\/nitrecerca\/?page_id=3602"},"modified":"2025-10-09T16:27:32","modified_gmt":"2025-10-09T14:27:32","slug":"prosper","status":"publish","type":"page","link":"https:\/\/mon.uvic.cat\/nitrecerca\/prosper\/","title":{"rendered":"PROSPER"},"content":{"rendered":"<h2>Que \u00e9s PROSPER?<\/h2>\n<p>El projecte PROSPER <strong><em>\u2018Promoting Innovation for sustainable sorting and recycling of dedicated bio-based plastics&#8217;<\/em><\/strong>, en el qual participa FCC Medio Ambiente, pret\u00e9n liderar el canvi cap a la circularitat en el mercat del pl\u00e0stic bio-based.<\/p>\n<p>Actualment, els biopl\u00e0stics es consideren un substitut sostenible dels pl\u00e0stics de base f\u00f2ssil a causa dels seus or\u00edgens i en molts casos la seva biodegradabilitat o reciclabilitat mitjan\u00e7ant la despolimeritzaci\u00f3 qu\u00edmica. No obstant aix\u00f2, abans de poder reciclar-los, \u00e9s necessari poder separar-los en centres de tractament i disposar d&#8217;una infraestructura adequada per poder reintroduir els pol\u00edmers com a mat\u00e8ries primeres.<\/p>\n<p>El projecte PROSPER reuneix els diferents actors de la cadena de valor dels pl\u00e0stics biobasats: des dels grans productors d&#8217;envasos de pl\u00e0stics fins a les empreses de gesti\u00f3 de residus, des dels centres tecnol\u00f2gics fins a les empreses que desenvolupen tecnologies de classificaci\u00f3, per intentar establir les bases d&#8217;una economia circular sostenible per als pl\u00e0stics.<\/p>\n<p>PROSPER t\u00e9 com a objectiu millorar el reciclatge i la gesti\u00f3 dels pl\u00e0stics biobasats mitjan\u00e7ant el desenvolupament de pol\u00edtiques, l&#8217;an\u00e0lisi de les taxes aplicables i la quantificaci\u00f3 de les taxes de reciclatge d&#8217;aquests materials. Tamb\u00e9 demostrar\u00e0 aven\u00e7os t\u00e8cnics en el reciclatge a escala industrial i avaluar\u00e0 el potencial de mercat d&#8217;aquests productes pl\u00e0stics, tenint en compte el seu impacte ambiental i models de negoci m\u00e9s adequats.<\/p>\n<p>FCC Medio Ambiente participar\u00e0 en el projecte avaluant la viabilitat t\u00e8cnica de separar pl\u00e0stics de base biol\u00f2gica en centres de tractament de residus. Tamb\u00e9 analitzar\u00e0 l&#8217;efic\u00e0cia de la separaci\u00f3 en origen per part del p\u00fablic.<\/p>\n<p>&nbsp;<\/p>\n<p><a href=\"https:\/\/www.fccma.com\/en\/innovation\/circular-economy\/prosper\">Web del projecte\u00a0<\/a><\/p>\n","protected":false},"excerpt":{"rendered":"<p>Que \u00e9s PROSPER? El projecte PROSPER \u2018Promoting Innovation for sustainable  [&#8230;]<\/p>\n","protected":false},"author":694,"featured_media":3603,"parent":0,"menu_order":0,"comment_status":"closed","ping_status":"closed","template":"100-width.php","meta":{"footnotes":""},"class_list":["post-3602","page","type-page","status-publish","has-post-thumbnail","hentry"],"jetpack_sharing_enabled":true,"_links":{"self":[{"href":"https:\/\/mon.uvic.cat\/nitrecerca\/wp-json\/wp\/v2\/pages\/3602","targetHints":{"allow":["GET"]}}],"collection":[{"href":"https:\/\/mon.uvic.cat\/nitrecerca\/wp-json\/wp\/v2\/pages"}],"about":[{"href":"https:\/\/mon.uvic.cat\/nitrecerca\/wp-json\/wp\/v2\/types\/page"}],"author":[{"embeddable":true,"href":"https:\/\/mon.uvic.cat\/nitrecerca\/wp-json\/wp\/v2\/users\/694"}],"replies":[{"embeddable":true,"href":"https:\/\/mon.uvic.cat\/nitrecerca\/wp-json\/wp\/v2\/comments?post=3602"}],"version-history":[{"count":3,"href":"https:\/\/mon.uvic.cat\/nitrecerca\/wp-json\/wp\/v2\/pages\/3602\/revisions"}],"predecessor-version":[{"id":3691,"href":"https:\/\/mon.uvic.cat\/nitrecerca\/wp-json\/wp\/v2\/pages\/3602\/revisions\/3691"}],"wp:featuredmedia":[{"embeddable":true,"href":"https:\/\/mon.uvic.cat\/nitrecerca\/wp-json\/wp\/v2\/media\/3603"}],"wp:attachment":[{"href":"https:\/\/mon.uvic.cat\/nitrecerca\/wp-json\/wp\/v2\/media?parent=3602"}],"curies":[{"name":"wp","href":"https:\/\/api.w.org\/{rel}","templated":true}]}}