{"id":3598,"date":"2025-10-08T10:54:43","date_gmt":"2025-10-08T08:54:43","guid":{"rendered":"https:\/\/mon.uvic.cat\/nitrecerca\/?page_id=3598"},"modified":"2025-10-09T16:30:50","modified_gmt":"2025-10-09T14:30:50","slug":"sparkle","status":"publish","type":"page","link":"https:\/\/mon.uvic.cat\/nitrecerca\/sparkle\/","title":{"rendered":"SPARKLE"},"content":{"rendered":"<h2>Que \u00e9s SPARKLE?<\/h2>\n<p>Les ciutats estan a l&#8217;avantguarda de la lluita contra el canvi clim\u00e0tic. Per mitigar els impactes cada vegada m\u00e9s evidents i greus de la crisi clim\u00e0tica i contribuir a un m\u00f3n m\u00e9s sostenible i verd, necessitem ciutats ben equipades, compromeses i ambicioses.<\/p>\n<p>Les ciutats tenen el poder d&#8217;accelerar massivament la transici\u00f3 neta, per\u00f2 sovint manquen de recursos i eines. Les activitats de millora de la capacitat de SPARKLE, desenvolupades amb i per a les autoritats locals, permetran als LRA desenvolupar i implementar amb \u00e8xit els seus plans d&#8217;acci\u00f3 clim\u00e0tica.<\/p>\n<p>Tant si treballes per a una autoritat p\u00fablica, una ONG ambiental, una universitat o una iniciativa energ\u00e8tica comunit\u00e0ria, SPARKLE ofereix eines f\u00e0cils d&#8217;utilitzar, m\u00f2duls d&#8217;aprenentatge a mida i esdeveniments d&#8217;intercanvi de coneixement dissenyats per satisfer les teves necessitats espec\u00edfiques.<\/p>\n<p>Si ets un oficial o un funcionari elegit dins de les autoritats p\u00fabliques o ag\u00e8ncies d&#8217;energia i et sents aclaparat o poc equipat per navegar per la transici\u00f3 verda, has arribat al lloc correcte. SPARKLE t&#8217;ajudar\u00e0 a salvar la bretxa de coneixement amb un programa d&#8217;aprenentatge integral i d&#8217;alta qualitat i una s\u00e8rie d&#8217;escoles tem\u00e0tiques d&#8217;estiu i hivern.<\/p>\n<p>Com a responsable de pol\u00edtiques locals o regionals, SPARKLE et proporcionar\u00e0 les eines i habilitats necess\u00e0ries per desenvolupar plans energ\u00e8tics i clim\u00e0tics eficients i prendre decisions pol\u00edtiques informades.<\/p>\n<p>Ets part del m\u00f3n acad\u00e8mic? Uneix-te a nosaltres per difondre els aprenentatges del programa i promoure l&#8217;\u00fas de la plataforma d&#8217;aprenentatge de codi obert Local Transitions Learning Center i eines!<\/p>\n<p>&nbsp;<\/p>\n<p><a href=\"https:\/\/energy-cities.eu\/project\/sparkle\/\">Web del projecte\u00a0<\/a><\/p>\n","protected":false},"excerpt":{"rendered":"<p>Que \u00e9s SPARKLE? Les ciutats estan a l&#8217;avantguarda de la  [&#8230;]<\/p>\n","protected":false},"author":694,"featured_media":3599,"parent":0,"menu_order":0,"comment_status":"closed","ping_status":"closed","template":"100-width.php","meta":{"footnotes":""},"class_list":["post-3598","page","type-page","status-publish","has-post-thumbnail","hentry"],"jetpack_sharing_enabled":true,"_links":{"self":[{"href":"https:\/\/mon.uvic.cat\/nitrecerca\/wp-json\/wp\/v2\/pages\/3598","targetHints":{"allow":["GET"]}}],"collection":[{"href":"https:\/\/mon.uvic.cat\/nitrecerca\/wp-json\/wp\/v2\/pages"}],"about":[{"href":"https:\/\/mon.uvic.cat\/nitrecerca\/wp-json\/wp\/v2\/types\/page"}],"author":[{"embeddable":true,"href":"https:\/\/mon.uvic.cat\/nitrecerca\/wp-json\/wp\/v2\/users\/694"}],"replies":[{"embeddable":true,"href":"https:\/\/mon.uvic.cat\/nitrecerca\/wp-json\/wp\/v2\/comments?post=3598"}],"version-history":[{"count":3,"href":"https:\/\/mon.uvic.cat\/nitrecerca\/wp-json\/wp\/v2\/pages\/3598\/revisions"}],"predecessor-version":[{"id":3697,"href":"https:\/\/mon.uvic.cat\/nitrecerca\/wp-json\/wp\/v2\/pages\/3598\/revisions\/3697"}],"wp:featuredmedia":[{"embeddable":true,"href":"https:\/\/mon.uvic.cat\/nitrecerca\/wp-json\/wp\/v2\/media\/3599"}],"wp:attachment":[{"href":"https:\/\/mon.uvic.cat\/nitrecerca\/wp-json\/wp\/v2\/media?parent=3598"}],"curies":[{"name":"wp","href":"https:\/\/api.w.org\/{rel}","templated":true}]}}