{"id":3594,"date":"2025-10-08T10:28:22","date_gmt":"2025-10-08T08:28:22","guid":{"rendered":"https:\/\/mon.uvic.cat\/nitrecerca\/?page_id=3594"},"modified":"2025-10-09T16:26:53","modified_gmt":"2025-10-09T14:26:53","slug":"pharm-era","status":"publish","type":"page","link":"https:\/\/mon.uvic.cat\/nitrecerca\/pharm-era\/","title":{"rendered":"PHARM ERA"},"content":{"rendered":"<h2>Que \u00e9s PHARM ERA?<\/h2>\n<p>La contaminaci\u00f3 del s\u00f2l global i dels ecosistemes aqu\u00e0tics per part de f\u00e0rmacs, microorganismes resistents als antimicrobians i pat\u00f2gens \u00e9s una preocupaci\u00f3 urgent, que amena\u00e7a tant el nostre medi ambient com el benestar hum\u00e0. Amb el suport del programa Marie Sk theodowska-Curie Actions, el projecte Pharm-ERA reuneix acad\u00e8mics, actors p\u00fablics i privats, i responsables pol\u00edtics de la UE per abordar aquesta q\u00fcesti\u00f3 urgent. Amb 10 projectes de doctorat que abasten disciplines cient\u00edfiques com la qu\u00edmica ambiental, l&#8217;ecotoxicologia, l&#8217;ecologia microbiana, la biologia molecular i la modelitzaci\u00f3, Pharm-ERA busca desenvolupar solucions innovadores i millorar les t\u00e8cniques de monitoratge i l&#8217;avaluaci\u00f3 del risc ambiental. L&#8217;objectiu final \u00e9s protegir la diversitat i les funcions de la vida microbiana en els ecosistemes contaminats, alhora que es garanteix la sostenibilitat del nostre planeta i es promou la salut humana i animal.<\/p>\n<p><strong>Objectius de la Pharm-ERA<\/strong><\/p>\n<p>Pharm-ERA persegueix tres objectius principals de recerca interrelacionats estructurats en quatre paquets de treball de recerca (Wps):<\/p>\n<p>&#8211; Objectiu de recerca 1: Avaluar i predir el dest\u00ed dels f\u00e0rmacs i els seus productes de transformaci\u00f3 al llarg del continu s\u00f2l-aigua-sediment utilitzant eines in silico i enfocaments innovadors en qu\u00edmica ambiental i anal\u00edtica [WP3]<\/p>\n<p>&#8211; Objectiu de recerca 2: Investigar els efectes ecotoxicol\u00f2gics [WP4] i els riscos ambientals [WP5] dels f\u00e0rmacs i els seus productes de transformaci\u00f3 sobre el s\u00f2l i els ecosistemes aqu\u00e0tics tenint en compte els efectes en els diferents nivells d&#8217;organitzaci\u00f3 biol\u00f2gica des de les respostes moleculars primerenques als efectes de la comunitat microbiana<\/p>\n<p>&#8211; Objectiu de recerca 3: Determinar els principals impulsors de l&#8217;establiment i la difusi\u00f3 de resist\u00e8ncies i pat\u00f2gens antimicrobians al llarg del cont\u00ednuum s\u00f2l-aigua-sediment amb un enfocament espec\u00edfic en el paper de la diversitat microbiana, el cont\u00ednuum ambiental (entre compartiments connectats), la contaminaci\u00f3 farmac\u00e8utica i diversos factors ambientals (per exemple, tipus de substrat colonitzat per microorganismes aqu\u00e0tics, contingut de mat\u00e8ria org\u00e0nica en s\u00f2l i sediment, etc.)<\/p>\n<p>&nbsp;<\/p>\n<p><a href=\"https:\/\/pharm-era.hub.inrae.fr\/pharm-era\">Web del projecte\u00a0<\/a><\/p>\n","protected":false},"excerpt":{"rendered":"<p>Que \u00e9s PHARM ERA? La contaminaci\u00f3 del s\u00f2l global i  [&#8230;]<\/p>\n","protected":false},"author":694,"featured_media":3595,"parent":0,"menu_order":0,"comment_status":"closed","ping_status":"closed","template":"100-width.php","meta":{"footnotes":""},"class_list":["post-3594","page","type-page","status-publish","has-post-thumbnail","hentry"],"jetpack_sharing_enabled":true,"_links":{"self":[{"href":"https:\/\/mon.uvic.cat\/nitrecerca\/wp-json\/wp\/v2\/pages\/3594","targetHints":{"allow":["GET"]}}],"collection":[{"href":"https:\/\/mon.uvic.cat\/nitrecerca\/wp-json\/wp\/v2\/pages"}],"about":[{"href":"https:\/\/mon.uvic.cat\/nitrecerca\/wp-json\/wp\/v2\/types\/page"}],"author":[{"embeddable":true,"href":"https:\/\/mon.uvic.cat\/nitrecerca\/wp-json\/wp\/v2\/users\/694"}],"replies":[{"embeddable":true,"href":"https:\/\/mon.uvic.cat\/nitrecerca\/wp-json\/wp\/v2\/comments?post=3594"}],"version-history":[{"count":3,"href":"https:\/\/mon.uvic.cat\/nitrecerca\/wp-json\/wp\/v2\/pages\/3594\/revisions"}],"predecessor-version":[{"id":3689,"href":"https:\/\/mon.uvic.cat\/nitrecerca\/wp-json\/wp\/v2\/pages\/3594\/revisions\/3689"}],"wp:featuredmedia":[{"embeddable":true,"href":"https:\/\/mon.uvic.cat\/nitrecerca\/wp-json\/wp\/v2\/media\/3595"}],"wp:attachment":[{"href":"https:\/\/mon.uvic.cat\/nitrecerca\/wp-json\/wp\/v2\/media?parent=3594"}],"curies":[{"name":"wp","href":"https:\/\/api.w.org\/{rel}","templated":true}]}}