{"id":3589,"date":"2025-10-08T09:26:26","date_gmt":"2025-10-08T07:26:26","guid":{"rendered":"https:\/\/mon.uvic.cat\/nitrecerca\/?page_id=3589"},"modified":"2025-10-09T16:30:38","modified_gmt":"2025-10-09T14:30:38","slug":"transponder","status":"publish","type":"page","link":"https:\/\/mon.uvic.cat\/nitrecerca\/transponder\/","title":{"rendered":"TRANSPONDER"},"content":{"rendered":"<h2>Que \u00e9s TRANSPONDER?<\/h2>\n<p><strong>Transnational biodiversity and ecosystem assessment approaches for pondscapes in Europe.\u00a0<\/strong><\/p>\n<p>Els estanys permanents i temporals s\u00f3n cada vegada m\u00e9s reconeguts com a h\u00e0bitats clau per al subministrament i protecci\u00f3 de la biodiversitat d&#8217;aigua dol\u00e7a. No obstant aix\u00f2, se&#8217;ls ignora en gran manera en les pol\u00edtiques i estrat\u00e8gies nacionals i de la UE relacionades amb l&#8217;aigua i la naturalesa i no s&#8217;inclouen en la majoria dels programes de monitoratge d&#8217;aigua dol\u00e7a. La nostra capacitat per a avaluar l&#8217;estat de la biodiversitat i la din\u00e0mica dels estanys est\u00e0 obstaculitzada per la falta d&#8217;un protocol estandarditzat per a monitorar la biodiversitat dels estanys. Per a millorar la nostra capacitat de monitorar la biodiversitat en aquest valu\u00f3s ecosistema poc estudiat, TRANSPONDER es proposa desenvolupar un protocol de monitoratge per a estanys i paisatges d&#8217;estanys que es caracteritza per (i) un alt grau d&#8217;estandarditzaci\u00f3 i al mateix temps aplicable a diferents tipus d&#8217;estanys i diferents zones clim\u00e0tiques i contextos d&#8217;\u00fas de la terra; (ii) cobertura de variables tant abi\u00f2tiques com de biodiversitat en diferents grups taxon\u00f2mics clau que capturen diferents aspectes de la biota i el funcionament dels estanys i la seva relaci\u00f3 amb el paisatge terrestre i altres impulsors de la biodiversitat; (iii) cobertura de la diversitat taxon\u00f2mica, funcional (que proporciona un resum sint\u00e8tic vinculat al funcionament de l&#8217;ecosistema) i gen\u00e8tica (que reflecteix el potencial evolutiu, tant en zoopl\u00e0ncton com en macr\u00f3fitos); (iv) un alt nivell d&#8217;automatitzaci\u00f3 (sensors, DNAe, identificaci\u00f3 assistida per intel\u00b7lig\u00e8ncia artificial de zoopl\u00e0ncton i macroinvertebrats, teledetecci\u00f3) que permetr\u00e0 un mostreig efica\u00e7 en temps i recursos, la qual cosa possibilitar\u00e0 una cobertura m\u00e9s \u00e0mplia. A m\u00e9s del desenvolupament del protocol de monitoratge, col\u00b7laborarem amb diferents grups de parts interessades per a (a) explorar interessos per a aplicar el monitoratge d&#8217;estanys i la incorporaci\u00f3 d&#8217;estanys i paisatges d&#8217;estanys en pol\u00edtiques i activitats de monitoratge; (b) desenvolupar conjuntament els protocols de seguiment per a facilitar la seva adopci\u00f3 i implementaci\u00f3 per part de diferents actors; i (c) simplificar els protocols de monitoratge perqu\u00e8 siguin susceptibles de monitoratge intervingut pels ciutadans, la qual cosa permetr\u00e0 una major expansi\u00f3 de l&#8217;abast del monitoratge. El llegat de\u00a0TRANSPONDER\u00a0ser\u00e0 un enfocament de monitoratge aplicable a nivell transnacional que faciliti l&#8217;obtenci\u00f3 de les din\u00e0miques de la biodiversitat en estanys i paisatges d&#8217;estanys, que s\u00f3n un h\u00e0bitat fins ara molt descurat per\u00f2 molt com\u00fa amb gran import\u00e0ncia per al manteniment de la biodiversitat a nivell del paisatge. Adoptem un enfocament integrat que tamb\u00e9 inclou la diversitat gen\u00e8tica i funcional, at\u00e8s que aquesta perspectiva integrada \u00e9s molt necess\u00e0ria si pretenem mantenir la biodiversitat i la resili\u00e8ncia dels ecosistemes a llarg termini. Els resultats clau de\u00a0TRANSPONDER\u00a0tamb\u00e9 seran protocols provats i simplificats per al monitoratge i la teledetecci\u00f3 impulsats \u200b\u200bpels ciutadans, i una major consci\u00e8ncia entre les parts interessades, els responsables pol\u00edtics i les xarxes de diversitat d&#8217;aigua dol\u00e7a sobre la import\u00e0ncia d&#8217;incloure estanys a les seves avaluacions.<\/p>\n<p>&nbsp;<\/p>\n<p><a href=\"https:\/\/www.biodiversa.eu\/2024\/04\/15\/transponder\/\">Web del projecte\u00a0<\/a><\/p>\n","protected":false},"excerpt":{"rendered":"<p>Que \u00e9s TRANSPONDER? Transnational biodiversity and ecosystem assessment approaches for  [&#8230;]<\/p>\n","protected":false},"author":694,"featured_media":3590,"parent":0,"menu_order":0,"comment_status":"closed","ping_status":"closed","template":"100-width.php","meta":{"footnotes":""},"class_list":["post-3589","page","type-page","status-publish","has-post-thumbnail","hentry"],"jetpack_sharing_enabled":true,"_links":{"self":[{"href":"https:\/\/mon.uvic.cat\/nitrecerca\/wp-json\/wp\/v2\/pages\/3589","targetHints":{"allow":["GET"]}}],"collection":[{"href":"https:\/\/mon.uvic.cat\/nitrecerca\/wp-json\/wp\/v2\/pages"}],"about":[{"href":"https:\/\/mon.uvic.cat\/nitrecerca\/wp-json\/wp\/v2\/types\/page"}],"author":[{"embeddable":true,"href":"https:\/\/mon.uvic.cat\/nitrecerca\/wp-json\/wp\/v2\/users\/694"}],"replies":[{"embeddable":true,"href":"https:\/\/mon.uvic.cat\/nitrecerca\/wp-json\/wp\/v2\/comments?post=3589"}],"version-history":[{"count":3,"href":"https:\/\/mon.uvic.cat\/nitrecerca\/wp-json\/wp\/v2\/pages\/3589\/revisions"}],"predecessor-version":[{"id":3696,"href":"https:\/\/mon.uvic.cat\/nitrecerca\/wp-json\/wp\/v2\/pages\/3589\/revisions\/3696"}],"wp:featuredmedia":[{"embeddable":true,"href":"https:\/\/mon.uvic.cat\/nitrecerca\/wp-json\/wp\/v2\/media\/3590"}],"wp:attachment":[{"href":"https:\/\/mon.uvic.cat\/nitrecerca\/wp-json\/wp\/v2\/media?parent=3589"}],"curies":[{"name":"wp","href":"https:\/\/api.w.org\/{rel}","templated":true}]}}