{"id":3580,"date":"2025-10-07T17:32:36","date_gmt":"2025-10-07T15:32:36","guid":{"rendered":"https:\/\/mon.uvic.cat\/nitrecerca\/?page_id=3580"},"modified":"2025-10-09T16:28:51","modified_gmt":"2025-10-09T14:28:51","slug":"runfaster4eu","status":"publish","type":"page","link":"https:\/\/mon.uvic.cat\/nitrecerca\/runfaster4eu\/","title":{"rendered":"RUNFASTER4EU"},"content":{"rendered":"<h2>Que \u00e9s RunFaster4EU?<\/h2>\n<p>RUNFASTER4EU demostrar\u00e0 la sostenibilitat i replicabilitat a escala industrial d&#8217;una nova cadena de valor centrada en el cultiu a gran escala de cultius petrol\u00edfers en terres marginals, evitant la compet\u00e8ncia amb aliments o pinsos. Aquests cultius proporcionaran olis vegetals i biomassa residual per a productes d&#8217;alt valor biol\u00f2gic en un enfocament en cascada.<\/p>\n<p>El projecte potenciar\u00e0 les cadenes de valor basades en bio, prioritzant la salut del s\u00f2l i el segrest de carboni, actualitzar\u00e0 dues plantes ins\u00edgnia a It\u00e0lia (Matrica \u2013 Porto Torres, Versalis \u2013 Crescentino) i realitzar\u00e0 cultius a gran escala, validant pr\u00e0ctiques agron\u00f2miques innovadores amb la participaci\u00f3 dels agricultors.<\/p>\n<p>&nbsp;<\/p>\n<p><a href=\"https:\/\/runfaster4eu.eu\/\">Web del projecte\u00a0<\/a><\/p>\n","protected":false},"excerpt":{"rendered":"<p>Que \u00e9s RunFaster4EU? RUNFASTER4EU demostrar\u00e0 la sostenibilitat i replicabilitat a  [&#8230;]<\/p>\n","protected":false},"author":694,"featured_media":3583,"parent":0,"menu_order":0,"comment_status":"closed","ping_status":"closed","template":"100-width.php","meta":{"footnotes":""},"class_list":["post-3580","page","type-page","status-publish","has-post-thumbnail","hentry"],"jetpack_sharing_enabled":true,"_links":{"self":[{"href":"https:\/\/mon.uvic.cat\/nitrecerca\/wp-json\/wp\/v2\/pages\/3580","targetHints":{"allow":["GET"]}}],"collection":[{"href":"https:\/\/mon.uvic.cat\/nitrecerca\/wp-json\/wp\/v2\/pages"}],"about":[{"href":"https:\/\/mon.uvic.cat\/nitrecerca\/wp-json\/wp\/v2\/types\/page"}],"author":[{"embeddable":true,"href":"https:\/\/mon.uvic.cat\/nitrecerca\/wp-json\/wp\/v2\/users\/694"}],"replies":[{"embeddable":true,"href":"https:\/\/mon.uvic.cat\/nitrecerca\/wp-json\/wp\/v2\/comments?post=3580"}],"version-history":[{"count":5,"href":"https:\/\/mon.uvic.cat\/nitrecerca\/wp-json\/wp\/v2\/pages\/3580\/revisions"}],"predecessor-version":[{"id":3693,"href":"https:\/\/mon.uvic.cat\/nitrecerca\/wp-json\/wp\/v2\/pages\/3580\/revisions\/3693"}],"wp:featuredmedia":[{"embeddable":true,"href":"https:\/\/mon.uvic.cat\/nitrecerca\/wp-json\/wp\/v2\/media\/3583"}],"wp:attachment":[{"href":"https:\/\/mon.uvic.cat\/nitrecerca\/wp-json\/wp\/v2\/media?parent=3580"}],"curies":[{"name":"wp","href":"https:\/\/api.w.org\/{rel}","templated":true}]}}