{"id":3574,"date":"2025-10-07T17:07:01","date_gmt":"2025-10-07T15:07:01","guid":{"rendered":"https:\/\/mon.uvic.cat\/nitrecerca\/?page_id=3574"},"modified":"2025-10-09T16:23:36","modified_gmt":"2025-10-09T14:23:36","slug":"css-boost","status":"publish","type":"page","link":"https:\/\/mon.uvic.cat\/nitrecerca\/css-boost\/","title":{"rendered":"CSS BOOST"},"content":{"rendered":"<h2>Que \u00e9s CSS BOOST?<\/h2>\n<p>A CSSBoost, combinem solucions digitals d&#8217;avantguarda amb principis circulars i innovaci\u00f3 social per superar les barreres sist\u00e8miques, fomentar la mobilitzaci\u00f3 dels grups d&#8217;inter\u00e8s i crear un marc replicable i sostenible per a les solucions sistem\u00e0tiques circulars a tot Europa.<\/p>\n<p>Es van desenvolupar solucions sistem\u00e0tiques circulars integrades en cinc casos pilot. Les nostres solucions abasten sectors com l&#8217;alimentaci\u00f3, l&#8217;aigua, els pl\u00e0stics i la mobilitat. Tamb\u00e9 donem suport a la col\u00b7laboraci\u00f3 transfronterera i la participaci\u00f3 ciutadana a trav\u00e9s d&#8217;una an\u00e0lisi de casos a nivell nacional i europeu.<\/p>\n<p>L&#8217;element clau en el nostre enfocament \u00e9s el CSSBooster, un sistema ciberf\u00edsic per monitoritzar, virtualitzar i gestionar els ecosistemes circulars al llarg del seu cicle de vida. El CSSBooster treballa a diferents nivells i amb diferents objectius: involucrant actors diferents i diversos, mapejant, analitzant i avaluant diverses cadenes de valor, i analitzant diferents esquemes de governan\u00e7a.<\/p>\n<p>L&#8217;objectiu final \u00e9s donar suport a l&#8217;emerg\u00e8ncia d&#8217;ecosistemes circulars reals i en funcionament en el marc de les condicions de mercat regionals i de la UE en cont\u00ednua evoluci\u00f3. Aprofitem el coneixement de l&#8217;Economia Circular i donem suport a l&#8217;Economia Circular Negocis i actors per crear valor econ\u00f2mic i social a trav\u00e9s de solucions a mida.<\/p>\n<p>&nbsp;<\/p>\n<p><a href=\"https:\/\/cssboost-project.eu\/\">Web del projecte\u00a0<\/a><\/p>\n","protected":false},"excerpt":{"rendered":"<p>Que \u00e9s CSS BOOST? A CSSBoost, combinem solucions digitals d&#8217;avantguarda  [&#8230;]<\/p>\n","protected":false},"author":694,"featured_media":3575,"parent":0,"menu_order":0,"comment_status":"closed","ping_status":"closed","template":"100-width.php","meta":{"footnotes":""},"class_list":["post-3574","page","type-page","status-publish","has-post-thumbnail","hentry"],"jetpack_sharing_enabled":true,"_links":{"self":[{"href":"https:\/\/mon.uvic.cat\/nitrecerca\/wp-json\/wp\/v2\/pages\/3574","targetHints":{"allow":["GET"]}}],"collection":[{"href":"https:\/\/mon.uvic.cat\/nitrecerca\/wp-json\/wp\/v2\/pages"}],"about":[{"href":"https:\/\/mon.uvic.cat\/nitrecerca\/wp-json\/wp\/v2\/types\/page"}],"author":[{"embeddable":true,"href":"https:\/\/mon.uvic.cat\/nitrecerca\/wp-json\/wp\/v2\/users\/694"}],"replies":[{"embeddable":true,"href":"https:\/\/mon.uvic.cat\/nitrecerca\/wp-json\/wp\/v2\/comments?post=3574"}],"version-history":[{"count":6,"href":"https:\/\/mon.uvic.cat\/nitrecerca\/wp-json\/wp\/v2\/pages\/3574\/revisions"}],"predecessor-version":[{"id":3682,"href":"https:\/\/mon.uvic.cat\/nitrecerca\/wp-json\/wp\/v2\/pages\/3574\/revisions\/3682"}],"wp:featuredmedia":[{"embeddable":true,"href":"https:\/\/mon.uvic.cat\/nitrecerca\/wp-json\/wp\/v2\/media\/3575"}],"wp:attachment":[{"href":"https:\/\/mon.uvic.cat\/nitrecerca\/wp-json\/wp\/v2\/media?parent=3574"}],"curies":[{"name":"wp","href":"https:\/\/api.w.org\/{rel}","templated":true}]}}