{"id":3570,"date":"2025-10-07T16:41:18","date_gmt":"2025-10-07T14:41:18","guid":{"rendered":"https:\/\/mon.uvic.cat\/nitrecerca\/?page_id=3570"},"modified":"2025-10-09T16:25:10","modified_gmt":"2025-10-09T14:25:10","slug":"known-n-cheese","status":"publish","type":"page","link":"https:\/\/mon.uvic.cat\/nitrecerca\/known-n-cheese\/","title":{"rendered":"Known N Cheese"},"content":{"rendered":"<h2>Que \u00e9s Known N Cheese?<\/h2>\n<p>Know\u00a0N\u00a0Cheese\u00a0\u00e9s un projecte emmarcat dins del programa europeu\u00a0Interreg\u00a0POCTEFA\u00a02021-2027 que busca augmentar la competitivitat de micropimes i PIMES del sector lacti i formatger tradicional de la zona nord i sud del Pirineu mitjan\u00e7ant la generaci\u00f3 de nou coneixement per a capacitar al sector i sensibilitzar als consumidors sobre la sostenibilitat social i mediambiental d&#8217;aquestes produccions.<\/p>\n<p>A m\u00e9s, es realitzaran accions que permetin identificar la mesura en qu\u00e8 la producci\u00f3 i transformaci\u00f3 de lactis baix diferents sistemes de producci\u00f3 contribueixen al canvi clim\u00e0tic.<\/p>\n","protected":false},"excerpt":{"rendered":"<p>Que \u00e9s Known N Cheese? Know\u00a0N\u00a0Cheese\u00a0\u00e9s un projecte emmarcat dins  [&#8230;]<\/p>\n","protected":false},"author":694,"featured_media":3571,"parent":0,"menu_order":0,"comment_status":"closed","ping_status":"closed","template":"100-width.php","meta":{"footnotes":""},"class_list":["post-3570","page","type-page","status-publish","has-post-thumbnail","hentry"],"jetpack_sharing_enabled":true,"_links":{"self":[{"href":"https:\/\/mon.uvic.cat\/nitrecerca\/wp-json\/wp\/v2\/pages\/3570","targetHints":{"allow":["GET"]}}],"collection":[{"href":"https:\/\/mon.uvic.cat\/nitrecerca\/wp-json\/wp\/v2\/pages"}],"about":[{"href":"https:\/\/mon.uvic.cat\/nitrecerca\/wp-json\/wp\/v2\/types\/page"}],"author":[{"embeddable":true,"href":"https:\/\/mon.uvic.cat\/nitrecerca\/wp-json\/wp\/v2\/users\/694"}],"replies":[{"embeddable":true,"href":"https:\/\/mon.uvic.cat\/nitrecerca\/wp-json\/wp\/v2\/comments?post=3570"}],"version-history":[{"count":3,"href":"https:\/\/mon.uvic.cat\/nitrecerca\/wp-json\/wp\/v2\/pages\/3570\/revisions"}],"predecessor-version":[{"id":3685,"href":"https:\/\/mon.uvic.cat\/nitrecerca\/wp-json\/wp\/v2\/pages\/3570\/revisions\/3685"}],"wp:featuredmedia":[{"embeddable":true,"href":"https:\/\/mon.uvic.cat\/nitrecerca\/wp-json\/wp\/v2\/media\/3571"}],"wp:attachment":[{"href":"https:\/\/mon.uvic.cat\/nitrecerca\/wp-json\/wp\/v2\/media?parent=3570"}],"curies":[{"name":"wp","href":"https:\/\/api.w.org\/{rel}","templated":true}]}}