{"id":3561,"date":"2025-10-07T16:18:40","date_gmt":"2025-10-07T14:18:40","guid":{"rendered":"https:\/\/mon.uvic.cat\/nitrecerca\/?page_id=3561"},"modified":"2025-10-09T16:24:18","modified_gmt":"2025-10-09T14:24:18","slug":"evecsa","status":"publish","type":"page","link":"https:\/\/mon.uvic.cat\/nitrecerca\/evecsa\/","title":{"rendered":"EVECSA"},"content":{"rendered":"<h2>Que \u00e9s EVECSA?<\/h2>\n<p>El projecte EVECSA capacita els professionals agr\u00edcoles europeus per implementar solucions clim\u00e0tiques intel\u00b7ligents a trav\u00e9s de l&#8217;agricultura intel\u00b7ligent clim\u00e0tica (ACS).<\/p>\n<p>En fomentar la col\u00b7laboraci\u00f3 regional i transfronterera, EVECSA millora el paper de l&#8217;educaci\u00f3 professional en la configuraci\u00f3 de les pol\u00edtiques i pr\u00e0ctiques agr\u00edcoles sostenibles, garantint la seguretat aliment\u00e0ria, la creaci\u00f3 d&#8217;ocupaci\u00f3 i el benestar per a tothom.<\/p>\n<p><a href=\"https:\/\/climatesmart4agri.eu\/\">Web del projecte\u00a0<\/a><\/p>\n","protected":false},"excerpt":{"rendered":"<p>Que \u00e9s EVECSA? El projecte EVECSA capacita els professionals agr\u00edcoles  [&#8230;]<\/p>\n","protected":false},"author":694,"featured_media":3562,"parent":0,"menu_order":0,"comment_status":"closed","ping_status":"closed","template":"100-width.php","meta":{"footnotes":""},"class_list":["post-3561","page","type-page","status-publish","has-post-thumbnail","hentry"],"jetpack_sharing_enabled":true,"_links":{"self":[{"href":"https:\/\/mon.uvic.cat\/nitrecerca\/wp-json\/wp\/v2\/pages\/3561","targetHints":{"allow":["GET"]}}],"collection":[{"href":"https:\/\/mon.uvic.cat\/nitrecerca\/wp-json\/wp\/v2\/pages"}],"about":[{"href":"https:\/\/mon.uvic.cat\/nitrecerca\/wp-json\/wp\/v2\/types\/page"}],"author":[{"embeddable":true,"href":"https:\/\/mon.uvic.cat\/nitrecerca\/wp-json\/wp\/v2\/users\/694"}],"replies":[{"embeddable":true,"href":"https:\/\/mon.uvic.cat\/nitrecerca\/wp-json\/wp\/v2\/comments?post=3561"}],"version-history":[{"count":3,"href":"https:\/\/mon.uvic.cat\/nitrecerca\/wp-json\/wp\/v2\/pages\/3561\/revisions"}],"predecessor-version":[{"id":3683,"href":"https:\/\/mon.uvic.cat\/nitrecerca\/wp-json\/wp\/v2\/pages\/3561\/revisions\/3683"}],"wp:featuredmedia":[{"embeddable":true,"href":"https:\/\/mon.uvic.cat\/nitrecerca\/wp-json\/wp\/v2\/media\/3562"}],"wp:attachment":[{"href":"https:\/\/mon.uvic.cat\/nitrecerca\/wp-json\/wp\/v2\/media?parent=3561"}],"curies":[{"name":"wp","href":"https:\/\/api.w.org\/{rel}","templated":true}]}}