{"id":3541,"date":"2025-10-07T14:07:39","date_gmt":"2025-10-07T12:07:39","guid":{"rendered":"https:\/\/mon.uvic.cat\/nitrecerca\/?page_id=3541"},"modified":"2025-10-07T14:13:46","modified_gmt":"2025-10-07T12:13:46","slug":"interhed","status":"publish","type":"page","link":"https:\/\/mon.uvic.cat\/nitrecerca\/interhed\/","title":{"rendered":"InterHEd"},"content":{"rendered":"<p><b>InterHEd<\/b>,\u00a0<b>Intersectionality in Higher Education<\/b>\u00a0\u00e9s un projecte<span class=\"NormalTextRun SCXW214817355 BCX0\">\u00a0Erasmus+\u00a0<\/span>que t\u00e9 com a objectiu abordar els reptes relacionats amb la inclusi\u00f3 i la diversitat a les institucions d\u2019educaci\u00f3 superior partint d\u2019un enfocament interseccional. La interseccionalitat \u00e9s una proposta te\u00f2rica i conceptual que suposa un abordatge m\u00e9s complex de les desigualtats. Fa refer\u00e8ncia a la comprensi\u00f3 de la manera en qu\u00e8 m\u00faltiples eixos de desigualtat (com el g\u00e8nere, l\u2019orientaci\u00f3 sexual, la diversitat funcional, l\u2019origen \u00e8tnic, etc.) interactuen generant experi\u00e8ncies \u00faniques de discriminaci\u00f3 i exclusi\u00f3 en un context determinat.<\/p>\n<p>Caracter\u00edstiques del projecte.<\/p>\n<ul>\n<li>El projecte cerca aplicar la interseccionalitat a l\u2019Educaci\u00f3 Superior m\u00e9s enll\u00e0 d\u2019una l\u00f2gica additiva: parant atenci\u00f3 no nom\u00e9s a les desigualtats que se sumen sin\u00f3 a com interaccionen a l\u2019aula.<\/li>\n<li>InterHEd emplena un buit te\u00f2ric i pr\u00e0ctic pel que fa a la necessitat de recursos pedag\u00f2gics per professorat i alumnat en relaci\u00f3 a l\u2019abordatge d\u2019experi\u00e8ncies de desigualtat espec\u00edfiques a l\u2019Educaci\u00f3 Superior.<\/li>\n<li>La iniciativa cerca generar materials pedag\u00f2gics d\u2019acc\u00e9s obert adaptables a contextos educatius espec\u00edfics.<\/li>\n<li>InterHEd cerca abordar les desigualtats a l\u2019Educaci\u00f3 Superior de manera concreta: als plans d\u2019estudi, a la pedagogia i metodologia docent, a l\u2019avaluaci\u00f3; a les tutories o espais d\u2019acompanyament individual i als entorns d\u2019aprenentatge en general (espai f\u00edsic, campus virtual, etc.).<\/li>\n<li>InterHEd es nodreix i interrelaciona l\u2019experi\u00e8ncia dels membres del partenariat en l\u2019abordatge interseccional de la desigualtat en pol\u00edtiques p\u00fabliques educatives.<\/li>\n<\/ul>\n<p><a href=\"https:\/\/mon.uvic.cat\/interhed\/ca\/\">P\u00e0gina web del projecte<\/a><\/p>\n","protected":false},"excerpt":{"rendered":"<p>InterHEd,\u00a0Intersectionality in Higher Education\u00a0\u00e9s un projecte\u00a0Erasmus+\u00a0que t\u00e9 com a objectiu  [&#8230;]<\/p>\n","protected":false},"author":711,"featured_media":3542,"parent":0,"menu_order":0,"comment_status":"closed","ping_status":"closed","template":"100-width.php","meta":{"footnotes":""},"class_list":["post-3541","page","type-page","status-publish","has-post-thumbnail","hentry"],"jetpack_sharing_enabled":true,"_links":{"self":[{"href":"https:\/\/mon.uvic.cat\/nitrecerca\/wp-json\/wp\/v2\/pages\/3541","targetHints":{"allow":["GET"]}}],"collection":[{"href":"https:\/\/mon.uvic.cat\/nitrecerca\/wp-json\/wp\/v2\/pages"}],"about":[{"href":"https:\/\/mon.uvic.cat\/nitrecerca\/wp-json\/wp\/v2\/types\/page"}],"author":[{"embeddable":true,"href":"https:\/\/mon.uvic.cat\/nitrecerca\/wp-json\/wp\/v2\/users\/711"}],"replies":[{"embeddable":true,"href":"https:\/\/mon.uvic.cat\/nitrecerca\/wp-json\/wp\/v2\/comments?post=3541"}],"version-history":[{"count":3,"href":"https:\/\/mon.uvic.cat\/nitrecerca\/wp-json\/wp\/v2\/pages\/3541\/revisions"}],"predecessor-version":[{"id":3549,"href":"https:\/\/mon.uvic.cat\/nitrecerca\/wp-json\/wp\/v2\/pages\/3541\/revisions\/3549"}],"wp:featuredmedia":[{"embeddable":true,"href":"https:\/\/mon.uvic.cat\/nitrecerca\/wp-json\/wp\/v2\/media\/3542"}],"wp:attachment":[{"href":"https:\/\/mon.uvic.cat\/nitrecerca\/wp-json\/wp\/v2\/media?parent=3541"}],"curies":[{"name":"wp","href":"https:\/\/api.w.org\/{rel}","templated":true}]}}