{"id":3087,"date":"2024-09-12T12:04:26","date_gmt":"2024-09-12T10:04:26","guid":{"rendered":"https:\/\/mon.uvic.cat\/nitrecerca\/?page_id=3087"},"modified":"2025-09-04T08:50:08","modified_gmt":"2025-09-04T06:50:08","slug":"nit-educat","status":"publish","type":"page","link":"https:\/\/mon.uvic.cat\/nitrecerca\/nit-educat\/","title":{"rendered":"Nit EduCat"},"content":{"rendered":"<p><div class=\"fusion-fullwidth fullwidth-box fusion-builder-row-1 fusion-flex-container has-pattern-background has-mask-background fusion-parallax-none nonhundred-percent-fullwidth non-hundred-percent-height-scrolling\" style=\"--awb-border-radius-top-left:0px;--awb-border-radius-top-right:0px;--awb-border-radius-bottom-right:0px;--awb-border-radius-bottom-left:0px;--awb-padding-right:21px;--awb-margin-top:-40PX;--awb-background-image:url(&quot;http:\/\/mon.uvic.cat\/nitrecerca\/files\/2024\/05\/Captura-de-pantalla-2024-05-28-133538.png&quot;);--awb-background-size:cover;--awb-flex-wrap:wrap;\" ><div class=\"fusion-builder-row fusion-row fusion-flex-align-items-flex-start fusion-flex-justify-content-center fusion-flex-content-wrap\" style=\"max-width:1248px;margin-left: calc(-4% \/ 2 );margin-right: calc(-4% \/ 2 );\"><div class=\"fusion-layout-column fusion_builder_column fusion-builder-column-0 fusion_builder_column_1_1 1_1 fusion-flex-column\" style=\"--awb-bg-size:cover;--awb-width-large:100%;--awb-margin-top-large:0px;--awb-spacing-right-large:1.92%;--awb-margin-bottom-large:10px;--awb-spacing-left-large:1.92%;--awb-width-medium:100%;--awb-order-medium:0;--awb-spacing-right-medium:1.92%;--awb-spacing-left-medium:1.92%;--awb-width-small:100%;--awb-order-small:0;--awb-spacing-right-small:1.92%;--awb-spacing-left-small:1.92%;\" data-scroll-devices=\"small-visibility,medium-visibility,large-visibility\"><div class=\"fusion-column-wrapper fusion-column-has-shadow fusion-flex-justify-content-flex-start fusion-content-layout-column\"><div class=\"fusion-separator fusion-full-width-sep\" style=\"align-self: center;margin-left: auto;margin-right: auto;width:100%;\"><div class=\"fusion-separator-border sep-double\" style=\"--awb-height:20px;--awb-amount:20px;border-color:var(--awb-color3);border-top-width:0px;border-bottom-width:0px;\"><\/div><\/div><div class=\"fusion-title title fusion-title-1 fusion-sep-none fusion-title-center fusion-title-text fusion-title-size-one\" style=\"--awb-text-color:#ffffff;--awb-margin-top:30px;--awb-margin-top-small:10px;--awb-margin-right-small:0px;--awb-margin-bottom-small:10px;--awb-margin-left-small:0px;\"><h1 class=\"fusion-title-heading title-heading-center fusion-responsive-typography-calculated\" style=\"font-family:&quot;Inter&quot;;font-style:normal;font-weight:400;margin:0;--fontSize:48;line-height:1.16;\">NIT EDUCAT<\/h1><\/div><\/div><\/div><\/div><\/div><div class=\"fusion-fullwidth fullwidth-box fusion-builder-row-2 fusion-flex-container has-pattern-background has-mask-background nonhundred-percent-fullwidth non-hundred-percent-height-scrolling\" style=\"--awb-border-radius-top-left:0px;--awb-border-radius-top-right:0px;--awb-border-radius-bottom-right:0px;--awb-border-radius-bottom-left:0px;--awb-margin-top:40PX;--awb-flex-wrap:wrap;\" ><div class=\"fusion-builder-row fusion-row fusion-flex-align-items-flex-start fusion-flex-content-wrap\" style=\"max-width:1248px;margin-left: calc(-4% \/ 2 );margin-right: calc(-4% \/ 2 );\"><div class=\"fusion-layout-column fusion_builder_column fusion-builder-column-1 fusion_builder_column_1_1 1_1 fusion-flex-column\" style=\"--awb-bg-size:cover;--awb-width-large:100%;--awb-margin-top-large:0px;--awb-spacing-right-large:1.92%;--awb-margin-bottom-large:20px;--awb-spacing-left-large:1.92%;--awb-width-medium:100%;--awb-order-medium:0;--awb-spacing-right-medium:1.92%;--awb-spacing-left-medium:1.92%;--awb-width-small:100%;--awb-order-small:0;--awb-spacing-right-small:1.92%;--awb-spacing-left-small:1.92%;\"><div class=\"fusion-column-wrapper fusion-column-has-shadow fusion-flex-justify-content-flex-start fusion-content-layout-column\"><div class=\"fusion-text fusion-text-1\"><p>Per tercer any la Nit de la Recerca far\u00e0 un \u00e8mfasi especial per apropar la recerca als centres educatius de prim\u00e0ria i de secund\u00e0ria. La participaci\u00f3 de centres educatius en la Nit de la Recerca permet:<\/p>\n<ul>\n<li>Fer arribar la ci\u00e8ncia a targets poc habituals: alumnat, fam\u00edlies i entitats comunit\u00e0ries vinculades a centres educatius.<\/li>\n<li>Promoure vocacions cient\u00edfiques entre l\u2019alumnat involucrant-nos en projectes reals de recerca i motivant-los a explorar i innovar a partir de la ci\u00e8ncia en la pr\u00e0ctica.<\/li>\n<li>Fomentar els valors i compet\u00e8ncies de la recerca i la cultura cient\u00edfica entre els mestres de les escoles de prim\u00e0ria i secund\u00e0ria.<\/li>\n<\/ul>\n<p>Aquest any prop d\u2019una una vintena de centres educatius del programa \u201c<a href=\"https:\/\/magnet.cat\/\">Magnet. Aliances per a l\u2019\u00e8xit educatiu<\/a>\u201d, impulsat pel Departament d\u2019Educaci\u00f3, la\u00a0<a href=\"https:\/\/fundaciobofill.cat\/\">Fundaci\u00f3 Jaume Bofill<\/a> i l\u2019ICE-UAB, organitzaran activitats als seus municipis en col\u00b7laboraci\u00f3 amb equips de recerca de diferents institucions, en les que s\u2019implicaran l\u2019alumnat, les fam\u00edlies i el ve\u00efnat.\u00a0A m\u00e9s, durant tot el curs escolar, es desenvoluparan quinze projectes de recerca en diferents escoles i instituts, deu dels quals impulsats per la Fundaci\u00f3 Jaume Bofill en centres educatius Magnet, i cinc d\u2019altres entitats del consorci coordinador de la Nit de la Recerca.<\/p>\n<p>A la Catalunya Central, el CERM-UVic-UCC continuar\u00e0 participant amb l&#8217;Institut del Ter amb un projecte d&#8217;investigaci\u00f3 similar al desenvolupat durant la <a href=\"https:\/\/mon.uvic.cat\/cerm\/podria-ser-cert-que-bevem-el-pipi-dels-nostres-veins-els-alumnes-de-linstitut-del-ter-collaboren-amb-investigadors-del-cerm-uvic-per-esbrinar-ho\/\">Nit de la Recerca 2023<\/a>.<\/p>\n<\/div><\/div><\/div><\/div><\/div><\/p>\n","protected":false},"excerpt":{"rendered":"","protected":false},"author":663,"featured_media":0,"parent":0,"menu_order":0,"comment_status":"closed","ping_status":"closed","template":"","meta":{"footnotes":""},"class_list":["post-3087","page","type-page","status-publish","hentry"],"jetpack_sharing_enabled":true,"_links":{"self":[{"href":"https:\/\/mon.uvic.cat\/nitrecerca\/wp-json\/wp\/v2\/pages\/3087","targetHints":{"allow":["GET"]}}],"collection":[{"href":"https:\/\/mon.uvic.cat\/nitrecerca\/wp-json\/wp\/v2\/pages"}],"about":[{"href":"https:\/\/mon.uvic.cat\/nitrecerca\/wp-json\/wp\/v2\/types\/page"}],"author":[{"embeddable":true,"href":"https:\/\/mon.uvic.cat\/nitrecerca\/wp-json\/wp\/v2\/users\/663"}],"replies":[{"embeddable":true,"href":"https:\/\/mon.uvic.cat\/nitrecerca\/wp-json\/wp\/v2\/comments?post=3087"}],"version-history":[{"count":4,"href":"https:\/\/mon.uvic.cat\/nitrecerca\/wp-json\/wp\/v2\/pages\/3087\/revisions"}],"predecessor-version":[{"id":3384,"href":"https:\/\/mon.uvic.cat\/nitrecerca\/wp-json\/wp\/v2\/pages\/3087\/revisions\/3384"}],"wp:attachment":[{"href":"https:\/\/mon.uvic.cat\/nitrecerca\/wp-json\/wp\/v2\/media?parent=3087"}],"curies":[{"name":"wp","href":"https:\/\/api.w.org\/{rel}","templated":true}]}}