{"id":3052,"date":"2024-09-06T13:57:17","date_gmt":"2024-09-06T11:57:17","guid":{"rendered":"https:\/\/mon.uvic.cat\/nitrecerca\/?page_id=3052"},"modified":"2024-09-06T13:57:17","modified_gmt":"2024-09-06T11:57:17","slug":"cornerstone","status":"publish","type":"page","link":"https:\/\/mon.uvic.cat\/nitrecerca\/cornerstone\/","title":{"rendered":"CORNERSTONE"},"content":{"rendered":"<h3>Qu\u00e8 \u00e9s CORNERSTONE?<\/h3>\n<p><a href=\"http:\/\/mon.uvic.cat\/nitrecerca\/files\/2024\/09\/logo-CORNERSTONE.jpg\"><img decoding=\"async\" class=\"alignright wp-image-3053\" src=\"http:\/\/mon.uvic.cat\/nitrecerca\/files\/2024\/09\/logo-CORNERSTONE.jpg\" alt=\"\" width=\"277\" height=\"156\" \/><\/a>El projecte pret\u00e9n integrar nous aven\u00e7os tecnol\u00f2gics i digitals en els sistemes de tractament d\u2019aig\u00fces residuals industrials actuals per recuperar i reciclar aigua dol\u00e7a, energia i soluts. L\u2019objectiu general \u00e9s aconseguir una economia circular a llarg termini de la ind\u00fastria de la UE mitjan\u00e7ant el reciclatge i reutilitzaci\u00f3 dels recursos dels fluxos d\u2019aigua i aig\u00fces residuals industrials.<\/p>\n<p>Setze socis de vuit Estats membres europeus formen un consorci multidisciplinari que inclou grans empreses, institucions acad\u00e8miques i organitzacions de recerca i tecnologia. Dirigit a les ind\u00fastries sider\u00fargica, paperera i qu\u00edmica, el projecte s\u2019alinea amb els objectius de P4Planet, aplanant el cam\u00ed cap a processos circulars i la neutralitat clim\u00e0tica de la UE per al 2050.<\/p>\n<p><a href=\"https:\/\/cornerstone-industrial-water.eu\/\">Web del projecte<\/a><\/p>\n","protected":false},"excerpt":{"rendered":"<p>Qu\u00e8 \u00e9s CORNERSTONE? El projecte pret\u00e9n integrar nous aven\u00e7os tecnol\u00f2gics  [&#8230;]<\/p>\n","protected":false},"author":215,"featured_media":0,"parent":0,"menu_order":0,"comment_status":"closed","ping_status":"closed","template":"100-width.php","meta":{"footnotes":""},"class_list":["post-3052","page","type-page","status-publish","hentry"],"jetpack_sharing_enabled":true,"_links":{"self":[{"href":"https:\/\/mon.uvic.cat\/nitrecerca\/wp-json\/wp\/v2\/pages\/3052","targetHints":{"allow":["GET"]}}],"collection":[{"href":"https:\/\/mon.uvic.cat\/nitrecerca\/wp-json\/wp\/v2\/pages"}],"about":[{"href":"https:\/\/mon.uvic.cat\/nitrecerca\/wp-json\/wp\/v2\/types\/page"}],"author":[{"embeddable":true,"href":"https:\/\/mon.uvic.cat\/nitrecerca\/wp-json\/wp\/v2\/users\/215"}],"replies":[{"embeddable":true,"href":"https:\/\/mon.uvic.cat\/nitrecerca\/wp-json\/wp\/v2\/comments?post=3052"}],"version-history":[{"count":1,"href":"https:\/\/mon.uvic.cat\/nitrecerca\/wp-json\/wp\/v2\/pages\/3052\/revisions"}],"predecessor-version":[{"id":3054,"href":"https:\/\/mon.uvic.cat\/nitrecerca\/wp-json\/wp\/v2\/pages\/3052\/revisions\/3054"}],"wp:attachment":[{"href":"https:\/\/mon.uvic.cat\/nitrecerca\/wp-json\/wp\/v2\/media?parent=3052"}],"curies":[{"name":"wp","href":"https:\/\/api.w.org\/{rel}","templated":true}]}}