{"id":3046,"date":"2024-09-06T13:52:49","date_gmt":"2024-09-06T11:52:49","guid":{"rendered":"https:\/\/mon.uvic.cat\/nitrecerca\/?page_id=3046"},"modified":"2024-09-06T13:53:16","modified_gmt":"2024-09-06T11:53:16","slug":"harvrest","status":"publish","type":"page","link":"https:\/\/mon.uvic.cat\/nitrecerca\/harvrest\/","title":{"rendered":"HarvRESt"},"content":{"rendered":"<h3>Qu\u00e8 \u00e9s\u00a0HarvRESt?<\/h3>\n<p><a href=\"http:\/\/mon.uvic.cat\/nitrecerca\/files\/2024\/09\/logo-HARVREST-1.jpg\"><img decoding=\"async\" class=\"wp-image-3048 alignright\" src=\"http:\/\/mon.uvic.cat\/nitrecerca\/files\/2024\/09\/logo-HARVREST-1.jpg\" alt=\"\" width=\"444\" height=\"250\" \/><\/a>Com que la demanda tant d\u2019energia com d\u2019aliments continua augmentant, ha sorgit un conflicte competitiu per l\u2019\u00fas de la terra. Per tant, cal una soluci\u00f3 que harmonitzi aquests interessos contraposats. El projecte HarvRESt reconeix els reptes a qu\u00e8 s\u2019enfronten les comunitats agr\u00edcoles i intenta identificar, comprendre i superar les barreres existents per a l\u2019adopci\u00f3 generalitzada d\u2019aquest enfocament innovador.<\/p>\n<p>Les iniciatives actuals solen passar per alt les complexes interaccions i factors que es donen en el context de l\u2019agricultura i les energies renovables, fet que es tradueix en un suport inefica\u00e7 a la presa de decisions basades en prediccions, estimacions i previsions precises.<\/p>\n<p>HarvRESt satisfar\u00e0 aquesta llacuna consolidant i ampliant els coneixements existents per crear una central el\u00e8ctrica agr\u00edcola virtual capa\u00e7 d\u2019executar diferents escenaris i configuracions d\u2019explotacions. Aquesta eina determinar\u00e0 els millors procediments operatius per a una soluci\u00f3 FER dada i proporcionar\u00e0 dades valuoses a un sistema de suport a la presa de decisions.<\/p>\n<p>Aquest sistema sospesar\u00e0 les compensacions i els indicadores clau i proporcionar\u00e0 recomanacions personalitzades als agricultors i responsables pol\u00edtics.<\/p>\n<p><a href=\"https:\/\/www.harvrest.eu\/\">Web del projecte<\/a><\/p>\n","protected":false},"excerpt":{"rendered":"<p>Qu\u00e8 \u00e9s\u00a0HarvRESt? Com que la demanda tant d\u2019energia com d\u2019aliments  [&#8230;]<\/p>\n","protected":false},"author":215,"featured_media":0,"parent":0,"menu_order":0,"comment_status":"closed","ping_status":"closed","template":"100-width.php","meta":{"footnotes":""},"class_list":["post-3046","page","type-page","status-publish","hentry"],"jetpack_sharing_enabled":true,"_links":{"self":[{"href":"https:\/\/mon.uvic.cat\/nitrecerca\/wp-json\/wp\/v2\/pages\/3046","targetHints":{"allow":["GET"]}}],"collection":[{"href":"https:\/\/mon.uvic.cat\/nitrecerca\/wp-json\/wp\/v2\/pages"}],"about":[{"href":"https:\/\/mon.uvic.cat\/nitrecerca\/wp-json\/wp\/v2\/types\/page"}],"author":[{"embeddable":true,"href":"https:\/\/mon.uvic.cat\/nitrecerca\/wp-json\/wp\/v2\/users\/215"}],"replies":[{"embeddable":true,"href":"https:\/\/mon.uvic.cat\/nitrecerca\/wp-json\/wp\/v2\/comments?post=3046"}],"version-history":[{"count":2,"href":"https:\/\/mon.uvic.cat\/nitrecerca\/wp-json\/wp\/v2\/pages\/3046\/revisions"}],"predecessor-version":[{"id":3050,"href":"https:\/\/mon.uvic.cat\/nitrecerca\/wp-json\/wp\/v2\/pages\/3046\/revisions\/3050"}],"wp:attachment":[{"href":"https:\/\/mon.uvic.cat\/nitrecerca\/wp-json\/wp\/v2\/media?parent=3046"}],"curies":[{"name":"wp","href":"https:\/\/api.w.org\/{rel}","templated":true}]}}