{"id":3043,"date":"2024-09-06T13:47:28","date_gmt":"2024-09-06T11:47:28","guid":{"rendered":"https:\/\/mon.uvic.cat\/nitrecerca\/?page_id=3043"},"modified":"2024-09-06T13:47:28","modified_gmt":"2024-09-06T11:47:28","slug":"cousin","status":"publish","type":"page","link":"https:\/\/mon.uvic.cat\/nitrecerca\/cousin\/","title":{"rendered":"COUSIN"},"content":{"rendered":"<h3>Qu\u00e8 \u00e9s COUSIN?<\/h3>\n<p><a href=\"http:\/\/mon.uvic.cat\/nitrecerca\/files\/2024\/09\/logo-cousin.jpg\"><img decoding=\"async\" class=\"wp-image-3042 alignright\" src=\"http:\/\/mon.uvic.cat\/nitrecerca\/files\/2024\/09\/logo-cousin.jpg\" alt=\"\" width=\"312\" height=\"176\" \/><\/a>Els parents silvestres de cultius (PSC), hom\u00f2legs dels cultius domesticats, s\u00f3n una valuosa font de variaci\u00f3 gen\u00e8tica a l\u2019agricultura. Tot i aix\u00f2, la seva utilitzaci\u00f3 planteja dificultats. El projecte COUSIN, finan\u00e7at per la UE, vol demostrar l\u2019\u00fas dels PSC en la millora gen\u00e8tica i l\u2019agricultura a trav\u00e9s dels nivells de preparaci\u00f3 de COUSIN (CRL). Centrat en el blat, l\u2019ordi, el p\u00e8sol, l\u2019enciam i les br\u00e0siques, demostrar\u00e0 com els PSC poden fer front als reptes agr\u00edcoles.<\/p>\n<p>La iniciativa, de cinc anys de durada, donar\u00e0 prioritat als trets dels PSC, dissenyar\u00e0 eines de selecci\u00f3 i les aplicar\u00e0 en programes de millora per satisfer les demandes de les parts interessades. Uns protocols efica\u00e7os guiaran la conservaci\u00f3 de la diversitat de trets caracter\u00edstics a tot Europa. Un portal de dades facilitar\u00e0 l\u2019acc\u00e9s a la informaci\u00f3 sobre els prioritaris. Els cultius resistents al canvi clim\u00e0tic es mostraran en explotacions pilot i centres de millora.<\/p>\n<p><a href=\"https:\/\/cousinproject.eu\/\">Web del projecte<\/a><\/p>\n","protected":false},"excerpt":{"rendered":"<p>Qu\u00e8 \u00e9s COUSIN? Els parents silvestres de cultius (PSC), hom\u00f2legs  [&#8230;]<\/p>\n","protected":false},"author":215,"featured_media":0,"parent":0,"menu_order":0,"comment_status":"closed","ping_status":"closed","template":"100-width.php","meta":{"footnotes":""},"class_list":["post-3043","page","type-page","status-publish","hentry"],"jetpack_sharing_enabled":true,"_links":{"self":[{"href":"https:\/\/mon.uvic.cat\/nitrecerca\/wp-json\/wp\/v2\/pages\/3043","targetHints":{"allow":["GET"]}}],"collection":[{"href":"https:\/\/mon.uvic.cat\/nitrecerca\/wp-json\/wp\/v2\/pages"}],"about":[{"href":"https:\/\/mon.uvic.cat\/nitrecerca\/wp-json\/wp\/v2\/types\/page"}],"author":[{"embeddable":true,"href":"https:\/\/mon.uvic.cat\/nitrecerca\/wp-json\/wp\/v2\/users\/215"}],"replies":[{"embeddable":true,"href":"https:\/\/mon.uvic.cat\/nitrecerca\/wp-json\/wp\/v2\/comments?post=3043"}],"version-history":[{"count":1,"href":"https:\/\/mon.uvic.cat\/nitrecerca\/wp-json\/wp\/v2\/pages\/3043\/revisions"}],"predecessor-version":[{"id":3044,"href":"https:\/\/mon.uvic.cat\/nitrecerca\/wp-json\/wp\/v2\/pages\/3043\/revisions\/3044"}],"wp:attachment":[{"href":"https:\/\/mon.uvic.cat\/nitrecerca\/wp-json\/wp\/v2\/media?parent=3043"}],"curies":[{"name":"wp","href":"https:\/\/api.w.org\/{rel}","templated":true}]}}