{"id":3033,"date":"2024-09-06T13:34:53","date_gmt":"2024-09-06T11:34:53","guid":{"rendered":"https:\/\/mon.uvic.cat\/nitrecerca\/?page_id=3033"},"modified":"2024-09-06T13:35:21","modified_gmt":"2024-09-06T11:35:21","slug":"safer-grassroots-sport","status":"publish","type":"page","link":"https:\/\/mon.uvic.cat\/nitrecerca\/safer-grassroots-sport\/","title":{"rendered":"Safer Grassroots Sport"},"content":{"rendered":"<h3>Qu\u00e8 \u00e9s Safer Grassroots Sport?<\/h3>\n<p><a href=\"http:\/\/mon.uvic.cat\/nitrecerca\/files\/2024\/09\/lOGO.jpg\"><img decoding=\"async\" class=\"wp-image-3031 alignright\" src=\"http:\/\/mon.uvic.cat\/nitrecerca\/files\/2024\/09\/lOGO.jpg\" alt=\"\" width=\"373\" height=\"196\" \/><\/a>\u00c9s un projecte Erasmus+ Sport coordinat pel Comit\u00e8 Ol\u00edmpic Nacional de Portugal (COP) i del que formen part 7 institucions i entitats de tota la UE que reuneix a comit\u00e8s ol\u00edmpics nacionals, una organitzaci\u00f3 esportiva governamental i una organitzaci\u00f3 experta en l&#8217;\u00e0mbit de la salvaguarda. en l&#8217;esport, i xarxes amb nombrosos contactes arreu del continent i m\u00e9s enll\u00e0, entre els quals es troba la UVic-UCC.<\/p>\n<p>El projecte \u2018Safer Grassroots Sport\u2019 va ser pensat per contribuir a transformar el paisatge de l\u2019esport a nivell comunitari, en un espai m\u00e9s segur i inclusiu per a tothom, especialment els joves i els m\u00e9s vulnerables.<\/p>\n<p>Al cor del projecte hi ha un comprom\u00eds amb la salvaguarda proactiva, un enfocament que va m\u00e9s enll\u00e0 de les &#8220;mesures reactives&#8221; per construir una cultura esportiva m\u00e9s segura i respectuosa. Aix\u00f2 implica no nom\u00e9s abordar els riscos a mesura que sorgeixen, sin\u00f3 prevenir-los mitjan\u00e7ant l&#8217;educaci\u00f3 de conscienciaci\u00f3 i la participaci\u00f3 de la comunitat.<\/p>\n<p>&nbsp;<\/p>\n<p><a href=\"https:\/\/safergrassport.eu\/\">Web del projecte<\/a><\/p>\n<p>&nbsp;<\/p>\n","protected":false},"excerpt":{"rendered":"<p>Qu\u00e8 \u00e9s Safer Grassroots Sport? \u00c9s un projecte Erasmus+ Sport  [&#8230;]<\/p>\n","protected":false},"author":215,"featured_media":0,"parent":0,"menu_order":0,"comment_status":"closed","ping_status":"closed","template":"100-width.php","meta":{"footnotes":""},"class_list":["post-3033","page","type-page","status-publish","hentry"],"jetpack_sharing_enabled":true,"_links":{"self":[{"href":"https:\/\/mon.uvic.cat\/nitrecerca\/wp-json\/wp\/v2\/pages\/3033","targetHints":{"allow":["GET"]}}],"collection":[{"href":"https:\/\/mon.uvic.cat\/nitrecerca\/wp-json\/wp\/v2\/pages"}],"about":[{"href":"https:\/\/mon.uvic.cat\/nitrecerca\/wp-json\/wp\/v2\/types\/page"}],"author":[{"embeddable":true,"href":"https:\/\/mon.uvic.cat\/nitrecerca\/wp-json\/wp\/v2\/users\/215"}],"replies":[{"embeddable":true,"href":"https:\/\/mon.uvic.cat\/nitrecerca\/wp-json\/wp\/v2\/comments?post=3033"}],"version-history":[{"count":2,"href":"https:\/\/mon.uvic.cat\/nitrecerca\/wp-json\/wp\/v2\/pages\/3033\/revisions"}],"predecessor-version":[{"id":3038,"href":"https:\/\/mon.uvic.cat\/nitrecerca\/wp-json\/wp\/v2\/pages\/3033\/revisions\/3038"}],"wp:attachment":[{"href":"https:\/\/mon.uvic.cat\/nitrecerca\/wp-json\/wp\/v2\/media?parent=3033"}],"curies":[{"name":"wp","href":"https:\/\/api.w.org\/{rel}","templated":true}]}}