{"id":2944,"date":"2024-09-04T12:39:19","date_gmt":"2024-09-04T10:39:19","guid":{"rendered":"https:\/\/mon.uvic.cat\/nitrecerca\/?page_id=2944"},"modified":"2025-09-23T12:29:31","modified_gmt":"2025-09-23T10:29:31","slug":"programacio","status":"publish","type":"page","link":"https:\/\/mon.uvic.cat\/nitrecerca\/programacio\/","title":{"rendered":"Programaci\u00f3"},"content":{"rendered":"<p><div class=\"fusion-fullwidth fullwidth-box fusion-builder-row-1 fusion-flex-container has-pattern-background has-mask-background fusion-parallax-none nonhundred-percent-fullwidth non-hundred-percent-height-scrolling\" style=\"--awb-border-radius-top-left:0px;--awb-border-radius-top-right:0px;--awb-border-radius-bottom-right:0px;--awb-border-radius-bottom-left:0px;--awb-padding-right:21px;--awb-margin-top:-40PX;--awb-background-image:url(&quot;http:\/\/mon.uvic.cat\/nitrecerca\/files\/2024\/05\/Captura-de-pantalla-2024-05-28-133538.png&quot;);--awb-background-size:cover;--awb-flex-wrap:wrap;\" ><div class=\"fusion-builder-row fusion-row fusion-flex-align-items-flex-start fusion-flex-justify-content-center fusion-flex-content-wrap\" style=\"max-width:1248px;margin-left: calc(-4% \/ 2 );margin-right: calc(-4% \/ 2 );\"><div class=\"fusion-layout-column fusion_builder_column fusion-builder-column-0 fusion_builder_column_1_1 1_1 fusion-flex-column\" style=\"--awb-bg-size:cover;--awb-width-large:100%;--awb-margin-top-large:0px;--awb-spacing-right-large:1.92%;--awb-margin-bottom-large:10px;--awb-spacing-left-large:1.92%;--awb-width-medium:100%;--awb-order-medium:0;--awb-spacing-right-medium:1.92%;--awb-spacing-left-medium:1.92%;--awb-width-small:100%;--awb-order-small:0;--awb-spacing-right-small:1.92%;--awb-spacing-left-small:1.92%;\" data-scroll-devices=\"small-visibility,medium-visibility,large-visibility\"><div class=\"fusion-column-wrapper fusion-column-has-shadow fusion-flex-justify-content-flex-start fusion-content-layout-column\"><div class=\"fusion-separator fusion-full-width-sep\" style=\"align-self: center;margin-left: auto;margin-right: auto;width:100%;\"><div class=\"fusion-separator-border sep-double\" style=\"--awb-height:20px;--awb-amount:20px;border-color:var(--awb-color3);border-top-width:0px;border-bottom-width:0px;\"><\/div><\/div><div class=\"fusion-title title fusion-title-1 fusion-sep-none fusion-title-center fusion-title-text fusion-title-size-one\" style=\"--awb-text-color:#ffffff;--awb-margin-top:30px;--awb-margin-top-small:10px;--awb-margin-right-small:0px;--awb-margin-bottom-small:10px;--awb-margin-left-small:0px;\"><h1 class=\"fusion-title-heading title-heading-center fusion-responsive-typography-calculated\" style=\"font-family:&quot;Inter&quot;;font-style:normal;font-weight:400;margin:0;--fontSize:48;line-height:1.16;\">PROGRAMACI\u00d3<\/h1><\/div><\/div><\/div><\/div><\/div><div class=\"fusion-fullwidth fullwidth-box fusion-builder-row-2 fusion-flex-container has-pattern-background has-mask-background nonhundred-percent-fullwidth non-hundred-percent-height-scrolling\" style=\"--awb-border-radius-top-left:0px;--awb-border-radius-top-right:0px;--awb-border-radius-bottom-right:0px;--awb-border-radius-bottom-left:0px;--awb-padding-top:0px;--awb-padding-right:0px;--awb-padding-bottom:0px;--awb-margin-top:48px30;--awb-margin-bottom:0px;--awb-flex-wrap:wrap;\" ><div class=\"fusion-builder-row fusion-row fusion-flex-align-items-flex-start fusion-flex-content-wrap\" style=\"max-width:1248px;margin-left: calc(-4% \/ 2 );margin-right: calc(-4% \/ 2 );\"><div class=\"fusion-layout-column fusion_builder_column fusion-builder-column-1 fusion_builder_column_1_1 1_1 fusion-flex-column\" style=\"--awb-bg-size:cover;--awb-width-large:100%;--awb-margin-top-large:0px;--awb-spacing-right-large:1.92%;--awb-margin-bottom-large:20px;--awb-spacing-left-large:1.92%;--awb-width-medium:100%;--awb-order-medium:0;--awb-spacing-right-medium:1.92%;--awb-spacing-left-medium:1.92%;--awb-width-small:100%;--awb-order-small:0;--awb-spacing-right-small:1.92%;--awb-spacing-left-small:1.92%;\" data-scroll-devices=\"small-visibility,medium-visibility,large-visibility\"><div class=\"fusion-column-wrapper fusion-column-has-shadow fusion-flex-justify-content-flex-start fusion-content-layout-column\"><div class=\"fusion-tabs fusion-tabs-1 clean nav-is-justified horizontal-tabs icon-position-left mobile-mode-accordion\" style=\"--awb-margin-top:40px;--awb-title-border-radius-top-left:0px;--awb-title-border-radius-top-right:0px;--awb-title-border-radius-bottom-right:0px;--awb-title-border-radius-bottom-left:0px;--awb-alignment:start;--awb-inactive-color:var(--awb-color2);--awb-background-color:var(--awb-color1);--awb-border-color:var(--awb-color3);--awb-active-border-color:#820116;\"><div class=\"nav\"><ul class=\"nav-tabs nav-justified\" role=\"tablist\"><li class=\"active\" role=\"presentation\"><a class=\"tab-link\" data-toggle=\"tab\" role=\"tab\" aria-controls=\"tab-b27fde57f20d4a32d72\" aria-selected=\"true\" id=\"fusion-tab-vicimanlleu\" href=\"#tab-b27fde57f20d4a32d72\"><h4 class=\"fusion-tab-heading\"><i class=\"fontawesome-icon fa-map-marker-alt fas\" aria-hidden=\"true\" style=\"font-size:16px;\"><\/i>VIC I MANLLEU<\/h4><\/a><\/li><li role=\"presentation\"><a class=\"tab-link\" data-toggle=\"tab\" role=\"tab\" aria-controls=\"tab-b9630c9828a905c2f77\" aria-selected=\"false\" tabindex=\"-1\" id=\"fusion-tab-bergaimanresa\" href=\"#tab-b9630c9828a905c2f77\"><h4 class=\"fusion-tab-heading\"><i class=\"fontawesome-icon fa-map-marker-alt fas\" aria-hidden=\"true\" style=\"font-size:16px;\"><\/i>BERGA I MANRESA<\/h4><\/a><\/li><\/ul><\/div><div class=\"tab-content\"><div class=\"nav fusion-mobile-tab-nav\"><ul class=\"nav-tabs nav-justified\" role=\"tablist\"><li class=\"active\" role=\"presentation\"><a class=\"tab-link\" data-toggle=\"tab\" role=\"tab\" aria-controls=\"tab-b27fde57f20d4a32d72\" aria-selected=\"true\" id=\"mobile-fusion-tab-vicimanlleu\" href=\"#tab-b27fde57f20d4a32d72\"><h4 class=\"fusion-tab-heading\"><i class=\"fontawesome-icon fa-map-marker-alt fas\" aria-hidden=\"true\" style=\"font-size:16px;\"><\/i>VIC I MANLLEU<\/h4><\/a><\/li><\/ul><\/div><div class=\"tab-pane fade fusion-clearfix in active\" role=\"tabpanel\" tabindex=\"0\" aria-labelledby=\"fusion-tab-vicimanlleu\" id=\"tab-b27fde57f20d4a32d72\">\n<div class=\"table-1\">\n<table style=\"height: 1927px\" width=\"1208\">\n<thead>\n<tr>\n<th align=\"left\"><strong>DATES<\/strong><\/th>\n<th align=\"left\"><strong>HORA<\/strong><\/th>\n<th align=\"left\"><strong>ACTIVITAT<\/strong><\/th>\n<th align=\"left\"><strong>LLOC<\/strong><\/th>\n<th align=\"left\"><strong>INSCRIPCIONS<\/strong><\/th>\n<\/tr>\n<\/thead>\n<tbody>\n<tr>\n<td align=\"left\"><b data-fusion-font=\"true\">DISSABTE 20 DE SETEMBRE<\/b><\/td>\n<td align=\"left\"><strong>11:00h<\/strong><\/td>\n<td align=\"left\"><b data-fusion-font=\"true\">Taller \u201cPer qu\u00e8 els pans sense gluten no poden competir contra el pa de tota la vida? <\/b>En aquest taller la investigadora Mireia Burd\u00f3 ens explicar\u00e0 la funci\u00f3 tecnol\u00f2gica del gluten: qu\u00e8 \u00e9s, perqu\u00e8 \u00e9s indispensable per la textura del pa i productes similars.<\/td>\n<td align=\"left\"><img decoding=\"async\" class=\"emoji\" role=\"img\" src=\"https:\/\/s.w.org\/images\/core\/emoji\/16.0.1\/svg\/1f4cd.svg\" alt=\"\" \/><span data-fusion-font=\"true\"> Museu del Ter (Manlleu)<\/span><\/td>\n<td align=\"left\"><a href=\"https:\/\/www.museudelter.cat\/event\/taller-per-que-els-pans-sense-gluten-no-poden-competir-contra-el-pa-de-tota-la-vida\/\" target=\"_blank\" rel=\"noopener noreferrer\" data-fusion-font=\"true\">Inscripcions a l\u2019agenda del Museu del Ter<\/a><span data-fusion-font=\"true\">. <\/span><\/p>\n<p><span data-fusion-font=\"true\">Tel. 938515176.<\/span><\/td>\n<\/tr>\n<tr>\n<td align=\"left\"><b>DIMARTS 23 DE SETEMBRE<\/b><\/td>\n<td align=\"left\"><strong>10:00h<\/strong><\/td>\n<td align=\"left\"><b>Ruta agroecol\u00f2gica pel mercat de Vic. <\/b>Descoberta de les productores agroecol\u00f2giques del mercat i tast dels seus productes (projecte europeu SWIFT).<\/p>\n<p><img decoding=\"async\" class=\"aligncenter size-full wp-image-3502\" src=\"http:\/\/mon.uvic.cat\/nitrecerca\/files\/2025\/09\/Cartell-Ruta-agroecologica-final.png\" alt=\"\" width=\"1023\" height=\"1100\" \/><\/td>\n<td align=\"left\"><img decoding=\"async\" class=\"emoji\" role=\"img\" src=\"https:\/\/s.w.org\/images\/core\/emoji\/16.0.1\/svg\/1f4cd.svg\" alt=\"\" \/>\u00a0Mengem Osona (Vic)<\/td>\n<td align=\"left\"><a href=\"https:\/\/forms.gle\/X7dHdJgDPn4QRMocA\">Inscripcions omplint el formulari.<\/a><\/td>\n<\/tr>\n<tr>\n<td align=\"left\"><b>DIMECRES 24 DE SETEMBRE<\/b><\/td>\n<td align=\"left\"><b>11:30h<\/b><\/p>\n<hr \/>\n<p><b>19:00h<\/b><\/td>\n<td align=\"left\"><b>Tert\u00falia de literatura cient\u00edfica.<\/b> Confer\u00e8ncia de la doctora Mireia Ortega entorn del seu llibre La ci\u00e8ncia i l\u2019atzar. La hist\u00f2ria dels descobriments casuals que van canviar el m\u00f3n. <a href=\"http:\/\/mon.uvic.cat\/nitrecerca\/files\/2025\/09\/Cartell-Mireia-Ortega-2025.jpg\">M\u00e9s informaci\u00f3<\/a>.<\/p>\n<hr \/>\n<p><b>Fem un got de ci\u00e8ncia! <\/b>5 investigadors\/es explicaran la seva recerca puntera en un ambient dist\u00e8s i proper. Vine a fer el got i descobreix la ci\u00e8ncia que es fa avui dia! <a href=\"https:\/\/mon.uvic.cat\/nitrecerca\/fem-un-got-de-ciencia\/\">M\u00e9s informaci\u00f3<\/a>.<\/td>\n<td align=\"left\"><img decoding=\"async\" class=\"emoji\" role=\"img\" src=\"https:\/\/s.w.org\/images\/core\/emoji\/16.0.1\/svg\/1f4cd.svg\" alt=\"\" \/>Aula Magna, UVic-UCC. C. de la Laura, 13. Vic<\/p>\n<hr \/>\n<p><img decoding=\"async\" class=\"emoji\" role=\"img\" src=\"https:\/\/s.w.org\/images\/core\/emoji\/16.0.1\/svg\/1f4cd.svg\" alt=\"\" \/>Sala Modernista del Casino de Vic<\/td>\n<td align=\"left\"><a href=\"https:\/\/mon.uvic.cat\/tlc\/curs-25-26-19a-edicio\/\">Inscripcions<\/a> a la web del projecte de les Tert\u00falies de Literatura Cient\u00edfica.<\/p>\n<hr \/>\n<p>No cal inscripci\u00f3 pr\u00e8via. Aforament limitat a 45 persones.<\/td>\n<\/tr>\n<tr>\n<td align=\"left\"><b>DIJOUS 25 DE SETEMBRE<\/b><\/td>\n<td align=\"left\"><b>17:30h<\/b><\/td>\n<td align=\"left\"><strong>Llegir amb arrels i ales.<\/strong>\u00a0Di\u00e0legs sobre literatura infantil i juvenil amb una mirada intercultural. En el marc del projecte europeu ZOOM OUT, parlarem de com la literatura pot esdevenir una eina per fomentar el pensament cr\u00edtic i la cohesi\u00f3 social.<\/p>\n<p><img decoding=\"async\" class=\"aligncenter wp-image-3496\" src=\"http:\/\/mon.uvic.cat\/nitrecerca\/files\/2025\/09\/Cartell-25-S-logo-NdR-dalt.png\" alt=\"\" width=\"547\" height=\"773\" \/><\/td>\n<td align=\"left\"><img decoding=\"async\" class=\"emoji\" role=\"img\" src=\"https:\/\/s.w.org\/images\/core\/emoji\/16.0.1\/svg\/1f4cd.svg\" alt=\"\" \/>\u00a0Sala d\u2019actes de la Biblioteca Pilarin Bay\u00e9s, Vic<\/td>\n<td align=\"left\">No cal inscripci\u00f3 pr\u00e8via.<\/td>\n<\/tr>\n<tr>\n<td align=\"left\"><b data-fusion-font=\"true\">DIVENDRES 26 DE SETEMBRE<\/b><\/td>\n<td align=\"left\"><b>18:45h<\/b><\/td>\n<td align=\"left\"><b data-fusion-font=\"true\">Nit de les rates pinyades. <\/b>Es far\u00e0 una xerrada introduct\u00f2ria i, seguidament, un passeig a l\u2019exterior per observar l\u2019activitat d\u2019aquests petits mam\u00edfers mitjan\u00e7ant l\u2019\u00fas de detectors d\u2019ultrasons.<\/p>\n<p><img decoding=\"async\" class=\"aligncenter wp-image-3479\" src=\"http:\/\/mon.uvic.cat\/nitrecerca\/files\/2025\/09\/11_agenda.jpg\" alt=\"\" width=\"475\" height=\"329\" \/><\/td>\n<td align=\"left\"><img decoding=\"async\" class=\"emoji\" role=\"img\" src=\"https:\/\/s.w.org\/images\/core\/emoji\/16.0.1\/svg\/1f4cd.svg\" alt=\"\" \/><span data-fusion-font=\"true\"> Museu del Ter (Manlleu)<\/span><\/td>\n<td align=\"left\"><a href=\"https:\/\/www.museudelter.cat\/event\/nit-rates-pinyades-sortides-naturalistes-osona-2025\/\" target=\"_blank\" rel=\"noopener noreferrer\" data-fusion-font=\"true\">Inscripcions a l\u2019agenda del Museu del Ter<\/a><span data-fusion-font=\"true\">. <\/span><\/p>\n<p><span data-fusion-font=\"true\">Tel. 938515176.<\/span><\/td>\n<\/tr>\n<tr>\n<td align=\"left\"><b data-fusion-font=\"true\">DISSABTE 27 DE SETEMBRE<\/b><\/td>\n<td align=\"left\"><b>11:00h<\/b><\/td>\n<td align=\"left\"><b data-fusion-font=\"true\">Taller busquem petits paleont\u00f2legs! <\/b>Descobrirem el m\u00f3n dels minerals i experimentarem en primera persona com treballen els experts en aquest camp.<\/p>\n<p><img decoding=\"async\" class=\"aligncenter wp-image-3480\" src=\"http:\/\/mon.uvic.cat\/nitrecerca\/files\/2025\/09\/12_agenda.jpg\" alt=\"\" width=\"474\" height=\"328\" \/><\/td>\n<td align=\"left\"><img decoding=\"async\" class=\"emoji\" role=\"img\" src=\"https:\/\/s.w.org\/images\/core\/emoji\/16.0.1\/svg\/1f4cd.svg\" alt=\"\" \/><span data-fusion-font=\"true\"> Museu del Ter (Manlleu)<\/span><\/td>\n<td align=\"left\"><a href=\"https:\/\/www.museudelter.cat\/event\/busquem-petits-geolges-sortides-naturalistes-osona-2025\/\" target=\"_blank\" rel=\"noopener noreferrer\" data-fusion-font=\"true\">Inscripcions a l\u2019agenda del Museu del Ter<\/a><span data-fusion-font=\"true\">. <\/span><\/p>\n<p><span data-fusion-font=\"true\">Tel. 938515176.<\/span><\/td>\n<\/tr>\n<\/tbody>\n<\/table>\n<\/div>\n<\/div><div class=\"nav fusion-mobile-tab-nav\"><ul class=\"nav-tabs nav-justified\" role=\"tablist\"><li role=\"presentation\"><a class=\"tab-link\" data-toggle=\"tab\" role=\"tab\" aria-controls=\"tab-b9630c9828a905c2f77\" aria-selected=\"false\" tabindex=\"-1\" id=\"mobile-fusion-tab-bergaimanresa\" href=\"#tab-b9630c9828a905c2f77\"><h4 class=\"fusion-tab-heading\"><i class=\"fontawesome-icon fa-map-marker-alt fas\" aria-hidden=\"true\" style=\"font-size:16px;\"><\/i>BERGA I MANRESA<\/h4><\/a><\/li><\/ul><\/div><div class=\"tab-pane fade fusion-clearfix\" role=\"tabpanel\" tabindex=\"0\" aria-labelledby=\"fusion-tab-bergaimanresa\" id=\"tab-b9630c9828a905c2f77\">\n<p><span style=\"color: var(--awb-body-color);text-align: var(--awb-content-text-align);background-color: var(--awb-bg-color-hover);font-size: var(--body_typography-font-size);font-style: var(--body_typography-font-style,normal);font-weight: var(--body_typography-font-weight);letter-spacing: var(--body_typography-letter-spacing)\"><b><span style=\"font-size: 18px\" data-fusion-font=\"true\">INSCRIPCIONS BERGA I MANRESA<\/span><\/b><\/span><\/p>\n<p><span style=\"background-color: var(--awb-bg-color-hover);color: var(--awb-body-color);font-size: var(--body_typography-font-size);font-style: var(--body_typography-font-style,normal);font-weight: var(--body_typography-font-weight);letter-spacing: var(--body_typography-letter-spacing);text-align: var(--awb-content-text-align)\">Consulteu-ne les activitats i inscripcions a:<\/span><\/p>\n<ul>\n<li><span style=\"color: var(--awb-body-color);text-align: var(--awb-content-text-align);background-color: var(--awb-bg-color-hover);font-size: var(--body_typography-font-size);font-style: var(--body_typography-font-style,normal);font-weight: var(--body_typography-font-weight);letter-spacing: var(--body_typography-letter-spacing)\"><b>BERGA<\/b><\/span><span style=\"color: var(--awb-body-color);text-align: var(--awb-content-text-align);background-color: var(--awb-bg-color-hover);font-size: var(--body_typography-font-size);font-style: var(--body_typography-font-style,normal);font-weight: var(--body_typography-font-weight);letter-spacing: var(--body_typography-letter-spacing)\">: <a href=\"https:\/\/exploratori.upc.edu\/ca\/nit-de-la-recerca\/nit-de-la-recerca-2025\" target=\"_blank\" rel=\"noopener noreferrer\">Exploratori dels Recursos de la Natura<\/a><\/span><\/li>\n<li><b>MANRESA<\/b>: <a href=\"https:\/\/www.manresa.cat\/web\/menu\/13459-amb-la-recerca-fem-ciutat!\" target=\"_blank\" rel=\"noopener noreferrer\">Amb la recerca, fem ciutat! &#8211; Ajuntament de Manresa.<\/a><\/li>\n<\/ul>\n<\/div><\/div><\/div><\/div><\/div><\/div><\/div><\/p>\n","protected":false},"excerpt":{"rendered":"","protected":false},"author":663,"featured_media":0,"parent":0,"menu_order":0,"comment_status":"closed","ping_status":"closed","template":"","meta":{"footnotes":""},"class_list":["post-2944","page","type-page","status-publish","hentry"],"jetpack_sharing_enabled":true,"_links":{"self":[{"href":"https:\/\/mon.uvic.cat\/nitrecerca\/wp-json\/wp\/v2\/pages\/2944","targetHints":{"allow":["GET"]}}],"collection":[{"href":"https:\/\/mon.uvic.cat\/nitrecerca\/wp-json\/wp\/v2\/pages"}],"about":[{"href":"https:\/\/mon.uvic.cat\/nitrecerca\/wp-json\/wp\/v2\/types\/page"}],"author":[{"embeddable":true,"href":"https:\/\/mon.uvic.cat\/nitrecerca\/wp-json\/wp\/v2\/users\/663"}],"replies":[{"embeddable":true,"href":"https:\/\/mon.uvic.cat\/nitrecerca\/wp-json\/wp\/v2\/comments?post=2944"}],"version-history":[{"count":89,"href":"https:\/\/mon.uvic.cat\/nitrecerca\/wp-json\/wp\/v2\/pages\/2944\/revisions"}],"predecessor-version":[{"id":3503,"href":"https:\/\/mon.uvic.cat\/nitrecerca\/wp-json\/wp\/v2\/pages\/2944\/revisions\/3503"}],"wp:attachment":[{"href":"https:\/\/mon.uvic.cat\/nitrecerca\/wp-json\/wp\/v2\/media?parent=2944"}],"curies":[{"name":"wp","href":"https:\/\/api.w.org\/{rel}","templated":true}]}}