{"id":2917,"date":"2024-08-30T14:37:48","date_gmt":"2024-08-30T12:37:48","guid":{"rendered":"https:\/\/mon.uvic.cat\/nitrecerca\/?page_id=2917"},"modified":"2024-08-30T14:38:40","modified_gmt":"2024-08-30T12:38:40","slug":"nenuphar","status":"publish","type":"page","link":"https:\/\/mon.uvic.cat\/nitrecerca\/nenuphar\/","title":{"rendered":"NENUPHAR"},"content":{"rendered":"<h3><a href=\"http:\/\/mon.uvic.cat\/nitrecerca\/files\/2024\/08\/LOGO-NENUPHAR.jpg\"><img decoding=\"async\" class=\"wp-image-2916 alignright\" src=\"http:\/\/mon.uvic.cat\/nitrecerca\/files\/2024\/08\/LOGO-NENUPHAR.jpg\" alt=\"\" width=\"458\" height=\"258\" \/><\/a>Qu\u00e8 \u00e9s NENUPHAR?<\/h3>\n<p>En un context d\u2019ecosistemes pressionats per la contaminaci\u00f3 de nutrients i els preus r\u00e8cord dels fertilitzants, la recuperaci\u00f3 de nitrogen i f\u00f2sfor dels corrents de residus ofereix una soluci\u00f3 per abordar ambd\u00f3s problemes, permetent el subministrament de nous fertilitzants (i altres productes per a la cadena de valor aliment\u00e0ria) a un preu competitiu alhora que permet sistemes de s\u00f2l, aire i aigua m\u00e9s nets. Tanmateix, per fer-ho efica\u00e7ment, cal un esfor\u00e7 pol\u00edtic, regulador i de govern intensiu per incorporar tots els grups d\u2019inter\u00e8s clau.<\/p>\n<p>El projecte NENUPHAR, finan\u00e7at sota el paraigua del programa Horizon Europe, va ser concebut per resoldre aquesta necessitat desenvolupant noves solucions de governan\u00e7a i cadena de valor que aborden tres corrents de residus \u00e0mpliament presents i a la UE: fems, llots de depuradora i aig\u00fces residuals de lactis, abordant quatre innovacions principals:<\/p>\n<ul class=\"without-class\">\n<li>Una metodologia per estimar les emissions de N\/P de l\u2019aplicaci\u00f3 d\u2019un fertilitzant al s\u00f2l<\/li>\n<li>Nous models de governan\u00e7a basats en un enfocament de governan\u00e7a en xarxa<\/li>\n<li>Incentius econ\u00f2mics i financers innovadors per a entitats p\u00fabliques i privades<\/li>\n<li>Tecnologies habilitants per tractar fems, llots i aig\u00fces residuals l\u00e0ctiques per recuperar les c\u00e0rregues de nutrients.<\/li>\n<\/ul>\n<p>L\u2019enfocament de NENUPHAR es demostrar\u00e0 en tres grups regionals diferents de conques fluvials geogr\u00e0ficament diverses: la conca del riu Ebre (Espanya), la conca del riu Lielupe (Let\u00f2nia \u2013 Litu\u00e0nia) i la conca del riu Danubi (ram d\u2019Hongria \u2013 Eslov\u00e0quia) i es replicaran. en dos sistemes insulars: Xipre i Bornholm (Dinamarca).<\/p>\n<p>La posada en marxa d\u2019un projecte tan ambici\u00f3s requereix d\u2019un consorci de 18 socis i 3 entitats adscrites, que treballaran conjuntament de manera interdisciplin\u00e0ria.<\/p>\n<p><a href=\"https:\/\/project-nenuphar.eu\/\">Web del projecte<\/a><\/p>\n","protected":false},"excerpt":{"rendered":"<p>Qu\u00e8 \u00e9s NENUPHAR? En un context d\u2019ecosistemes pressionats per la  [&#8230;]<\/p>\n","protected":false},"author":215,"featured_media":0,"parent":0,"menu_order":0,"comment_status":"closed","ping_status":"closed","template":"100-width.php","meta":{"footnotes":""},"class_list":["post-2917","page","type-page","status-publish","hentry"],"jetpack_sharing_enabled":true,"_links":{"self":[{"href":"https:\/\/mon.uvic.cat\/nitrecerca\/wp-json\/wp\/v2\/pages\/2917","targetHints":{"allow":["GET"]}}],"collection":[{"href":"https:\/\/mon.uvic.cat\/nitrecerca\/wp-json\/wp\/v2\/pages"}],"about":[{"href":"https:\/\/mon.uvic.cat\/nitrecerca\/wp-json\/wp\/v2\/types\/page"}],"author":[{"embeddable":true,"href":"https:\/\/mon.uvic.cat\/nitrecerca\/wp-json\/wp\/v2\/users\/215"}],"replies":[{"embeddable":true,"href":"https:\/\/mon.uvic.cat\/nitrecerca\/wp-json\/wp\/v2\/comments?post=2917"}],"version-history":[{"count":3,"href":"https:\/\/mon.uvic.cat\/nitrecerca\/wp-json\/wp\/v2\/pages\/2917\/revisions"}],"predecessor-version":[{"id":2920,"href":"https:\/\/mon.uvic.cat\/nitrecerca\/wp-json\/wp\/v2\/pages\/2917\/revisions\/2920"}],"wp:attachment":[{"href":"https:\/\/mon.uvic.cat\/nitrecerca\/wp-json\/wp\/v2\/media?parent=2917"}],"curies":[{"name":"wp","href":"https:\/\/api.w.org\/{rel}","templated":true}]}}