{"id":2912,"date":"2024-08-30T14:25:56","date_gmt":"2024-08-30T12:25:56","guid":{"rendered":"https:\/\/mon.uvic.cat\/nitrecerca\/?page_id=2912"},"modified":"2024-08-30T14:25:56","modified_gmt":"2024-08-30T12:25:56","slug":"intec","status":"publish","type":"page","link":"https:\/\/mon.uvic.cat\/nitrecerca\/intec\/","title":{"rendered":"INTEC"},"content":{"rendered":"<h3><a href=\"http:\/\/mon.uvic.cat\/nitrecerca\/files\/2024\/08\/Intec-logo.png\"><img decoding=\"async\" class=\"wp-image-2913 alignleft\" src=\"http:\/\/mon.uvic.cat\/nitrecerca\/files\/2024\/08\/Intec-logo.png\" alt=\"\" width=\"229\" height=\"229\" \/><\/a>Qu\u00e8 \u00e9s INTEC?<\/h3>\n<p>El principal objectiu del projecte \u00e9s establir orientacions sobre la formaci\u00f3 cont\u00ednua de professionals de l\u2019educaci\u00f3 infantil amb mirada europea. Coordinat pel V\u00e4nersborg Kommun (Su\u00e8cia), el projecte inclou tamb\u00e9 la participaci\u00f3 del SERN. Sweden-Emilia Romagna Network (It\u00e0lia), Bambini Bicocca (It\u00e0lia), Erasmus Hogeschool Brussel (B\u00e8lgica) i Liep\u0101jas Universit\u0101tes (Let\u00f2nia). Per part de la UVic-UCC hi participen les professores del Departament de Pedagogia de la FETEP (Facultat d\u2019Educaci\u00f3, Traducci\u00f3, Esports i Psicologia),\u00a0Francesca Davoli (<a href=\"https:\/\/mon.uvic.cat\/glossa\/\"><span lang=\"CA\" xml:lang=\"CA\">grup de recerca GLOSSA<\/span><\/a>), Mar Beneyto Seoane i Itxaso Tellado (<a href=\"https:\/\/mon.uvic.cat\/greuv\/\"><span lang=\"CA\" xml:lang=\"CA\">grup de recerca GREUV<\/span><\/a>).\u00a0El projecte INTEC, finan\u00e7at pel programa Erasmus+, tindr\u00e0 una durada de trenta-sis mesos (de setembre 2023 a agost de 2026).<\/p>\n<p><a href=\"https:\/\/www.intec-project.eu\/\">Web del projecte<\/a><\/p>\n","protected":false},"excerpt":{"rendered":"<p>Qu\u00e8 \u00e9s INTEC? El principal objectiu del projecte \u00e9s establir  [&#8230;]<\/p>\n","protected":false},"author":215,"featured_media":0,"parent":0,"menu_order":0,"comment_status":"closed","ping_status":"closed","template":"100-width.php","meta":{"footnotes":""},"class_list":["post-2912","page","type-page","status-publish","hentry"],"jetpack_sharing_enabled":true,"_links":{"self":[{"href":"https:\/\/mon.uvic.cat\/nitrecerca\/wp-json\/wp\/v2\/pages\/2912","targetHints":{"allow":["GET"]}}],"collection":[{"href":"https:\/\/mon.uvic.cat\/nitrecerca\/wp-json\/wp\/v2\/pages"}],"about":[{"href":"https:\/\/mon.uvic.cat\/nitrecerca\/wp-json\/wp\/v2\/types\/page"}],"author":[{"embeddable":true,"href":"https:\/\/mon.uvic.cat\/nitrecerca\/wp-json\/wp\/v2\/users\/215"}],"replies":[{"embeddable":true,"href":"https:\/\/mon.uvic.cat\/nitrecerca\/wp-json\/wp\/v2\/comments?post=2912"}],"version-history":[{"count":1,"href":"https:\/\/mon.uvic.cat\/nitrecerca\/wp-json\/wp\/v2\/pages\/2912\/revisions"}],"predecessor-version":[{"id":2914,"href":"https:\/\/mon.uvic.cat\/nitrecerca\/wp-json\/wp\/v2\/pages\/2912\/revisions\/2914"}],"wp:attachment":[{"href":"https:\/\/mon.uvic.cat\/nitrecerca\/wp-json\/wp\/v2\/media?parent=2912"}],"curies":[{"name":"wp","href":"https:\/\/api.w.org\/{rel}","templated":true}]}}