{"id":2901,"date":"2024-08-30T13:57:35","date_gmt":"2024-08-30T11:57:35","guid":{"rendered":"https:\/\/mon.uvic.cat\/nitrecerca\/?page_id=2901"},"modified":"2024-08-30T13:57:35","modified_gmt":"2024-08-30T11:57:35","slug":"life-eco-foodchoice","status":"publish","type":"page","link":"https:\/\/mon.uvic.cat\/nitrecerca\/life-eco-foodchoice\/","title":{"rendered":"LIFE ECO-FOODCHOICE"},"content":{"rendered":"<h3><a href=\"http:\/\/mon.uvic.cat\/nitrecerca\/files\/2024\/08\/LOGO-LIFE-ECOFOODCHOICE.jpg\"><img decoding=\"async\" class=\" wp-image-2900 alignleft\" src=\"http:\/\/mon.uvic.cat\/nitrecerca\/files\/2024\/08\/LOGO-LIFE-ECOFOODCHOICE.jpg\" alt=\"\" width=\"460\" height=\"259\" \/><\/a>Qu\u00e8 \u00e9s LIFE ECO-FOODCHOICE?<\/h3>\n<p>El projecte pret\u00e9n desenvolupar i provar noves metodologies d\u2019inventaris del cicle de vida dels aliments i les puntuacions ambientals, juntament amb un sistema d\u2019etiquetatge, mitjan\u00e7ant l\u2019intercanvi d\u2019experi\u00e8ncies a escala de la UE. Dirigit per nou organitzacions de Fran\u00e7a, Alemanya, Pa\u00efsos Baixos i Espanya, el projecte recolzar\u00e0 la creaci\u00f3 de bases de dades i sistemes d\u2019etiquetatge nacionals i regionals sobre l\u2019impacte ambiental dels aliments. Entre les principals tasques figuren el desenvolupament d\u2019una metodologia harmonitzada per a l\u2019inventari del cicle de vida a Europa, la creaci\u00f3 de nous conjunts de dades per a 30 productes a Alemanya, els Pa\u00efsos Baixos i Espanya, i la concepci\u00f3 d\u2019un m\u00e8tode per afegir les puntuacions avaluaci\u00f3 del cicle de vida en una puntuaci\u00f3 mediambiental (puntuaci\u00f3 E) i un sistema de classificaci\u00f3.<\/p>\n<p>El projecte tamb\u00e9 dissenyar\u00e0 i provar\u00e0 un format d\u2019etiqueta i visual en condicions reals amb consumidors i pagesos a trav\u00e9s de projectes pilot a laboratoris, supermercats i menjadors de tots els pa\u00efsos participants, arribant a 56.300 consumidors europeus. Aquesta iniciativa s\u2019alinea amb les prioritats de la Convocat\u00f2ria de Governan\u00e7a Mediambiental LIFE 2022, amb l\u2019objectiu d\u2019augmentar la conscienciaci\u00f3 sobre la sostenibilitat del sistema alimentari i la informaci\u00f3 dels consumidors, contribuint a l\u2019Estrat\u00e8gia de la granja a la taula de la UE, al Pla d\u2019Acci\u00f3 Contaminaci\u00f3 Zero i als objectius del Green Deal.<\/p>\n<p><a href=\"https:\/\/www.uni-goettingen.de\/en\/685707.html\">Web del projecte<\/a><\/p>\n","protected":false},"excerpt":{"rendered":"<p>Qu\u00e8 \u00e9s LIFE ECO-FOODCHOICE? El projecte pret\u00e9n desenvolupar i provar  [&#8230;]<\/p>\n","protected":false},"author":215,"featured_media":0,"parent":0,"menu_order":0,"comment_status":"closed","ping_status":"closed","template":"100-width.php","meta":{"footnotes":""},"class_list":["post-2901","page","type-page","status-publish","hentry"],"jetpack_sharing_enabled":true,"_links":{"self":[{"href":"https:\/\/mon.uvic.cat\/nitrecerca\/wp-json\/wp\/v2\/pages\/2901","targetHints":{"allow":["GET"]}}],"collection":[{"href":"https:\/\/mon.uvic.cat\/nitrecerca\/wp-json\/wp\/v2\/pages"}],"about":[{"href":"https:\/\/mon.uvic.cat\/nitrecerca\/wp-json\/wp\/v2\/types\/page"}],"author":[{"embeddable":true,"href":"https:\/\/mon.uvic.cat\/nitrecerca\/wp-json\/wp\/v2\/users\/215"}],"replies":[{"embeddable":true,"href":"https:\/\/mon.uvic.cat\/nitrecerca\/wp-json\/wp\/v2\/comments?post=2901"}],"version-history":[{"count":1,"href":"https:\/\/mon.uvic.cat\/nitrecerca\/wp-json\/wp\/v2\/pages\/2901\/revisions"}],"predecessor-version":[{"id":2902,"href":"https:\/\/mon.uvic.cat\/nitrecerca\/wp-json\/wp\/v2\/pages\/2901\/revisions\/2902"}],"wp:attachment":[{"href":"https:\/\/mon.uvic.cat\/nitrecerca\/wp-json\/wp\/v2\/media?parent=2901"}],"curies":[{"name":"wp","href":"https:\/\/api.w.org\/{rel}","templated":true}]}}