{"id":2897,"date":"2024-08-30T13:52:02","date_gmt":"2024-08-30T11:52:02","guid":{"rendered":"https:\/\/mon.uvic.cat\/nitrecerca\/?page_id=2897"},"modified":"2024-08-30T13:52:02","modified_gmt":"2024-08-30T11:52:02","slug":"cardimed","status":"publish","type":"page","link":"https:\/\/mon.uvic.cat\/nitrecerca\/cardimed\/","title":{"rendered":"CARDIMED"},"content":{"rendered":"<h3><a href=\"http:\/\/mon.uvic.cat\/nitrecerca\/files\/2024\/08\/LOGO-CARDIMED-WEB.jpg\"><img decoding=\"async\" class=\"wp-image-2896 alignleft\" src=\"http:\/\/mon.uvic.cat\/nitrecerca\/files\/2024\/08\/LOGO-CARDIMED-WEB.jpg\" alt=\"\" width=\"493\" height=\"278\" \/><\/a>Qu\u00e8 \u00e9s CARDIMED?<\/h3>\n<p><a href=\"https:\/\/cordis.europa.eu\/project\/id\/101112731\/es\"><strong>CARDIMED<\/strong><\/a>\u00a0establir\u00e0 un marc per desenvolupar la resili\u00e8ncia clim\u00e0tica a la regi\u00f3 biogeogr\u00e0fica mediterr\u00e0nia, combinant de forma eficient els esfor\u00e7os individuals de regions i comunitats de diferents pa\u00efsos i continents. Aix\u00f2 s\u2019aconseguir\u00e0 mitjan\u00e7ant el desplegament de la infraestructura digital per harmonitzar els processos de recopilaci\u00f3 i avaluaci\u00f3 de dades, proporcionar dades obertes a tots els actors involucrats a la cadena de valor de les Solucions Basades en la Naturalesa (NbS), i integrar funcions cr\u00edtiques per a la Resili\u00e8ncia Clim\u00e0tica.<\/p>\n<p>Entre aquestes funcions, les eines digitals intel\u00b7ligents per a la participaci\u00f3 ciutadana i el desenvolupament de capacitats complementaran una ambiciosa estrat\u00e8gia de participaci\u00f3 de m\u00faltiples parts interessades centrada en la traducci\u00f3 de coneixements i les vies dimpacte. A m\u00e9s, les eines de modelitzaci\u00f3 hol\u00edstica que introdueixen l\u2019enfocament del nexe Aigua-Energia-Aliments-Ecosistemes (WEFE) proporcionaran coneixements exhaustius sobre les complexes interf\u00edcies NbS que seran crucials per abordar els reptes socioambientals, aix\u00ed com les q\u00fcestions de valoraci\u00f3 i la baixa taxa d\u2019inversi\u00f3 a NbS.<\/p>\n<p>Aquestes accions es duran a terme a 9 llocs de demostraci\u00f3, compostos per 10 regions, 20 llocs i 28 municipis, que comprenen 47 NbS directament vinculades a 83 intervencions i unitats de suport que aborden els desafiaments del canvi clim\u00e0tic i la circularitat. La consolidaci\u00f3 de les regions i comunitats de demostraci\u00f3 crear\u00e0 l\u2019Alian\u00e7a de Resili\u00e8ncia CARDIMED, que actuar\u00e0 com a vehicle per a l\u2019expansi\u00f3 de la xarxa a trav\u00e9s de l\u2019ampliaci\u00f3 dels llocs existents i l\u2019addici\u00f3 de nous.<\/p>\n<p>El projecte inclou 5 casos de transferibilitat i 10 m\u00e9s que es definiran durant l\u2019execuci\u00f3.<\/p>\n<p><a href=\"https:\/\/www.cardimed-project.eu\/\">Web del projecte<\/a><\/p>\n","protected":false},"excerpt":{"rendered":"<p>Qu\u00e8 \u00e9s CARDIMED? CARDIMED\u00a0establir\u00e0 un marc per desenvolupar la resili\u00e8ncia  [&#8230;]<\/p>\n","protected":false},"author":215,"featured_media":0,"parent":0,"menu_order":0,"comment_status":"closed","ping_status":"closed","template":"100-width.php","meta":{"footnotes":""},"class_list":["post-2897","page","type-page","status-publish","hentry"],"jetpack_sharing_enabled":true,"_links":{"self":[{"href":"https:\/\/mon.uvic.cat\/nitrecerca\/wp-json\/wp\/v2\/pages\/2897","targetHints":{"allow":["GET"]}}],"collection":[{"href":"https:\/\/mon.uvic.cat\/nitrecerca\/wp-json\/wp\/v2\/pages"}],"about":[{"href":"https:\/\/mon.uvic.cat\/nitrecerca\/wp-json\/wp\/v2\/types\/page"}],"author":[{"embeddable":true,"href":"https:\/\/mon.uvic.cat\/nitrecerca\/wp-json\/wp\/v2\/users\/215"}],"replies":[{"embeddable":true,"href":"https:\/\/mon.uvic.cat\/nitrecerca\/wp-json\/wp\/v2\/comments?post=2897"}],"version-history":[{"count":1,"href":"https:\/\/mon.uvic.cat\/nitrecerca\/wp-json\/wp\/v2\/pages\/2897\/revisions"}],"predecessor-version":[{"id":2898,"href":"https:\/\/mon.uvic.cat\/nitrecerca\/wp-json\/wp\/v2\/pages\/2897\/revisions\/2898"}],"wp:attachment":[{"href":"https:\/\/mon.uvic.cat\/nitrecerca\/wp-json\/wp\/v2\/media?parent=2897"}],"curies":[{"name":"wp","href":"https:\/\/api.w.org\/{rel}","templated":true}]}}