{"id":2890,"date":"2024-08-30T13:37:40","date_gmt":"2024-08-30T11:37:40","guid":{"rendered":"https:\/\/mon.uvic.cat\/nitrecerca\/?page_id=2890"},"modified":"2024-08-30T13:37:45","modified_gmt":"2024-08-30T11:37:45","slug":"delisoil","status":"publish","type":"page","link":"https:\/\/mon.uvic.cat\/nitrecerca\/delisoil\/","title":{"rendered":"DELISOIL"},"content":{"rendered":"<h3><a href=\"http:\/\/mon.uvic.cat\/nitrecerca\/files\/2024\/08\/DeliSoil-logo-2.png\"><img decoding=\"async\" class=\"wp-image-2889 alignleft\" src=\"http:\/\/mon.uvic.cat\/nitrecerca\/files\/2024\/08\/DeliSoil-logo-2.png\" alt=\"\" width=\"480\" height=\"237\" \/><\/a>Qu\u00e8 \u00e9s DELISOIL?<\/h3>\n<p>DeliSoil adopta un enfoc multiactor i transdisciplinar per dissenyar sistemes que minimitzen el processament de residus derivats de la ind\u00fastria aliment\u00e0ria i valoritzen els seus subproductes. S\u2019aplica un enfocament de bioeconomia circular juntament amb la jerarquia de residus, creant milloradors del s\u00f2l sostenibles en suport de la salut del s\u00f2l a Europa.<\/p>\n<p>El projecte compta amb 5\u00a0<em>Living Labs<\/em>\u00a0regionals, amb actors al llarg de tota la cadena de valor de la ind\u00fastria aliment\u00e0ria en qu\u00e8 es proven tecnologies innovadores per convertir residus de les ind\u00fastries de processament i producci\u00f3 d\u2019aliments en milloradors de s\u00f2l a la mesura. Els socis del projecte i les empreses avaluaran els milloradors del s\u00f2l a laboratoris d\u2019\u00faltima generaci\u00f3, i els usuaris finals provaran les solucions del projecte.<\/p>\n<p>Es provaran els milloradors del s\u00f2l personalitzats per determinar l\u2019estabilitat, la bioseguretat i els par\u00e0metres moleculars, i se n\u2019avaluaran els impactes en la salut del s\u00f2l, el rendiment agron\u00f2mic i els riscos ambientals. Les petjades ambientals tamb\u00e9 es mesuraran per a productes seleccionats. Per al DeliSoil \u00e9s molt important identificar les barreres tecnol\u00f2giques, legislatives, financeres i socials i els facilitadors per a la conversi\u00f3 dels fluxos de residus del processament d\u2019aliments en milloradors org\u00e0nics del s\u00f2l i productes fertilitzants. A m\u00e9s, aquests resultats serviran per analitzar l\u2019equitat al llarg de les cadenes de valor dels\u00a0<em>Living Labs<\/em>.<\/p>\n<p>DeliSoil est\u00e0 coordinat per\u00a0<strong><a href=\"https:\/\/www.luke.fi\/en\">LUKE<\/a>\u00a0<\/strong>(Finl\u00e0ndia) i compta amb la participaci\u00f3 de 14 socis de 10 pa\u00efsos europeus.<\/p>\n<p><strong>Participaci\u00f3 del CT BETA al projecte:<\/strong><\/p>\n<p>El\u00a0<a href=\"https:\/\/betatechcenter.com\/\"><strong>CT BETA<\/strong><\/a>\u00a0\u00e9s el l\u00edder del WP 1 i coordina els esfor\u00e7os per promoure les tecnologies proposades per convertir els residus de la ind\u00fastria aliment\u00e0ria en milloradors del s\u00f2l. El CT BETA \u00e9s tamb\u00e9 el l\u00edder del\u00a0<em>Living Lab E<\/em>\u00a0(cas Espanya) i el\u00a0<em>Lighthouse<\/em>\u00a0corresponent, demostrant tecnologies a gran escala (Digesti\u00f3 anaer\u00f2bia i Compostatge) i sistemes innovadors (Fermentaci\u00f3 en estat s\u00f2lid i Pir\u00f2lisi) per valoritzar els residus de la ind\u00fastria aliment\u00e0ria en milloradors del terra. A m\u00e9s, el CT BETA participa al WP2 en l\u2019avaluaci\u00f3 de la salut del s\u00f2l mitjan\u00e7ant l\u2019\u00fas dels milloradors de s\u00f2l produ\u00efts i dona suport a altres WP amb informaci\u00f3 associada.<\/p>\n<p><a href=\"https:\/\/delisoil.eu\/\">Web del projecte<\/a><\/p>\n","protected":false},"excerpt":{"rendered":"<p>Qu\u00e8 \u00e9s DELISOIL? DeliSoil adopta un enfoc multiactor i transdisciplinar  [&#8230;]<\/p>\n","protected":false},"author":215,"featured_media":0,"parent":0,"menu_order":0,"comment_status":"closed","ping_status":"closed","template":"100-width.php","meta":{"footnotes":""},"class_list":["post-2890","page","type-page","status-publish","hentry"],"jetpack_sharing_enabled":true,"_links":{"self":[{"href":"https:\/\/mon.uvic.cat\/nitrecerca\/wp-json\/wp\/v2\/pages\/2890","targetHints":{"allow":["GET"]}}],"collection":[{"href":"https:\/\/mon.uvic.cat\/nitrecerca\/wp-json\/wp\/v2\/pages"}],"about":[{"href":"https:\/\/mon.uvic.cat\/nitrecerca\/wp-json\/wp\/v2\/types\/page"}],"author":[{"embeddable":true,"href":"https:\/\/mon.uvic.cat\/nitrecerca\/wp-json\/wp\/v2\/users\/215"}],"replies":[{"embeddable":true,"href":"https:\/\/mon.uvic.cat\/nitrecerca\/wp-json\/wp\/v2\/comments?post=2890"}],"version-history":[{"count":1,"href":"https:\/\/mon.uvic.cat\/nitrecerca\/wp-json\/wp\/v2\/pages\/2890\/revisions"}],"predecessor-version":[{"id":2891,"href":"https:\/\/mon.uvic.cat\/nitrecerca\/wp-json\/wp\/v2\/pages\/2890\/revisions\/2891"}],"wp:attachment":[{"href":"https:\/\/mon.uvic.cat\/nitrecerca\/wp-json\/wp\/v2\/media?parent=2890"}],"curies":[{"name":"wp","href":"https:\/\/api.w.org\/{rel}","templated":true}]}}