{"id":2876,"date":"2024-08-30T12:58:14","date_gmt":"2024-08-30T10:58:14","guid":{"rendered":"https:\/\/mon.uvic.cat\/nitrecerca\/?page_id=2876"},"modified":"2024-08-30T12:58:23","modified_gmt":"2024-08-30T10:58:23","slug":"regenu","status":"publish","type":"page","link":"https:\/\/mon.uvic.cat\/nitrecerca\/regenu\/","title":{"rendered":"REGENU"},"content":{"rendered":"<h3><a href=\"http:\/\/mon.uvic.cat\/nitrecerca\/files\/2024\/08\/REGEn-LOGO.png.png\"><img decoding=\"async\" class=\"size-full wp-image-2877 alignleft\" src=\"http:\/\/mon.uvic.cat\/nitrecerca\/files\/2024\/08\/REGEn-LOGO.png.png\" alt=\"\" width=\"250\" height=\"191\" \/><\/a>Qu\u00e8 \u00e9s REGENU?<\/h3>\n<p>M\u00e9s recentment, les economies occidentals han reconegut la necessitat de fer una transici\u00f3 per convertir-se en \u201ceconomies regeneratives\u201d. Segons el Pacte Verd Europeu, hi ha una gran necessitat d\u2019impulsar l\u2019\u00fas eficient dels recursos passant a una economia neta i circular per aturar el canvi clim\u00e0tic, invertir la p\u00e8rdua de biodiversitat i reduir la contaminaci\u00f3.<\/p>\n<p>Durant d\u00e8cades, les universitats han estimulat el creixement econ\u00f2mic mitjan\u00e7ant la recerca d\u2019inter\u00e8s industrial, la comercialitzaci\u00f3 de tecnologia, les empreses derivades d\u2019alta tecnologia i el desenvolupament del talent. REGENU aborda la necessitat d\u2019innovaci\u00f3 a les institucions d\u2019educaci\u00f3 superior (IES) i als sistemes de formaci\u00f3 per a joves mitjan\u00e7ant la identificaci\u00f3, el desenvolupament i la posada a prova d\u2019enfocaments educatius innovadors que tinguin el potencial de formar part dels plans d\u2019estudi habituals de les IES i, aix\u00ed, establir les bases per a la transici\u00f3 ecol\u00f2gica a trav\u00e9s de l\u2019educaci\u00f3 i la formaci\u00f3.<\/p>\n<p>Mitjan\u00e7ant enfocaments innovadors i emprenedors d\u2019aprenentatge, REGENU abordar\u00e0 el repte del canvi clim\u00e0tic i la necessitat d\u2019una aplicaci\u00f3 sist\u00e8mica del Pacte Verd Europeu mitjan\u00e7ant el desenvolupament de models empresarials que passin d\u2019un model extractiu a un model regeneratiu de l\u2019economia .<\/p>\n<p>Tenint en compte aquests reptes, el projecte treballar\u00e0 per assolir els objectius seg\u00fcents<\/p>\n<ul class=\"without-class\">\n<li>Dotar les parts interessades de les IES (personal, professors, investigadors i estudiants) de coneixements, habilitats, actituds i eines i mecanismes sobre leconomia regenerativa.<\/li>\n<li>IMPLICAR les parts interessades en el model de col\u00b7laboraci\u00f3 universitat-ind\u00fastria-govern-societat civil (qu\u00e0druple h\u00e8lix) centrant-se en pol\u00edtiques i accions ecol\u00f2giques renovables sostenibles per augmentar el suport a solucions d\u2019economia regenerativa sostenible mitjan\u00e7ant<\/li>\n<li>EMPODERAR professors, investigadors, estudiants, professionals de la transfer\u00e8ncia de coneixements i responsables pol\u00edtics per convertir idees innovadores i oportunitats pol\u00edtiques creatives en solucions aplicables, renovables, sostenibles i comercialitzables.<\/li>\n<\/ul>\n<p><a href=\"https:\/\/regenu.eu\/\">Web del projecte<\/a><\/p>\n","protected":false},"excerpt":{"rendered":"<p>Qu\u00e8 \u00e9s REGENU? M\u00e9s recentment, les economies occidentals han reconegut  [&#8230;]<\/p>\n","protected":false},"author":215,"featured_media":0,"parent":0,"menu_order":0,"comment_status":"closed","ping_status":"closed","template":"100-width.php","meta":{"footnotes":""},"class_list":["post-2876","page","type-page","status-publish","hentry"],"jetpack_sharing_enabled":true,"_links":{"self":[{"href":"https:\/\/mon.uvic.cat\/nitrecerca\/wp-json\/wp\/v2\/pages\/2876","targetHints":{"allow":["GET"]}}],"collection":[{"href":"https:\/\/mon.uvic.cat\/nitrecerca\/wp-json\/wp\/v2\/pages"}],"about":[{"href":"https:\/\/mon.uvic.cat\/nitrecerca\/wp-json\/wp\/v2\/types\/page"}],"author":[{"embeddable":true,"href":"https:\/\/mon.uvic.cat\/nitrecerca\/wp-json\/wp\/v2\/users\/215"}],"replies":[{"embeddable":true,"href":"https:\/\/mon.uvic.cat\/nitrecerca\/wp-json\/wp\/v2\/comments?post=2876"}],"version-history":[{"count":2,"href":"https:\/\/mon.uvic.cat\/nitrecerca\/wp-json\/wp\/v2\/pages\/2876\/revisions"}],"predecessor-version":[{"id":2879,"href":"https:\/\/mon.uvic.cat\/nitrecerca\/wp-json\/wp\/v2\/pages\/2876\/revisions\/2879"}],"wp:attachment":[{"href":"https:\/\/mon.uvic.cat\/nitrecerca\/wp-json\/wp\/v2\/media?parent=2876"}],"curies":[{"name":"wp","href":"https:\/\/api.w.org\/{rel}","templated":true}]}}