{"id":2873,"date":"2024-08-30T12:52:36","date_gmt":"2024-08-30T10:52:36","guid":{"rendered":"https:\/\/mon.uvic.cat\/nitrecerca\/?page_id=2873"},"modified":"2024-08-30T12:52:36","modified_gmt":"2024-08-30T10:52:36","slug":"community4innovation","status":"publish","type":"page","link":"https:\/\/mon.uvic.cat\/nitrecerca\/community4innovation\/","title":{"rendered":"Community4Innovation"},"content":{"rendered":"<h3><a href=\"http:\/\/mon.uvic.cat\/nitrecerca\/files\/2024\/08\/LOGO-COMMUNITIES4INNOVATION.jpg\"><img decoding=\"async\" class=\" wp-image-2872 alignleft\" src=\"http:\/\/mon.uvic.cat\/nitrecerca\/files\/2024\/08\/LOGO-COMMUNITIES4INNOVATION.jpg\" alt=\"\" width=\"286\" height=\"98\" \/><\/a>Qu\u00e8 \u00e9s\u00a0Community4Innovation?<\/h3>\n<p>Hi ha un consens creixent a diversos nivells sobre el paper de la innovaci\u00f3 transformadora local per assolir els ambiciosos Objectius de Desenvolupament Sostenible (ODS) i crear converg\u00e8ncia pol\u00edtica i operativa per accelerar la transici\u00f3 de la regi\u00f3 mediterr\u00e0nia cap a una economia verda, blava, circular i inclusiva.<\/p>\n<p>En aquest context, la missi\u00f3 d\u2019<a href=\"https:\/\/innovative-sustainable-economy.interreg-euro-med.eu\/\"><strong>Economia Sostenible Innovadora del Programa Interreg Euro-MED<\/strong><\/a>\u00a0treballa per impulsar una transici\u00f3 justa cap a una economia circular a trav\u00e9s de dos projectes de governan\u00e7a que promouen el coneixement t\u00e8cnic innovador i garanteixen la transfer\u00e8ncia de noves solucions a les pol\u00edtiques p\u00fabliques. Per amplificar els resultats dels projectes tem\u00e0tics individuals i augmentar l\u2019impacte global de la missi\u00f3, la missi\u00f3 es basa en el coneixement i la implementaci\u00f3 sobre el terreny del Projecte de Comunitat Tem\u00e0tica, juntament amb el coneixement de pol\u00edtiques i promoci\u00f3 del Projecte de Di\u00e0leg Institucional.<\/p>\n<p>Conjuntament, els dos projectes de governan\u00e7a contribueixen \u00a0a: i) facilitar l\u2019explotaci\u00f3 i la REUTILITZACI\u00d3 de coneixements, experi\u00e8ncies i resultats del projecte cap a altres parts interessades; ii) facilitar la TRANSFER\u00c8NCIA de resultats a altres parts interessades, programes i territoris i la seva integraci\u00f3 en les pol\u00edtiques locals, regionals, nacionals i europees; i iii) augmentar la COORDINACI\u00d3 entre els actors que cobreixen la Mediterr\u00e0nia a partir de coneixements, experi\u00e8ncies i resultats compartits.<\/p>\n<p>En particular, el Projecte de Comunitat Tem\u00e0tica (presentat amb el nom de Community4Innovation) est\u00e0 desenvolupant i millorant les capacitats de recerca i innovaci\u00f3 per a l\u2019adopci\u00f3 de tecnologies per tal de donar suport a la transici\u00f3 cap a una economia circular i consolidar un ecosistema d\u2019innovaci\u00f3 competitiu amb els grups d\u2019inter\u00e8s de la 4-ple h\u00e8lix. Per tant, Community4Innovation actua com una comunitat compromesa i estructurada que millora la col\u00b7laboraci\u00f3 entre projectes, parts interessades i institucions rellevants per trobar solucions a reptes comuns i promoure la transfer\u00e8ncia de noves pr\u00e0ctiques a altres actors i territoris per a la seva integraci\u00f3 en pol\u00edtiques i estrat\u00e8gies.<\/p>\n<p>Els principals resultats inclouen l\u2019activaci\u00f3 d\u2019una Comunitat de Pr\u00e0ctica, la posada en marxa i l\u2019animaci\u00f3 del Hub d\u2019Economia Sostenible Innovadora, el desenvolupament de capacitats, i el foment d\u2019activitats conjuntes de promoci\u00f3 per a l\u2019assoliment general dels ODS.<\/p>\n<p>El consorci Community4Innovation est\u00e0 integrat per 10 socis d\u2019Espanya, It\u00e0lia, Gr\u00e8cia, B\u00f2snia i Hercegovina, B\u00e8lgica, Fran\u00e7a i Bulg\u00e0ria. El projecte Community4Innovation \u00e9s el successor de la Comunitat Green Growth de l\u2019anterior per\u00edode de programaci\u00f3 Interreg MED 2014-2021, ambdues coordinades pel Centre Tecnol\u00f2gic BETA.<\/p>\n<p><a href=\"https:\/\/innovative-sustainable-economy.interreg-euro-med.eu\/\">Web del projecte<\/a><\/p>\n","protected":false},"excerpt":{"rendered":"<p>Qu\u00e8 \u00e9s\u00a0Community4Innovation? Hi ha un consens creixent a diversos nivells  [&#8230;]<\/p>\n","protected":false},"author":215,"featured_media":0,"parent":0,"menu_order":0,"comment_status":"closed","ping_status":"closed","template":"100-width.php","meta":{"footnotes":""},"class_list":["post-2873","page","type-page","status-publish","hentry"],"jetpack_sharing_enabled":true,"_links":{"self":[{"href":"https:\/\/mon.uvic.cat\/nitrecerca\/wp-json\/wp\/v2\/pages\/2873","targetHints":{"allow":["GET"]}}],"collection":[{"href":"https:\/\/mon.uvic.cat\/nitrecerca\/wp-json\/wp\/v2\/pages"}],"about":[{"href":"https:\/\/mon.uvic.cat\/nitrecerca\/wp-json\/wp\/v2\/types\/page"}],"author":[{"embeddable":true,"href":"https:\/\/mon.uvic.cat\/nitrecerca\/wp-json\/wp\/v2\/users\/215"}],"replies":[{"embeddable":true,"href":"https:\/\/mon.uvic.cat\/nitrecerca\/wp-json\/wp\/v2\/comments?post=2873"}],"version-history":[{"count":1,"href":"https:\/\/mon.uvic.cat\/nitrecerca\/wp-json\/wp\/v2\/pages\/2873\/revisions"}],"predecessor-version":[{"id":2874,"href":"https:\/\/mon.uvic.cat\/nitrecerca\/wp-json\/wp\/v2\/pages\/2873\/revisions\/2874"}],"wp:attachment":[{"href":"https:\/\/mon.uvic.cat\/nitrecerca\/wp-json\/wp\/v2\/media?parent=2873"}],"curies":[{"name":"wp","href":"https:\/\/api.w.org\/{rel}","templated":true}]}}