{"id":2857,"date":"2024-08-30T12:21:06","date_gmt":"2024-08-30T10:21:06","guid":{"rendered":"https:\/\/mon.uvic.cat\/nitrecerca\/?page_id=2857"},"modified":"2024-08-30T12:21:06","modified_gmt":"2024-08-30T10:21:06","slug":"nutri-know","status":"publish","type":"page","link":"https:\/\/mon.uvic.cat\/nitrecerca\/nutri-know\/","title":{"rendered":"NUTRI-KNOW"},"content":{"rendered":"<h3><a href=\"http:\/\/mon.uvic.cat\/nitrecerca\/files\/2024\/08\/Nutri-Know-Logo-Horizontal_Color.png\"><img decoding=\"async\" class=\"wp-image-2856 alignleft\" src=\"http:\/\/mon.uvic.cat\/nitrecerca\/files\/2024\/08\/Nutri-Know-Logo-Horizontal_Color.png\" alt=\"\" width=\"498\" height=\"148\" \/><\/a>Qu\u00e8 \u00e9s NUTRI-KNOW?<\/h3>\n<p>NUTRI-KNOW t\u00e9 la intenci\u00f3 de millorar les pr\u00e0ctiques de gesti\u00f3 de nutrients en l\u2019agricultura recollint i compartint el coneixement de m\u00faltiples grups operatius EIP-AGRI (Associaci\u00f3 Europea de la Innovaci\u00f3 en Productivitat Agr\u00edcola i Sostenibilitat) de quatre estats membres de la UE. Aquests projectes van agrupar agricultors, investigadors i altres parts interessades per treballar junts i desenvolupar i aplicar solucions innovadores a problemes pr\u00e0ctics del sector agr\u00edcola. Aix\u00ed, NUTRI-KNOW vol capitalitzar aquest coneixement dels grups operatius EIP-AGRI en el camp de la gesti\u00f3 de nutrients mitjan\u00e7ant la prestaci\u00f3 d\u2019informaci\u00f3 f\u00e0cil d\u2019entendre i orientar-se a la pr\u00e0ctica, dirigida a agricultors i professionals. A m\u00e9s, el valor afegit del projecte \u00e9s cuinar i codificar una metodologia per a l\u2019amplificaci\u00f3 de resultats que pot augmentar l\u2019impacte i ampliar els resultats del projecte en totes les \u00e0rees rellevants.<\/p>\n<p>El coneixement del projecte que es centrar\u00e0 en la millora innovadora de les pr\u00e0ctiques de gesti\u00f3 de nutrients en l\u2019agricultura tant per als agricultors com per al medi ambient. El seu objectiu \u00e9s reunir agricultors i cient\u00edfics per compartir coneixement i tecnologia relacionats amb la gesti\u00f3 de nutrients i promoure una major difusi\u00f3 i adopci\u00f3 de pr\u00e0ctiques de gesti\u00f3 de nutrients sostenibles.<\/p>\n<p><a href=\"https:\/\/www.nutri-know.eu\/\">Web del projecte<\/a><\/p>\n","protected":false},"excerpt":{"rendered":"<p>Qu\u00e8 \u00e9s NUTRI-KNOW? NUTRI-KNOW t\u00e9 la intenci\u00f3 de millorar les  [&#8230;]<\/p>\n","protected":false},"author":215,"featured_media":0,"parent":0,"menu_order":0,"comment_status":"closed","ping_status":"closed","template":"100-width.php","meta":{"footnotes":""},"class_list":["post-2857","page","type-page","status-publish","hentry"],"jetpack_sharing_enabled":true,"_links":{"self":[{"href":"https:\/\/mon.uvic.cat\/nitrecerca\/wp-json\/wp\/v2\/pages\/2857","targetHints":{"allow":["GET"]}}],"collection":[{"href":"https:\/\/mon.uvic.cat\/nitrecerca\/wp-json\/wp\/v2\/pages"}],"about":[{"href":"https:\/\/mon.uvic.cat\/nitrecerca\/wp-json\/wp\/v2\/types\/page"}],"author":[{"embeddable":true,"href":"https:\/\/mon.uvic.cat\/nitrecerca\/wp-json\/wp\/v2\/users\/215"}],"replies":[{"embeddable":true,"href":"https:\/\/mon.uvic.cat\/nitrecerca\/wp-json\/wp\/v2\/comments?post=2857"}],"version-history":[{"count":1,"href":"https:\/\/mon.uvic.cat\/nitrecerca\/wp-json\/wp\/v2\/pages\/2857\/revisions"}],"predecessor-version":[{"id":2858,"href":"https:\/\/mon.uvic.cat\/nitrecerca\/wp-json\/wp\/v2\/pages\/2857\/revisions\/2858"}],"wp:attachment":[{"href":"https:\/\/mon.uvic.cat\/nitrecerca\/wp-json\/wp\/v2\/media?parent=2857"}],"curies":[{"name":"wp","href":"https:\/\/api.w.org\/{rel}","templated":true}]}}