{"id":2849,"date":"2024-08-30T12:10:06","date_gmt":"2024-08-30T10:10:06","guid":{"rendered":"https:\/\/mon.uvic.cat\/nitrecerca\/?page_id=2849"},"modified":"2024-08-30T12:10:06","modified_gmt":"2024-08-30T10:10:06","slug":"sempre-bio","status":"publish","type":"page","link":"https:\/\/mon.uvic.cat\/nitrecerca\/sempre-bio\/","title":{"rendered":"SEMPRE-BIO"},"content":{"rendered":"<h3><a href=\"http:\/\/mon.uvic.cat\/nitrecerca\/files\/2024\/08\/SEMPREBIO-LOGOS-05.png\"><img decoding=\"async\" class=\"alignright  wp-image-2848\" src=\"http:\/\/mon.uvic.cat\/nitrecerca\/files\/2024\/08\/SEMPREBIO-LOGOS-05.png\" alt=\"\" width=\"710\" height=\"117\" \/><\/a>Qu\u00e8 \u00e9s SEMPRE-BIO?<\/h3>\n<p>El projecte europeu de recerca SEMPRE-BIO, liderat per\u00a0<a href=\"https:\/\/www.cetaqua.com\/\"><strong>Cetaqua<\/strong><\/a>, centre tecnol\u00f2gic de l\u2019aigua, treballar\u00e0 per demostrar solucions rendibles noves de producci\u00f3 de biomet\u00e0. Aquesta iniciativa cercar\u00e0 reduir els costos d\u2019inversi\u00f3 i explotaci\u00f3 de les plantes de producci\u00f3 de biomet\u00e0 i ampliar el potencial de producci\u00f3 de biomet\u00e0 a trav\u00e9s de noves vies de valoritzaci\u00f3 de residus. Aix\u00ed mateix, SEMPRE-BIO tamb\u00e9 proposar\u00e0 fonts alternatives de monetitzaci\u00f3, com ara la valoritzaci\u00f3 de CO2 biog\u00e8nic o la comercialitzaci\u00f3 de biocarb\u00f3.<\/p>\n<p>S\u2019espera que la implementaci\u00f3 de les solucions proposades al projecte promogui projectes d\u2019economia circular a nivell local i redueixi la depend\u00e8ncia de les importacions de gas natural i gas natural liquat (GNL). A gran escala, SEMPRE-BIO pret\u00e9n promoure l\u2019\u00fas del biomet\u00e0 com a substitut dels combustibles f\u00f2ssils utilitzats al transport i la xarxa de gas natural, amb una reducci\u00f3 estimada de les emissions de CO2 de 213 milions de tones a l\u2019any per al 2050.<\/p>\n<p>Per assolir el seu objectiu, SEMPRE-BIO crear\u00e0 tres ecosistemes d\u2019innovaci\u00f3 en qu\u00e8, a trav\u00e9s de processos de co-creaci\u00f3, es proposaran solucions espec\u00edfiques per a cadascun dels escenaris, representatius de les diferents situacions existents a Europa en mat\u00e8ria de producci\u00f3 de biomet\u00e0. Es provaran cinc tecnologies innovadores que contribuiran a diversificar la base tecnol\u00f2gica de conversi\u00f3 per a la producci\u00f3 de biomet\u00e0, i se\u2019n fomentar\u00e0 la replicaci\u00f3 en altres plantes.<\/p>\n<p>D\u2019altra banda, es dur\u00e0 a terme una avaluaci\u00f3 tecnol\u00f2gica i econ\u00f2mica exhaustiva per mostrar els beneficis d\u2019aquestes solucions en comparaci\u00f3 del gas f\u00f2ssil i les tecnologies convencionals de millora del biog\u00e0s, superant les barreres existents per adoptar-les massivament. Aquesta avaluaci\u00f3 se centrar\u00e0 principalment en aspectes relacionats amb la millora de l\u2019efici\u00e8ncia de la producci\u00f3 de biomet\u00e0 i la reducci\u00f3 de costos, per\u00f2 tamb\u00e9 tindr\u00e0 un enfocament fort en la minimitzaci\u00f3 de les emissions de gasos d\u2019efecte hivernacle, amb l\u2019objectiu d\u2019augmentar la sostenibilitat i fomentar models d\u2019economia circular.<\/p>\n<p><a href=\"https:\/\/sempre-bio.com\/\">Web del projecte<\/a><\/p>\n","protected":false},"excerpt":{"rendered":"<p>Qu\u00e8 \u00e9s SEMPRE-BIO? El projecte europeu de recerca SEMPRE-BIO, liderat  [&#8230;]<\/p>\n","protected":false},"author":215,"featured_media":0,"parent":0,"menu_order":0,"comment_status":"closed","ping_status":"closed","template":"100-width.php","meta":{"footnotes":""},"class_list":["post-2849","page","type-page","status-publish","hentry"],"jetpack_sharing_enabled":true,"_links":{"self":[{"href":"https:\/\/mon.uvic.cat\/nitrecerca\/wp-json\/wp\/v2\/pages\/2849","targetHints":{"allow":["GET"]}}],"collection":[{"href":"https:\/\/mon.uvic.cat\/nitrecerca\/wp-json\/wp\/v2\/pages"}],"about":[{"href":"https:\/\/mon.uvic.cat\/nitrecerca\/wp-json\/wp\/v2\/types\/page"}],"author":[{"embeddable":true,"href":"https:\/\/mon.uvic.cat\/nitrecerca\/wp-json\/wp\/v2\/users\/215"}],"replies":[{"embeddable":true,"href":"https:\/\/mon.uvic.cat\/nitrecerca\/wp-json\/wp\/v2\/comments?post=2849"}],"version-history":[{"count":1,"href":"https:\/\/mon.uvic.cat\/nitrecerca\/wp-json\/wp\/v2\/pages\/2849\/revisions"}],"predecessor-version":[{"id":2850,"href":"https:\/\/mon.uvic.cat\/nitrecerca\/wp-json\/wp\/v2\/pages\/2849\/revisions\/2850"}],"wp:attachment":[{"href":"https:\/\/mon.uvic.cat\/nitrecerca\/wp-json\/wp\/v2\/media?parent=2849"}],"curies":[{"name":"wp","href":"https:\/\/api.w.org\/{rel}","templated":true}]}}