{"id":2844,"date":"2024-08-30T12:05:28","date_gmt":"2024-08-30T10:05:28","guid":{"rendered":"https:\/\/mon.uvic.cat\/nitrecerca\/?page_id=2844"},"modified":"2024-08-30T12:05:28","modified_gmt":"2024-08-30T10:05:28","slug":"smart4env","status":"publish","type":"page","link":"https:\/\/mon.uvic.cat\/nitrecerca\/smart4env\/","title":{"rendered":"SMART4ENV"},"content":{"rendered":"<h3><a href=\"http:\/\/mon.uvic.cat\/nitrecerca\/files\/2024\/08\/SMART4ENV-LOGO-300x300-1.png\"><img decoding=\"async\" class=\"size-full wp-image-2845 alignleft\" src=\"http:\/\/mon.uvic.cat\/nitrecerca\/files\/2024\/08\/SMART4ENV-LOGO-300x300-1.png\" alt=\"\" width=\"300\" height=\"300\" \/><\/a>Qu\u00e8 \u00e9s\u00a0SMART4ENV?<\/h3>\n<p>SMART4ENV \u00e9s un projecte destinat a millorar les capacitats d\u2019investigaci\u00f3 i innovaci\u00f3 del Centre d\u2019Investigaci\u00f3 TUBITAK M\u00e1rmara (TUBITAK MAM) per impulsar el seu prestigi cient\u00edfic, atraure m\u00e9s inter\u00e8s i millorar els seus canals de creaci\u00f3 de xarxes. El projecte es centra en promoure l\u2019excel\u00b7l\u00e8ncia cient\u00edfica en el camp de les solucions mediambientals intel\u00b7ligents per afrontar els retocs del canvi clim\u00e0tic en els sectors de l\u2019aigua, l\u2019agricultura i la salut p\u00fablica.<\/p>\n<p>El projecte millorar\u00e0 les capacitats d\u2019investigaci\u00f3 i transfer\u00e8ncia de coneixements de TUBITAK MAM i oferir\u00e0 oportunitats de desenvolupament de capacitats als seus cient\u00edfics permanents i investigadors en la fase inicial. Tamb\u00e9 facilitar\u00e0 la col\u00b7laboraci\u00f3 entre el m\u00f3n acad\u00e8mic, la ind\u00fastria i les parts interessades a Turquia, centrant-se en la investigaci\u00f3 sostenible, la creaci\u00f3 de xarxes internacionals, la mobilitat i la integraci\u00f3 a l\u2019Espai Europeu d\u2019Investigaci\u00f3.<\/p>\n<p>Al treballar amb socis de la UE que tenen un historial provat d\u2019excel\u00b7l\u00e8ncia cient\u00edfica i impacte en les pol\u00edtiques nacionals, el projecte millorar\u00e0 les habilitats i les experi\u00e8ncies personals d\u2019investigaci\u00f3 de TUBITAK MAM, incloent una nova generaci\u00f3 de joves cient\u00edfics.<\/p>\n<p>A nivell cient\u00edfic, el projecte pret\u00e9n ampliar la comunitat d\u2019investigadors competitius i prestigiosos de TUBITAK MAM, connectant-se amb els sistemes d\u2019I+i internacionals i rellevants i amb el suport de gestors d\u2019I+i qualificats amb s\u00f2lides xarxes internacionals. A nivell social, el projecte espera millorar la qualitat medioambiental, la salut p\u00fablica, l\u2019experi\u00e8ncia del client i la comunicaci\u00f3 a trav\u00e9s de nous serveis mediambientals intel\u00b7ligents, connectats i amb capacitat de resposta. A nivell econ\u00f2mic, el projecte impulsar\u00e0 la innovaci\u00f3 en la ind\u00fastria de solucions mediambientals intel\u00b7ligents, millorant la rendibilitat de les empreses regionals i creant noves oportunitats d\u2019ocupaci\u00f3.<\/p>\n<p><a href=\"https:\/\/www.smart4env.com\/SMART4ENVCOM\/\">Web del projecte<\/a><\/p>\n","protected":false},"excerpt":{"rendered":"<p>Qu\u00e8 \u00e9s\u00a0SMART4ENV? SMART4ENV \u00e9s un projecte destinat a millorar les  [&#8230;]<\/p>\n","protected":false},"author":215,"featured_media":0,"parent":0,"menu_order":0,"comment_status":"closed","ping_status":"closed","template":"100-width.php","meta":{"footnotes":""},"class_list":["post-2844","page","type-page","status-publish","hentry"],"jetpack_sharing_enabled":true,"_links":{"self":[{"href":"https:\/\/mon.uvic.cat\/nitrecerca\/wp-json\/wp\/v2\/pages\/2844","targetHints":{"allow":["GET"]}}],"collection":[{"href":"https:\/\/mon.uvic.cat\/nitrecerca\/wp-json\/wp\/v2\/pages"}],"about":[{"href":"https:\/\/mon.uvic.cat\/nitrecerca\/wp-json\/wp\/v2\/types\/page"}],"author":[{"embeddable":true,"href":"https:\/\/mon.uvic.cat\/nitrecerca\/wp-json\/wp\/v2\/users\/215"}],"replies":[{"embeddable":true,"href":"https:\/\/mon.uvic.cat\/nitrecerca\/wp-json\/wp\/v2\/comments?post=2844"}],"version-history":[{"count":1,"href":"https:\/\/mon.uvic.cat\/nitrecerca\/wp-json\/wp\/v2\/pages\/2844\/revisions"}],"predecessor-version":[{"id":2846,"href":"https:\/\/mon.uvic.cat\/nitrecerca\/wp-json\/wp\/v2\/pages\/2844\/revisions\/2846"}],"wp:attachment":[{"href":"https:\/\/mon.uvic.cat\/nitrecerca\/wp-json\/wp\/v2\/media?parent=2844"}],"curies":[{"name":"wp","href":"https:\/\/api.w.org\/{rel}","templated":true}]}}