{"id":2840,"date":"2024-08-30T11:58:56","date_gmt":"2024-08-30T09:58:56","guid":{"rendered":"https:\/\/mon.uvic.cat\/nitrecerca\/?page_id=2840"},"modified":"2024-08-30T11:58:56","modified_gmt":"2024-08-30T09:58:56","slug":"nutribudget","status":"publish","type":"page","link":"https:\/\/mon.uvic.cat\/nitrecerca\/nutribudget\/","title":{"rendered":"NUTRIBUDGET"},"content":{"rendered":"<h3><a href=\"http:\/\/mon.uvic.cat\/nitrecerca\/files\/2024\/08\/logo-nutribudget.png\"><img decoding=\"async\" class=\"size-full wp-image-2841 alignleft\" src=\"http:\/\/mon.uvic.cat\/nitrecerca\/files\/2024\/08\/logo-nutribudget.png\" alt=\"\" width=\"313\" height=\"280\" \/><\/a>Qu\u00e8 \u00e9s NUTRIGUDGET?<\/h3>\n<p>Nutrients com el nitrogen (N) i el f\u00f2sfor (P) tenen un paper essencial en l\u2019agricultura, per\u00f2 l\u2019augment de l\u2019\u00fas de maquin\u00e0ria i nutrients en les darreres d\u00e8cades ha provocat efectes negatius en la salut humana, la biodiversitat, l\u2019aigua, el aire i la qualitat del s\u00f2l, a m\u00e9s de contribuir al canvi clim\u00e0tic. Per fer front a aquesta situaci\u00f3, el Green Deal de la Comissi\u00f3 Europea pret\u00e9n reduir les p\u00e8rdues de nutrients un 50% i l\u2019\u00fas de fertilitzants un 20% per al 2030.<\/p>\n<p>NUTRIBUDGET \u00e9s un projecte que ajudar\u00e0 l\u2019agricultura a intensificar-se de forma sostenible mitjan\u00e7ant l\u2019optimitzaci\u00f3 sist\u00e8mica dels fluxos i pressupostos de nutrients als diferents sistemes de producci\u00f3 agr\u00edcola i regions de la UE, per tal de limitar i reduir la contaminaci\u00f3 sense comprometre la producci\u00f3 daliments.<\/p>\n<p>El projecte desenvolupar\u00e0 i implantar\u00e0 una plataforma integrada de gesti\u00f3 de nutrients, anomenada Nutriplatform, com a eina de suport a la presa de decisions per a agricultors, assessors, responsables pol\u00edtics europeus i autoritats regionals. La Nutriplatform es basar\u00e0 en el coneixement de mesures agron\u00f2miques de mitigaci\u00f3 existents i noves provades sobre el terreny, vinculades a models avan\u00e7ats, est\u00e0ndards de dades i indicadors.<\/p>\n<p>NUTRIBUDGET tamb\u00e9 gestionar\u00e0 5 regions pilot a 4 zones clim\u00e0tiques diferents de la UE i tindr\u00e0 en compte totes les parts interessades en el proc\u00e9s, posant \u00e8mfasi en la cocreaci\u00f3 amb l\u2019ajuda d\u2019un consorci de 17 socis distribu\u00efts a 9 pa\u00efsos de la UE i Su\u00efssa.<\/p>\n<p><a href=\"https:\/\/www.nutribudget.eu\/\">Web del projecte<\/a><\/p>\n","protected":false},"excerpt":{"rendered":"<p>Qu\u00e8 \u00e9s NUTRIGUDGET? Nutrients com el nitrogen (N) i el  [&#8230;]<\/p>\n","protected":false},"author":215,"featured_media":0,"parent":0,"menu_order":0,"comment_status":"closed","ping_status":"closed","template":"100-width.php","meta":{"footnotes":""},"class_list":["post-2840","page","type-page","status-publish","hentry"],"jetpack_sharing_enabled":true,"_links":{"self":[{"href":"https:\/\/mon.uvic.cat\/nitrecerca\/wp-json\/wp\/v2\/pages\/2840","targetHints":{"allow":["GET"]}}],"collection":[{"href":"https:\/\/mon.uvic.cat\/nitrecerca\/wp-json\/wp\/v2\/pages"}],"about":[{"href":"https:\/\/mon.uvic.cat\/nitrecerca\/wp-json\/wp\/v2\/types\/page"}],"author":[{"embeddable":true,"href":"https:\/\/mon.uvic.cat\/nitrecerca\/wp-json\/wp\/v2\/users\/215"}],"replies":[{"embeddable":true,"href":"https:\/\/mon.uvic.cat\/nitrecerca\/wp-json\/wp\/v2\/comments?post=2840"}],"version-history":[{"count":1,"href":"https:\/\/mon.uvic.cat\/nitrecerca\/wp-json\/wp\/v2\/pages\/2840\/revisions"}],"predecessor-version":[{"id":2842,"href":"https:\/\/mon.uvic.cat\/nitrecerca\/wp-json\/wp\/v2\/pages\/2840\/revisions\/2842"}],"wp:attachment":[{"href":"https:\/\/mon.uvic.cat\/nitrecerca\/wp-json\/wp\/v2\/media?parent=2840"}],"curies":[{"name":"wp","href":"https:\/\/api.w.org\/{rel}","templated":true}]}}