{"id":2826,"date":"2024-08-30T11:52:55","date_gmt":"2024-08-30T09:52:55","guid":{"rendered":"https:\/\/mon.uvic.cat\/nitrecerca\/?page_id=2826"},"modified":"2024-08-30T11:57:05","modified_gmt":"2024-08-30T09:57:05","slug":"novafert","status":"publish","type":"page","link":"https:\/\/mon.uvic.cat\/nitrecerca\/novafert\/","title":{"rendered":"NOVAFERT"},"content":{"rendered":"<h3><a href=\"http:\/\/mon.uvic.cat\/nitrecerca\/files\/2024\/08\/Novafert_logo.png\"><img decoding=\"async\" class=\"wp-image-2835 alignleft\" src=\"http:\/\/mon.uvic.cat\/nitrecerca\/files\/2024\/08\/Novafert_logo.png\" alt=\"\" width=\"282\" height=\"282\" \/><\/a><\/h3>\n<h3>Qu\u00e8 \u00e9s NOVAFERT?<\/h3>\n<p>NOVAFERT est\u00e0 centrat en el desenvolupament de procediments innovadors i directrius sostenibles per potenciar l\u2019\u00fas de fertilitzants alternatius i \u00e9s un dels nous projectes d\u2019Horizonte Europa del CT BETA. D\u2019acord amb el pla d\u2019acci\u00f3 \u201cContaminaci\u00f3 zero\u201d, l\u2019estrat\u00e8gia \u201cDe la granja a la taula\u201d i el nou Reglament sobre productes fertilitzants, NOVAFERT demostra la viabilitat t\u00e8cnica, econ\u00f2mica i mediambiental i l\u2019\u00fas segur d\u2019una \u00e0mplia cartera d\u2019almenys 25 productes fertilitzants alternatius, que contenen nutrients recuperats de 6 fluxos de residus diferents, amb l\u2019objectiu de facilitar la substituci\u00f3 dels fertilitzants sint\u00e8tics i minerals. NOVAFERT reuneix 9 agents multidisciplinaris per aconseguir-ho.<\/p>\n<p>L\u2019aspecte mediambiental es cobreix desenvolupant directrius i un m\u00e8tode consensuat per a l\u2019avaluaci\u00f3 mediambiental de productes alternatius fertilitzants. L\u2019aspecte econ\u00f2mic es cobreix mitjan\u00e7ant la cocreaci\u00f3 de models de negoci nous, circulars i verds. Com a tal, NOVAFERT t\u00e9 com a objectiu reduir l\u2019impacte ambiental i la depend\u00e8ncia de nutrients externs a l\u2019agricultura a 6 pa\u00efsos representatius de l\u2019Est, Oest, Nord, Sud i Centre d\u2019Europa.<\/p>\n<p>NOVAFERT mapeja els productes fertilitzants alternatius existents a tot Europa i desenvolupa un Atles dels laboratoris vius orientats als nutrients, i tamb\u00e9 recolza el desenvolupament de cadenes de valor locals sostenibles. En contextualitzar i interrelacionar regionalment totes les principals tecnologies i productes en recuperaci\u00f3, i en connectar t\u00e8cnicament totes les cadenes de valor i les principals parts interessades en 7 grups de treball regionals i 7-10 demostracions far, NOVAFERT fomenta l\u2019\u00fas i la gesti\u00f3 sostenibles de productes fertilitzants alternatius a Europa.<\/p>\n<p>A m\u00e9s, NOVAFERT desenvolupa una cartera de pol\u00edtiques de suport i instruments legislatius adequats per al desplegament local a les regions de la UE a trav\u00e9s de 7 plans d\u2019acci\u00f3 espec\u00edfics i 4 informes pol\u00edtics. D\u2019aquesta manera, NOVAFERT reuneix la informaci\u00f3 necess\u00e0ria per a la utilitzaci\u00f3 eficient i segura de productes fertilitzants alternatius per ajudar a prendre decisions sobre la valoritzaci\u00f3 emprada en la recuperaci\u00f3 de nutrients.<\/p>\n<p><a href=\"https:\/\/www.novafert.eu\/\">Web del projecte<\/a><\/p>\n<p>&nbsp;<\/p>\n","protected":false},"excerpt":{"rendered":"<p>Qu\u00e8 \u00e9s NOVAFERT? NOVAFERT est\u00e0 centrat en el desenvolupament de  [&#8230;]<\/p>\n","protected":false},"author":215,"featured_media":0,"parent":0,"menu_order":0,"comment_status":"closed","ping_status":"closed","template":"100-width.php","meta":{"footnotes":""},"class_list":["post-2826","page","type-page","status-publish","hentry"],"jetpack_sharing_enabled":true,"_links":{"self":[{"href":"https:\/\/mon.uvic.cat\/nitrecerca\/wp-json\/wp\/v2\/pages\/2826","targetHints":{"allow":["GET"]}}],"collection":[{"href":"https:\/\/mon.uvic.cat\/nitrecerca\/wp-json\/wp\/v2\/pages"}],"about":[{"href":"https:\/\/mon.uvic.cat\/nitrecerca\/wp-json\/wp\/v2\/types\/page"}],"author":[{"embeddable":true,"href":"https:\/\/mon.uvic.cat\/nitrecerca\/wp-json\/wp\/v2\/users\/215"}],"replies":[{"embeddable":true,"href":"https:\/\/mon.uvic.cat\/nitrecerca\/wp-json\/wp\/v2\/comments?post=2826"}],"version-history":[{"count":3,"href":"https:\/\/mon.uvic.cat\/nitrecerca\/wp-json\/wp\/v2\/pages\/2826\/revisions"}],"predecessor-version":[{"id":2839,"href":"https:\/\/mon.uvic.cat\/nitrecerca\/wp-json\/wp\/v2\/pages\/2826\/revisions\/2839"}],"wp:attachment":[{"href":"https:\/\/mon.uvic.cat\/nitrecerca\/wp-json\/wp\/v2\/media?parent=2826"}],"curies":[{"name":"wp","href":"https:\/\/api.w.org\/{rel}","templated":true}]}}