{"id":2822,"date":"2024-08-30T10:33:22","date_gmt":"2024-08-30T08:33:22","guid":{"rendered":"https:\/\/mon.uvic.cat\/nitrecerca\/?page_id=2822"},"modified":"2024-08-30T10:34:30","modified_gmt":"2024-08-30T08:34:30","slug":"dilectings","status":"publish","type":"page","link":"https:\/\/mon.uvic.cat\/nitrecerca\/dilectings\/","title":{"rendered":"DILECTINGS"},"content":{"rendered":"<h3>QU\u00c8 \u00c9S DILETINGS?<\/h3>\n<p>El projecte europeu <a href=\"https:\/\/dilectings.uniroma3.it\/\">Dilectings (Digital Literature Educational Competences for Teachers: Intercultural Inclusive Good-practices for Second Language Learning)<\/a>, finan\u00e7at pel programa Erasmus+, que compta amb la participaci\u00f3 d\u2019investigadors de la Universitat de Vic \u2013 Universitat Central de Catalunya (UVic-UCC) i de tres universitats m\u00e9s d\u2019Irlanda, It\u00e0lia i Romania.<\/p>\n<p>El projecte t\u00e9 com a objectiu implementar eines per promoure la literatura digital a les escoles i instituts, i trobar noves formes de millorar les habilitats lectores tant de l\u2019alumnat nadiu com d\u2019aquells estudiants de llengua estrangera o que estudien una segona llengua. En definitiva, pret\u00e9n fomentar l\u2019aprenentatge de la lectura, la llengua i la literatura a partir de l\u2019\u00fas de les eines digitals i, al mateix temps, contribuir a fomentar la comprensi\u00f3 intercultural i la inclusi\u00f3 social, aix\u00ed com desenvolupar o consolidar les compet\u00e8ncies i habilitats TIC dels infants i joves. Per aix\u00f2, el treball que es duu a terme se centra tant en l\u2019estudiantat de cicle superior de prim\u00e0ria i de primers cursos d\u2019educaci\u00f3 secund\u00e0ria, com en els mestres i professors, clau per promoure i ampliar les anomenades habilitats d\u2019alfabetitzaci\u00f3 liter\u00e0ria digital (DLL) i de lectura digital de literatura (LDR).<\/p>\n<p>Tota la informaci\u00f3 a la <a href=\"https:\/\/dilectings.uniroma3.it\/\">web del projecte<\/a>.<\/p>\n","protected":false},"excerpt":{"rendered":"<p>QU\u00c8 \u00c9S DILETINGS? El projecte europeu Dilectings (Digital Literature Educational  [&#8230;]<\/p>\n","protected":false},"author":215,"featured_media":2821,"parent":0,"menu_order":0,"comment_status":"closed","ping_status":"closed","template":"100-width.php","meta":{"footnotes":""},"class_list":["post-2822","page","type-page","status-publish","has-post-thumbnail","hentry"],"jetpack_sharing_enabled":true,"_links":{"self":[{"href":"https:\/\/mon.uvic.cat\/nitrecerca\/wp-json\/wp\/v2\/pages\/2822","targetHints":{"allow":["GET"]}}],"collection":[{"href":"https:\/\/mon.uvic.cat\/nitrecerca\/wp-json\/wp\/v2\/pages"}],"about":[{"href":"https:\/\/mon.uvic.cat\/nitrecerca\/wp-json\/wp\/v2\/types\/page"}],"author":[{"embeddable":true,"href":"https:\/\/mon.uvic.cat\/nitrecerca\/wp-json\/wp\/v2\/users\/215"}],"replies":[{"embeddable":true,"href":"https:\/\/mon.uvic.cat\/nitrecerca\/wp-json\/wp\/v2\/comments?post=2822"}],"version-history":[{"count":2,"href":"https:\/\/mon.uvic.cat\/nitrecerca\/wp-json\/wp\/v2\/pages\/2822\/revisions"}],"predecessor-version":[{"id":2825,"href":"https:\/\/mon.uvic.cat\/nitrecerca\/wp-json\/wp\/v2\/pages\/2822\/revisions\/2825"}],"wp:featuredmedia":[{"embeddable":true,"href":"https:\/\/mon.uvic.cat\/nitrecerca\/wp-json\/wp\/v2\/media\/2821"}],"wp:attachment":[{"href":"https:\/\/mon.uvic.cat\/nitrecerca\/wp-json\/wp\/v2\/media?parent=2822"}],"curies":[{"name":"wp","href":"https:\/\/api.w.org\/{rel}","templated":true}]}}