{"id":2815,"date":"2024-08-29T09:52:24","date_gmt":"2024-08-29T07:52:24","guid":{"rendered":"https:\/\/mon.uvic.cat\/nitrecerca\/?page_id=2815"},"modified":"2024-08-29T10:30:21","modified_gmt":"2024-08-29T08:30:21","slug":"swift","status":"publish","type":"page","link":"https:\/\/mon.uvic.cat\/nitrecerca\/swift\/","title":{"rendered":"SWIFT"},"content":{"rendered":"<h3>Qu\u00e8 \u00e9s SWIFT?<\/h3>\n<div class=\"content user-select-text\" aria-label=\"Enviat per Copilot: \u00c9s clar! Aqu\u00ed tens la traducci\u00f3 al catal\u00e0: El projecte **SWIFT** (Supporting Women-Led Innovations in Farming and Rural Territories) \u00e9s una iniciativa de quatre anys finan\u00e7ada per Horizon Europe. T\u00e9 com a objectiu avan\u00e7ar la posici\u00f3 de les dones i les persones LGBTQI+ en l'agricultura promovent la igualtat de g\u00e8nere a trav\u00e9s de processos agroecol\u00f2gics. El projecte inclou 21 innovacions agr\u00edcoles liderades per dones en 12 pa\u00efsos europeus, aix\u00ed com iniciatives al Brasil i als EUA. SWIFT utilitza una metodologia de recerca feminista, basada en els drets humans, participativa i inclusiva. Proporciona eines te\u00f2riques i pr\u00e0ctiques, com ara indicadors de viabilitat feminista de les explotacions agr\u00edcoles i pressupostos sensibles al g\u00e8nere, per donar suport a la integraci\u00f3 de la perspectiva de g\u00e8nere en les pol\u00edtiques agr\u00edcoles i aliment\u00e0ries. Si tens alguna pregunta espec\u00edfica sobre el projecte o necessites m\u00e9s detalls, no dubtis a preguntar!\">\n<div class=\"ac-container ac-adaptiveCard has-image\">\n<div class=\"ac-textBlock\">\n<p>El projecte <a href=\"https:\/\/swiftproject.eu\/\"><strong>SWIFT<\/strong><\/a> (Supporting Women-Led Innovations in Farming and Rural Territories) \u00e9s una iniciativa de quatre anys finan\u00e7ada per la convocat\u00f2ria Horizon Europe. T\u00e9 com a objectiu avan\u00e7ar la posici\u00f3 de les dones i les persones LGBTQI+ en l\u2019agricultura promovent la igualtat de g\u00e8nere a trav\u00e9s de processos agroecol\u00f2gics. El projecte inclou 21 innovacions agr\u00edcoles liderades per dones en 12 pa\u00efsos europeus, aix\u00ed com iniciatives al Brasil i als EUA.<\/p>\n<p>SWIFT utilitza una metodologia de recerca feminista, basada en els drets humans, participativa i inclusiva. Proporciona eines te\u00f2riques i pr\u00e0ctiques, com ara indicadors de viabilitat feminista de les explotacions agr\u00edcoles i pressupostos sensibles al g\u00e8nere, per donar suport a la integraci\u00f3 de la perspectiva de g\u00e8nere en les pol\u00edtiques agr\u00edcoles i aliment\u00e0ries.<\/p>\n<p>Tota la informaci\u00f3 la trobareu a la <a href=\"https:\/\/swiftproject.eu\/\">web del projecte<\/a>.<\/p>\n<\/div>\n<\/div>\n<\/div>\n","protected":false},"excerpt":{"rendered":"<p>Qu\u00e8 \u00e9s SWIFT? El projecte SWIFT (Supporting Women-Led Innovations in  [&#8230;]<\/p>\n","protected":false},"author":215,"featured_media":2816,"parent":0,"menu_order":0,"comment_status":"closed","ping_status":"closed","template":"100-width.php","meta":{"footnotes":""},"class_list":["post-2815","page","type-page","status-publish","has-post-thumbnail","hentry"],"jetpack_sharing_enabled":true,"_links":{"self":[{"href":"https:\/\/mon.uvic.cat\/nitrecerca\/wp-json\/wp\/v2\/pages\/2815","targetHints":{"allow":["GET"]}}],"collection":[{"href":"https:\/\/mon.uvic.cat\/nitrecerca\/wp-json\/wp\/v2\/pages"}],"about":[{"href":"https:\/\/mon.uvic.cat\/nitrecerca\/wp-json\/wp\/v2\/types\/page"}],"author":[{"embeddable":true,"href":"https:\/\/mon.uvic.cat\/nitrecerca\/wp-json\/wp\/v2\/users\/215"}],"replies":[{"embeddable":true,"href":"https:\/\/mon.uvic.cat\/nitrecerca\/wp-json\/wp\/v2\/comments?post=2815"}],"version-history":[{"count":2,"href":"https:\/\/mon.uvic.cat\/nitrecerca\/wp-json\/wp\/v2\/pages\/2815\/revisions"}],"predecessor-version":[{"id":2818,"href":"https:\/\/mon.uvic.cat\/nitrecerca\/wp-json\/wp\/v2\/pages\/2815\/revisions\/2818"}],"wp:featuredmedia":[{"embeddable":true,"href":"https:\/\/mon.uvic.cat\/nitrecerca\/wp-json\/wp\/v2\/media\/2816"}],"wp:attachment":[{"href":"https:\/\/mon.uvic.cat\/nitrecerca\/wp-json\/wp\/v2\/media?parent=2815"}],"curies":[{"name":"wp","href":"https:\/\/api.w.org\/{rel}","templated":true}]}}