{"id":2383,"date":"2024-05-30T11:10:50","date_gmt":"2024-05-30T09:10:50","guid":{"rendered":"https:\/\/mon.uvic.cat\/nitrecerca\/?page_id=2383"},"modified":"2024-05-30T11:10:50","modified_gmt":"2024-05-30T09:10:50","slug":"fertimanure","status":"publish","type":"page","link":"https:\/\/mon.uvic.cat\/nitrecerca\/fertimanure\/","title":{"rendered":"FERTIMANURE"},"content":{"rendered":"<div class=\"fusion-fullwidth fullwidth-box fusion-builder-row-1 fusion-flex-container nonhundred-percent-fullwidth non-hundred-percent-height-scrolling\" style=\"--awb-border-radius-top-left:0px;--awb-border-radius-top-right:0px;--awb-border-radius-bottom-right:0px;--awb-border-radius-bottom-left:0px;--awb-flex-wrap:wrap;\" ><div class=\"fusion-builder-row fusion-row fusion-flex-align-items-flex-start fusion-flex-content-wrap\" style=\"max-width:1248px;margin-left: calc(-4% \/ 2 );margin-right: calc(-4% \/ 2 );\"><div class=\"fusion-layout-column fusion_builder_column fusion-builder-column-0 fusion_builder_column_1_1 1_1 fusion-flex-column\" style=\"--awb-bg-size:cover;--awb-width-large:100%;--awb-margin-top-large:0px;--awb-spacing-right-large:1.92%;--awb-margin-bottom-large:0px;--awb-spacing-left-large:1.92%;--awb-width-medium:100%;--awb-spacing-right-medium:1.92%;--awb-spacing-left-medium:1.92%;--awb-width-small:100%;--awb-spacing-right-small:1.92%;--awb-spacing-left-small:1.92%;\"><div class=\"fusion-column-wrapper fusion-flex-justify-content-flex-start fusion-content-layout-column\"><div class=\"fusion-text fusion-text-1\"><h3>Qu\u00e8 \u00e9s FERTIMANURE?<\/h3>\n<p><a href=\"https:\/\/www.fertimanure.eu\/es\/\">FERTIMANURE<\/a> \u00e9s un projecte dedicat a la recuperaci\u00f3 innovadora de nutrients a partir de fonts secund\u00e0ries per a la producci\u00f3 de fertilitzants d&#8217;alt valor afegit a partir de fems animals. FERTIMANURE \u00e9s un acr\u00f2nim que prov\u00e9 de l&#8217;angl\u00e8s &#8220;Fertilisers from animal MANURE&#8221;.<\/p>\n<p>FERTIMANURE \u00e9s un projecte finan\u00e7at per la UE (Acord de subvenci\u00f3 N \u00b0 862.849), que desenvolupa, integra, prova i valida estrat\u00e8gies innovadores de gesti\u00f3 de nutrients per recuperar eficientment nutrients minerals i altres productes rellevants amb valor agron\u00f2mic, de fems animal. FERTIMANURE obtindr\u00e0 fertilitzants segurs i fiables que poden competir en el mercat europeu de fertilitzants.<\/p>\n<p>20 socis de 7 pa\u00efsos de la UE, Argentina i Xile uneixen forces per implementar aquest projecte.<\/p>\n<h3>Objectius<\/h3>\n<p>L&#8217;actual depend\u00e8ncia de l&#8217;agricultura de la UE dels fertilitzants minerals \u00fanicament es pot considerar com una amena\u00e7a extremadament greu per a la futura seguretat aliment\u00e0ria. L&#8217;economia lineal actual no nom\u00e9s dep\u00e8n de recursos escassos, com ho \u00e9s el gas natural, sin\u00f3 tamb\u00e9 de les reserves limitades de fosfat i aigua dol\u00e7a per a la seva producci\u00f3 agr\u00edcola, la importaci\u00f3 de pinsos des de fora de la UE i la producci\u00f3 de fertilitzants. Tot aix\u00f2 est\u00e0 causant un desequilibri en moltes regions de la UE. Per tant, es torna necessari reutilitzar els valuosos components de tota mena de fluxos de residus per permetre un canvi cap a una economia circular.<\/p>\n<p>Diversos estudis ja han identificat les tres principals i m\u00e9s prometedores corrents\u00a0de residus en termes del seu potencial de valoritzaci\u00f3 a\u00a0<span class=\"hiddenSpellError\">BBF<\/span>:<\/p>\n<ul>\n<li>fems,<\/li>\n<li>llots de depuradora i,<\/li>\n<li>residus de la cadena aliment\u00e0ria.<\/li>\n<\/ul>\n<p>Entre ells, els fems \u00e9s, amb difer\u00e8ncia, la major corrent de biomassa residual rica en nutrients, representant m\u00e9s de<span class=\"hiddenGrammarError\">l 700e<\/span> dels nutrients d&#8217;aquestes tres corrents de residus. El sector ramader de la UE \u00e9s el m\u00e9s gran de m\u00f3n i, com a tal, \u00e9s un dels majors usuaris i prove\u00efdors de nutrients.<\/p>\n<p>D&#8217;una banda, el sector ramader necessita abordar els problemes regionals associats amb l&#8217;exc\u00e9s de nutrients (control de la contaminaci\u00f3, mol\u00e8sties per olors, etc.), i fer-ho, a m\u00e9s a costos assequibles. D&#8217;altra banda, el sector agr\u00edcola, que actualment dep\u00e8n de fonts externes de nutrients minerals per millorar la producci\u00f3 de plantes, requereix nous productes fertilitzants que<\/p>\n<ul>\n<li><span class=\"hiddenGrammarError\">compleixin<\/span> amb els requisits de cultiu,<\/li>\n<li>siguin homogenis, predictibles i fiables,<\/li>\n<li>siguin segurs,<\/li>\n<li>tinguin una alta efici\u00e8ncia d&#8217;\u00fas de nutrients (<span class=\"hiddenSpellError\">EUN<\/span>) i<\/li>\n<li>siguin rendibles i f\u00e0cils d&#8217;aplicar.<\/li>\n<\/ul>\n<p>Les pr\u00e0ctiques actuals de gesti\u00f3 de fems s&#8217;enfronten a alguns reptes:<\/p>\n<ul>\n<li>incertesa sobre el contingut de macro, meso i micronutrients<\/li>\n<li>proporcions de nutrients que no coincideixen amb els requisits de<span class=\"hiddenGrammarError\">l cultiu<\/span><\/li>\n<li>dificultat en la capacitat de planificar el seu \u00fas i la seva aplicaci\u00f3<\/li>\n<li>q\u00fcestions de salut i seguretat<\/li>\n<li>acceptaci\u00f3 de l&#8217;agricultor<\/li>\n<\/ul>\n<h3>Material divulgatiu<\/h3>\n<div class=\"video-shortcode\"><iframe title=\"FERTIMANURE  (subt\u00edtulos en espa\u00f1ol)\" width=\"1200\" height=\"675\" src=\"https:\/\/www.youtube.com\/embed\/9V72rk7JeEI?feature=oembed\" frameborder=\"0\" allow=\"accelerometer; autoplay; clipboard-write; encrypted-media; gyroscope; picture-in-picture; web-share\" referrerpolicy=\"strict-origin-when-cross-origin\" allowfullscreen><\/iframe><\/div>\n<p><a href=\"http:\/\/mon.uvic.cat\/nitrecerca\/portfolio\/fertimanure\/fulleto-fm\/\" rel=\"attachment wp-att-101\"><img decoding=\"async\" class=\"wp-image-101 size-medium alignnone\" src=\"http:\/\/mon.uvic.cat\/nitrecerca\/files\/2020\/10\/fulleto-FM-143x300.png\" alt=\"\" width=\"143\" height=\"300\" srcset=\"https:\/\/mon.uvic.cat\/nitrecerca\/files\/2020\/10\/fulleto-FM-143x300.png 143w, https:\/\/mon.uvic.cat\/nitrecerca\/files\/2020\/10\/fulleto-FM.png 315w\" sizes=\"(max-width: 143px) 100vw, 143px\" \/><\/a><\/p>\n<p><a href=\"http:\/\/mon.uvic.cat\/nitrecerca\/portfolio\/fertimanure\/fertimanure-leaflet\/\" rel=\"attachment wp-att-102\">Fullet\u00f3 FERTIMANURE<\/a><\/p>\n<p><a href=\"http:\/\/mon.uvic.cat\/nitrecerca\/portfolio\/fertimanure\/socis-fertimanure\/\" rel=\"attachment wp-att-105\"><img decoding=\"async\" class=\"size-full wp-image-105 aligncenter\" src=\"http:\/\/mon.uvic.cat\/nitrecerca\/files\/2020\/10\/socis-Fertimanure.png\" alt=\"\" width=\"1163\" height=\"552\" srcset=\"https:\/\/mon.uvic.cat\/nitrecerca\/files\/2020\/10\/socis-Fertimanure-300x142.png 300w, https:\/\/mon.uvic.cat\/nitrecerca\/files\/2020\/10\/socis-Fertimanure-768x365.png 768w, https:\/\/mon.uvic.cat\/nitrecerca\/files\/2020\/10\/socis-Fertimanure-1024x486.png 1024w, https:\/\/mon.uvic.cat\/nitrecerca\/files\/2020\/10\/socis-Fertimanure.png 1163w\" sizes=\"(max-width: 1163px) 100vw, 1163px\" \/><\/a><\/p>\n<div id=\"attachment_842\" style=\"width: 192px\" class=\"wp-caption alignleft\"><img decoding=\"async\" aria-describedby=\"caption-attachment-842\" class=\"wp-image-842\" src=\"http:\/\/mon.uvic.cat\/nitrecerca\/files\/2020\/10\/europe.png\" alt=\"\" width=\"182\" height=\"122\" \/><p id=\"caption-attachment-842\" class=\"wp-caption-text\">El projecte ha rebut finan\u00e7ament del programa de recerca i innovaci\u00f3 Horizon2020 de la Uni\u00f3 Europea en virtut de l&#8217;acord de subvenci\u00f3 No 862.849.<\/p><\/div>\n<p style=\"text-align: right;\"><strong>Xarxes socials:<\/strong><\/p>\n<p style=\"text-align: right;\"><a href=\"https:\/\/www.youtube.com\/channel\/UCQbTLK1UpW6pREsNwH_lv1Q\" target=\"_blank\" rel=\"attachment noopener wp-att-91 noreferrer\"><img decoding=\"async\" class=\"alignright wp-image-91 size-full\" src=\"http:\/\/mon.uvic.cat\/nitrecerca\/files\/2020\/10\/youtube-bona-e1602843206303.jpg\" alt=\"\" width=\"71\" height=\"50\" \/><\/a><a href=\"https:\/\/www.facebook.com\/fertimanure\/\" target=\"_blank\" rel=\"attachment noopener wp-att-109 noreferrer\"><img decoding=\"async\" class=\"alignright wp-image-109 size-full\" src=\"http:\/\/mon.uvic.cat\/nitrecerca\/files\/2020\/10\/kisspng-facebook-inc-logo-computer-icons-facebook-messen-5af555fc052f34.7337436815260277720212-e1603710075588.png\" alt=\"\" width=\"50\" height=\"50\" \/><\/a><a href=\"https:\/\/twitter.com\/fertimanure\" target=\"_blank\" rel=\"attachment noopener wp-att-90 noreferrer\"><img decoding=\"async\" class=\"alignright wp-image-90 size-full\" src=\"http:\/\/mon.uvic.cat\/nitrecerca\/files\/2020\/10\/twitter-logo-6-e1602843185286.png\" alt=\"\" width=\"61\" height=\"50\" \/><\/a> <a href=\"https:\/\/www.linkedin.com\/company\/fertimanure\/\" target=\"_blank\" rel=\"attachment noopener wp-att-106 noreferrer\"><img decoding=\"async\" class=\"alignright wp-image-106 size-full\" src=\"http:\/\/mon.uvic.cat\/nitrecerca\/files\/2020\/10\/Linkedin-simbolo-e1603709646542.png\" alt=\"\" width=\"51\" height=\"50\" \/><\/a> <a href=\"https:\/\/www.fertimanure.eu\/es\/\" target=\"_blank\" rel=\"attachment noopener wp-att-84 noreferrer\"><img decoding=\"async\" class=\"alignright wp-image-84 size-full\" src=\"http:\/\/mon.uvic.cat\/nitrecerca\/files\/2020\/10\/www-e1602843105399.png\" alt=\"\" width=\"50\" height=\"50\" \/><\/a><\/p>\n<\/div><\/div><\/div><\/div><\/div>\n","protected":false},"excerpt":{"rendered":"","protected":false},"author":613,"featured_media":0,"parent":0,"menu_order":0,"comment_status":"closed","ping_status":"closed","template":"","meta":{"footnotes":""},"class_list":["post-2383","page","type-page","status-publish","hentry"],"jetpack_sharing_enabled":true,"_links":{"self":[{"href":"https:\/\/mon.uvic.cat\/nitrecerca\/wp-json\/wp\/v2\/pages\/2383","targetHints":{"allow":["GET"]}}],"collection":[{"href":"https:\/\/mon.uvic.cat\/nitrecerca\/wp-json\/wp\/v2\/pages"}],"about":[{"href":"https:\/\/mon.uvic.cat\/nitrecerca\/wp-json\/wp\/v2\/types\/page"}],"author":[{"embeddable":true,"href":"https:\/\/mon.uvic.cat\/nitrecerca\/wp-json\/wp\/v2\/users\/613"}],"replies":[{"embeddable":true,"href":"https:\/\/mon.uvic.cat\/nitrecerca\/wp-json\/wp\/v2\/comments?post=2383"}],"version-history":[{"count":2,"href":"https:\/\/mon.uvic.cat\/nitrecerca\/wp-json\/wp\/v2\/pages\/2383\/revisions"}],"predecessor-version":[{"id":2599,"href":"https:\/\/mon.uvic.cat\/nitrecerca\/wp-json\/wp\/v2\/pages\/2383\/revisions\/2599"}],"wp:attachment":[{"href":"https:\/\/mon.uvic.cat\/nitrecerca\/wp-json\/wp\/v2\/media?parent=2383"}],"curies":[{"name":"wp","href":"https:\/\/api.w.org\/{rel}","templated":true}]}}