{"id":2381,"date":"2024-05-30T11:06:21","date_gmt":"2024-05-30T09:06:21","guid":{"rendered":"https:\/\/mon.uvic.cat\/nitrecerca\/?page_id=2381"},"modified":"2024-05-30T11:06:21","modified_gmt":"2024-05-30T09:06:21","slug":"eni-decost","status":"publish","type":"page","link":"https:\/\/mon.uvic.cat\/nitrecerca\/eni-decost\/","title":{"rendered":"ENI DECOST"},"content":{"rendered":"<div class=\"fusion-fullwidth fullwidth-box fusion-builder-row-1 fusion-flex-container nonhundred-percent-fullwidth non-hundred-percent-height-scrolling\" style=\"--awb-border-radius-top-left:0px;--awb-border-radius-top-right:0px;--awb-border-radius-bottom-right:0px;--awb-border-radius-bottom-left:0px;--awb-flex-wrap:wrap;\" ><div class=\"fusion-builder-row fusion-row fusion-flex-align-items-flex-start fusion-flex-content-wrap\" style=\"max-width:1248px;margin-left: calc(-4% \/ 2 );margin-right: calc(-4% \/ 2 );\"><div class=\"fusion-layout-column fusion_builder_column fusion-builder-column-0 fusion_builder_column_1_1 1_1 fusion-flex-column\" style=\"--awb-bg-size:cover;--awb-width-large:100%;--awb-margin-top-large:0px;--awb-spacing-right-large:1.92%;--awb-margin-bottom-large:0px;--awb-spacing-left-large:1.92%;--awb-width-medium:100%;--awb-spacing-right-medium:1.92%;--awb-spacing-left-medium:1.92%;--awb-width-small:100%;--awb-spacing-right-small:1.92%;--awb-spacing-left-small:1.92%;\"><div class=\"fusion-column-wrapper fusion-flex-justify-content-flex-start fusion-content-layout-column\"><div class=\"fusion-text fusion-text-1\"><h3>Qu\u00e8 \u00e9s ENI DECOST?<\/h3>\n<p>La gesti\u00f3 de residus municipals, un dels principals reptes mediambientals de la zona mediterr\u00e0nia, es veu afectada directament pel creixement i la concentraci\u00f3 de la poblaci\u00f3, la urbanitzaci\u00f3 i el turisme. El projecte DECOST t\u00e9 com a objectiu desenvolupar un nou marc de gesti\u00f3 de residus, construint un sistema de lla\u00e7 tancat de valoritzaci\u00f3 de residus org\u00e0nics, integrant sistemes descentralitzats de compostatge dom\u00e8stic i comunitari amb l\u2019agricultura urbana. Aquest objectiu nom\u00e9s es pot assolir mitjan\u00e7ant un enfocament centrat en les persones, potenciant la societat civil i augmentant la creaci\u00f3 de capacitats institucionals. Gr\u00e0cies a DECOST, s\u2019implementaran plans integrats de gesti\u00f3 de residus s\u00f2lids municipals i iniciatives pilot a 4 municipis diferents per tal de reduir el malbaratament alimentari, tractar 1.500-2.000 tones de residus org\u00e0nics a l\u2019any i utilitzar el compost produ\u00eft en projectes d\u2019agricultura urbana.<\/p>\n<p>Lloc d\u2019algunes de les civilitzacions m\u00e9s antigues del m\u00f3n, centre comercial i de transports, punt de refer\u00e8ncia \u00fanic per a la biodiversitat, la Mediterr\u00e0nia s\u2019enfronta a una multitud de reptes comuns, inclosos el canvi clim\u00e0tic, la contaminaci\u00f3, l\u2019atur juvenil i la desigualtat social.<\/p>\n<p>Actuar junts per fer front a aquests reptes i millorar la vida d\u2019homes i dones a tota la regi\u00f3 \u00e9s l\u2019impuls del \u201cPrograma de conca del mar Mediterrani\u201d ENI CBC 2014-2020. ENI CBC Med \u00e9s la iniciativa de cooperaci\u00f3 transfronterera m\u00e9s gran (CBC) implementada per la UE en virtut de l\u2019Instrument Europeu de Ve\u00efnatge (ENI).<\/p>\n<p>El programa reuneix els territoris costaners de 14 pa\u00efsos de la UE i socis per tal de fomentar un desenvolupament just, equitatiu i sostenible a banda i banda de les fronteres externes de la UE.<\/p>\n<p>Mitjan\u00e7ant convocat\u00f2ries de propostes, ENI CBC Med finan\u00e7a projectes de cooperaci\u00f3 per a una zona mediterr\u00e0nia m\u00e9s competitiva, innovadora, inclusiva i sostenible.<\/p>\n<p>A m\u00e9s de desviar una quantitat significativa de residus org\u00e0nics de les deixalles, el projecte DECOST fomentar\u00e0 la seguretat i l&#8217;accessibilitat dels aliments gr\u00e0cies al suport de les iniciatives d&#8217;agricultura urbana. Es fomentar\u00e0 que els ciutadans, especialment els nens i les llars, adoptin comportaments sostenibles mitjan\u00e7ant eines inform\u00e0tiques i an\u00e0lisi de big data.<\/p>\n<h3>Objectius<\/h3>\n<ul>\n<li>Es dissenyen 4 nous plans integrats de gesti\u00f3 de residus municipals<\/li>\n<li>Es van crear 4 plantes de compostatge<\/li>\n<li>1.500 &#8211; 2.000 tones \/ any de capacitat total de reciclatge de residus instal\u00b7lada<\/li>\n<li>1 aplicaci\u00f3 per a tel\u00e8fons intel\u00b7ligents que permet als ciutadans controlar el seu rendiment mediambiental en termes de classificaci\u00f3 i reciclatge de residus<\/li>\n<li>40 funcionaris municipals formats<\/li>\n<li>1 pla de negoci per afavorir la viabilitat econ\u00f2mica a llarg termini del sistema de reciclatge desenvolupat<\/li>\n<\/ul>\n<p><a href=\"https:\/\/mailchi.mp\/e4423e17ac63\/decost-newsletter-1\"><img decoding=\"async\" class=\"alignleft wp-image-743 size-full\" src=\"http:\/\/mon.uvic.cat\/nitrecerca\/files\/2020\/10\/enidecostnewletter.png\" alt=\"\" width=\"680\" height=\"340\" srcset=\"https:\/\/mon.uvic.cat\/nitrecerca\/files\/2020\/10\/enidecostnewletter-300x150.png 300w, https:\/\/mon.uvic.cat\/nitrecerca\/files\/2020\/10\/enidecostnewletter.png 680w\" sizes=\"(max-width: 680px) 100vw, 680px\" \/><\/a><\/p>\n<p><img decoding=\"async\" class=\"alignleft wp-image-840\" src=\"http:\/\/mon.uvic.cat\/nitrecerca\/files\/2020\/10\/v09_en_decost-1.jpg\" alt=\"\" width=\"455\" height=\"179\" srcset=\"https:\/\/mon.uvic.cat\/nitrecerca\/files\/2020\/10\/v09_en_decost-1-300x118.jpg 300w, https:\/\/mon.uvic.cat\/nitrecerca\/files\/2020\/10\/v09_en_decost-1.jpg 684w\" sizes=\"(max-width: 455px) 100vw, 455px\" \/><\/p>\n<p style=\"text-align: right;\"><strong>Xarxes socials:<\/strong><\/p>\n<p><a href=\"https:\/\/www.youtube.com\/channel\/UCOUQr8dBL89XW8feu8eD4QA\" target=\"_blank\" rel=\"noopener noreferrer\"><img decoding=\"async\" class=\"alignright wp-image-91 size-full\" src=\"http:\/\/mon.uvic.cat\/nitrecerca\/files\/2020\/10\/youtube-bona-e1602843206303.jpg\" alt=\"\" width=\"71\" height=\"50\" \/><\/a><a href=\"https:\/\/www.linkedin.com\/in\/enicbcmed\/\" target=\"_blank\" rel=\"noopener noreferrer\"><img decoding=\"async\" class=\"alignright wp-image-106 size-full\" src=\"http:\/\/mon.uvic.cat\/nitrecerca\/files\/2020\/10\/Linkedin-simbolo-e1603709646542.png\" alt=\"\" width=\"51\" height=\"50\" \/><\/a><a href=\"https:\/\/www.instagram.com\/enicbcmed\/\" target=\"_blank\" rel=\"noopener noreferrer\"><img decoding=\"async\" class=\"alignright wp-image-111 size-full\" src=\"http:\/\/mon.uvic.cat\/nitrecerca\/files\/2020\/10\/instagram-e1603711009226.png\" alt=\"\" width=\"50\" height=\"50\" \/><\/a><a href=\"https:\/\/www.facebook.com\/ENICBCMed\/?ref=bookmarks\" target=\"_blank\" rel=\"noopener noreferrer\"><img decoding=\"async\" class=\"alignright wp-image-109 size-full\" src=\"http:\/\/mon.uvic.cat\/nitrecerca\/files\/2020\/10\/kisspng-facebook-inc-logo-computer-icons-facebook-messen-5af555fc052f34.7337436815260277720212-e1603710075588.png\" alt=\"\" width=\"50\" height=\"50\" \/><\/a><a href=\"https:\/\/twitter.com\/ENICBCMed\" target=\"_blank\" rel=\"attachment noopener wp-att-111 noreferrer\"><img decoding=\"async\" class=\"alignright wp-image-90 size-full\" src=\"http:\/\/mon.uvic.cat\/nitrecerca\/files\/2020\/10\/twitter-logo-6-e1602843185286.png\" alt=\"\" width=\"61\" height=\"50\" \/><\/a><a href=\"http:\/\/www.enicbcmed.eu\/projects\/decost\" target=\"_blank\" rel=\"attachment noopener wp-att-84 noreferrer\"><img decoding=\"async\" class=\"alignright wp-image-84 size-full\" src=\"http:\/\/mon.uvic.cat\/nitrecerca\/files\/2020\/10\/www-e1602843105399.png\" alt=\"\" width=\"50\" height=\"50\" \/><\/a><\/p>\n<\/div><\/div><\/div><\/div><\/div>\n","protected":false},"excerpt":{"rendered":"","protected":false},"author":613,"featured_media":0,"parent":0,"menu_order":0,"comment_status":"closed","ping_status":"closed","template":"","meta":{"footnotes":""},"class_list":["post-2381","page","type-page","status-publish","hentry"],"jetpack_sharing_enabled":true,"_links":{"self":[{"href":"https:\/\/mon.uvic.cat\/nitrecerca\/wp-json\/wp\/v2\/pages\/2381","targetHints":{"allow":["GET"]}}],"collection":[{"href":"https:\/\/mon.uvic.cat\/nitrecerca\/wp-json\/wp\/v2\/pages"}],"about":[{"href":"https:\/\/mon.uvic.cat\/nitrecerca\/wp-json\/wp\/v2\/types\/page"}],"author":[{"embeddable":true,"href":"https:\/\/mon.uvic.cat\/nitrecerca\/wp-json\/wp\/v2\/users\/613"}],"replies":[{"embeddable":true,"href":"https:\/\/mon.uvic.cat\/nitrecerca\/wp-json\/wp\/v2\/comments?post=2381"}],"version-history":[{"count":2,"href":"https:\/\/mon.uvic.cat\/nitrecerca\/wp-json\/wp\/v2\/pages\/2381\/revisions"}],"predecessor-version":[{"id":2596,"href":"https:\/\/mon.uvic.cat\/nitrecerca\/wp-json\/wp\/v2\/pages\/2381\/revisions\/2596"}],"wp:attachment":[{"href":"https:\/\/mon.uvic.cat\/nitrecerca\/wp-json\/wp\/v2\/media?parent=2381"}],"curies":[{"name":"wp","href":"https:\/\/api.w.org\/{rel}","templated":true}]}}