{"id":2379,"date":"2024-05-30T11:12:49","date_gmt":"2024-05-30T09:12:49","guid":{"rendered":"https:\/\/mon.uvic.cat\/nitrecerca\/?page_id=2379"},"modified":"2024-05-30T11:12:49","modified_gmt":"2024-05-30T09:12:49","slug":"green-growth","status":"publish","type":"page","link":"https:\/\/mon.uvic.cat\/nitrecerca\/green-growth\/","title":{"rendered":"Green Growth"},"content":{"rendered":"<h3>Qu\u00e8 \u00e9s Green Growth?<\/h3>\n<p>El projecte <a href=\"https:\/\/green-growth.interreg-med.eu\/\">Green Gowth<\/a> t\u00e9 com a objectiu donar suport a tots els projectes de l\u2019eix green growth del Programa \u2019Interreg MED, \u00e9s a dir, coordinar la comunitat, facilitar les sinergies entre els 14 projectes que en formen part, i finalment analitzar i capitalitzar els resultats obtinguts i incrementar-ne l\u2019impacte.<\/p>\n<p>L\u2019estructuraci\u00f3 de tots els projectes en grups de treball forma part de l\u2019estrat\u00e8gia de capitalitzaci\u00f3, i ha de facilitar l\u2019obtenci\u00f3 de recomanacions pol\u00edtiques i estrat\u00e8giques en base als resultats esperats a la finalitzaci\u00f3 del projecte per fer-los arribar als diferents grups d\u2019inter\u00e8s i legisladors a nivell europeu i mediterrani. La comunitat aglutina 165 institucions, entitats i empreses de l\u2019arc mediterrani que treballen per un desenvolupament sostenible de la regi\u00f3, des d\u2019\u00e0mbits tan diversos com la ind\u00fastria aliment\u00e0ria, les smart cities, la gesti\u00f3 de residus o la obtenci\u00f3 de finan\u00e7ament.<\/p>\n<p>La comunitat d\u00f3na suport als projectes en els seus esfor\u00e7os de comunicaci\u00f3 i capitalitzaci\u00f3, augmentant aix\u00ed el seu impacte a nivell de pol\u00edtiques i assegurant la seva potencial transfer\u00e8ncia i replicaci\u00f3 dels seus resultats a altres territoris.<\/p>\n<p>La Uni\u00f3 pel Mediterrani va denominar la Comunitat de Creixement Verd a l&#8217;octubre de 2019, reconeixent aix\u00ed el seu potencial per a avan\u00e7ar en la cooperaci\u00f3 en la transici\u00f3 cap a una economia verda i circular i per a brindar beneficis concrets als ciutadans de la regi\u00f3 mediterr\u00e0nia.<\/p>\n<h3>Objectius<\/h3>\n<p>El programa Interreg MED es va crear en resposta a les creixents preocupacions ambientals mundials. La comunitat Interreg MED Green Growth inclou 14 projectes modulars que treballen en diferents temes relacionats amb el creixement verd, com ara sistemes agroalimentaris sostenibles, ecoinnovaci\u00f3, fabricaci\u00f3 ecol\u00f2gica, contractaci\u00f3 p\u00fablica ecol\u00f2gica, gesti\u00f3 de residus i ciutats intel\u00b7ligents. La segona fase del projecte (2019-2022) est\u00e0 capitalitzant els resultats del projecte a trav\u00e9s de la comunitat de creixement ecol\u00f2gic Interreg amb els objectius seg\u00fcents:<\/p>\n<ul>\n<li>Potenciar una comunitat de creixement verd per a les parts interessades mediterr\u00e0nies i no mediterr\u00e0nies: la creaci\u00f3 d\u2019una comunitat s\u00f2lida actuar\u00e0 com a centre de recollida de resultats del projecte, difondre\u2019ls i capitalitzar-los entre socis, consorcis, grups d\u2019inter\u00e8s i pa\u00efsos.<\/li>\n<li>Actualitzaci\u00f3 de les xarxes Green Growth Ccommunity: la comunitat crear\u00e0 ponts i buscar\u00e0 la col\u00b7laboraci\u00f3 amb xarxes, institucions i programes dins i fora de l\u2019\u00e0rea de cooperaci\u00f3 Interreg MED per transferir el coneixement i els resultats dels projectes alhora que promour\u00e0 sinergies entre iniciatives a la regi\u00f3 mediterr\u00e0nia.<\/li>\n<li>Les activitats de suport i transfer\u00e8ncia de capitalitzaci\u00f3 compartiran els resultats del projecte i iniciaran la possible replicaci\u00f3 de projectes en altres pa\u00efsos. Es produiran resultats de pol\u00edtiques comunes per informar de l\u2019evoluci\u00f3 dels marcs legals i pol\u00edtics nacionals i de la UE sobre economia circular i creixement verd.<\/li>\n<\/ul>\n<h3>Material divulgatiu<\/h3>\n<div class=\"video-shortcode\"><iframe title=\"Get to know the results of the Interreg MED Green Growth community!\" width=\"1200\" height=\"675\" src=\"https:\/\/www.youtube.com\/embed\/Sfhl28ohoDo?feature=oembed\" frameborder=\"0\" allow=\"accelerometer; autoplay; clipboard-write; encrypted-media; gyroscope; picture-in-picture; web-share\" referrerpolicy=\"strict-origin-when-cross-origin\" allowfullscreen><\/iframe><\/div>\n<div class=\"video-shortcode\"><iframe title=\"Mediterranean synergies for a greener region\" width=\"1200\" height=\"675\" src=\"https:\/\/www.youtube.com\/embed\/L24oVBvjqQk?list=UUEDKaiMFZyMpt-Sy3xXX8lw\" frameborder=\"0\" allow=\"accelerometer; autoplay; clipboard-write; encrypted-media; gyroscope; picture-in-picture; web-share\" referrerpolicy=\"strict-origin-when-cross-origin\" allowfullscreen><\/iframe><\/div>\n<hr \/>\n<p>Projecte coordinat pel <a href=\"https:\/\/www.uvic.cat\/CT_BETA\">Centre Tecnol\u00f2gic en Biodiversitat, Ecologia i Tecnologia i Gesti\u00f3 Ambiental i Aliment\u00e0ria (CT BETA)<\/a><\/p>\n<p>Projecte cofinan\u00e7at al 85% pel Fons Europeu de Desenvolupament Regional (FEDER) a trav\u00e9s del Programa Interreg MED Horizontal.<\/p>\n<p>&nbsp;<\/p>\n<p><img decoding=\"async\" class=\"attachment-266x266 size-266x266\" src=\"http:\/\/mon.uvic.cat\/nitrecerca\/files\/2020\/11\/BETA-1.png\" alt=\"\" width=\"266\" height=\"49\" \/><\/p>\n<p style=\"text-align: right;\"><strong>Xarxes socials:<\/strong><\/p>\n<p><a href=\"https:\/\/www.youtube.com\/channel\/UCEDKaiMFZyMpt-Sy3xXX8lw\" target=\"_blank\" rel=\"noopener noreferrer\"><img decoding=\"async\" class=\"alignright wp-image-91 size-full\" src=\"http:\/\/mon.uvic.cat\/nitrecerca\/files\/2020\/10\/youtube-bona-e1602843206303.jpg\" alt=\"\" width=\"71\" height=\"50\" \/><\/a><a href=\"https:\/\/www.linkedin.com\/company\/interreg-med-green-growth-community\/\" target=\"_blank\" rel=\"noopener noreferrer\"><img decoding=\"async\" class=\"alignright wp-image-106 size-full\" src=\"http:\/\/mon.uvic.cat\/nitrecerca\/files\/2020\/10\/Linkedin-simbolo-e1603709646542.png\" alt=\"\" width=\"51\" height=\"50\" \/><\/a><a href=\"https:\/\/www.facebook.com\/MED-Green-Growth-1251218101641922\" target=\"_blank\" rel=\"noopener noreferrer\"><img decoding=\"async\" class=\"alignright wp-image-109 size-full\" src=\"http:\/\/mon.uvic.cat\/nitrecerca\/files\/2020\/10\/kisspng-facebook-inc-logo-computer-icons-facebook-messen-5af555fc052f34.7337436815260277720212-e1603710075588.png\" alt=\"\" width=\"50\" height=\"50\" \/><\/a><a href=\"https:\/\/twitter.com\/med_greengrowth?lang=en\" target=\"_blank\" rel=\"attachment noopener wp-att-111 noreferrer\"><img decoding=\"async\" class=\"alignright wp-image-90 size-full\" src=\"http:\/\/mon.uvic.cat\/nitrecerca\/files\/2020\/10\/twitter-logo-6-e1602843185286.png\" alt=\"\" width=\"61\" height=\"50\" \/><\/a><a href=\"https:\/\/green-growth.interreg-med.eu\/\" target=\"_blank\" rel=\"attachment noopener wp-att-84 noreferrer\"><img decoding=\"async\" class=\"alignright wp-image-84 size-full\" src=\"http:\/\/mon.uvic.cat\/nitrecerca\/files\/2020\/10\/www-e1602843105399.png\" alt=\"\" width=\"50\" height=\"50\" \/><\/a><\/p>\n","protected":false},"excerpt":{"rendered":"<p>Qu\u00e8 \u00e9s Green Growth? El projecte Green Gowth t\u00e9 com  [&#8230;]<\/p>\n","protected":false},"author":613,"featured_media":0,"parent":0,"menu_order":0,"comment_status":"closed","ping_status":"closed","template":"","meta":{"footnotes":""},"class_list":["post-2379","page","type-page","status-publish","hentry"],"jetpack_sharing_enabled":true,"_links":{"self":[{"href":"https:\/\/mon.uvic.cat\/nitrecerca\/wp-json\/wp\/v2\/pages\/2379","targetHints":{"allow":["GET"]}}],"collection":[{"href":"https:\/\/mon.uvic.cat\/nitrecerca\/wp-json\/wp\/v2\/pages"}],"about":[{"href":"https:\/\/mon.uvic.cat\/nitrecerca\/wp-json\/wp\/v2\/types\/page"}],"author":[{"embeddable":true,"href":"https:\/\/mon.uvic.cat\/nitrecerca\/wp-json\/wp\/v2\/users\/613"}],"replies":[{"embeddable":true,"href":"https:\/\/mon.uvic.cat\/nitrecerca\/wp-json\/wp\/v2\/comments?post=2379"}],"version-history":[{"count":2,"href":"https:\/\/mon.uvic.cat\/nitrecerca\/wp-json\/wp\/v2\/pages\/2379\/revisions"}],"predecessor-version":[{"id":2601,"href":"https:\/\/mon.uvic.cat\/nitrecerca\/wp-json\/wp\/v2\/pages\/2379\/revisions\/2601"}],"wp:attachment":[{"href":"https:\/\/mon.uvic.cat\/nitrecerca\/wp-json\/wp\/v2\/media?parent=2379"}],"curies":[{"name":"wp","href":"https:\/\/api.w.org\/{rel}","templated":true}]}}