{"id":2377,"date":"2024-05-29T13:51:03","date_gmt":"2024-05-29T11:51:03","guid":{"rendered":"https:\/\/mon.uvic.cat\/nitrecerca\/?page_id=2377"},"modified":"2024-05-29T13:51:03","modified_gmt":"2024-05-29T11:51:03","slug":"destimed-plus","status":"publish","type":"page","link":"https:\/\/mon.uvic.cat\/nitrecerca\/destimed-plus\/","title":{"rendered":"DestiMED Plus"},"content":{"rendered":"<div class=\"fusion-fullwidth fullwidth-box fusion-builder-row-1 fusion-flex-container nonhundred-percent-fullwidth non-hundred-percent-height-scrolling\" style=\"--awb-border-radius-top-left:0px;--awb-border-radius-top-right:0px;--awb-border-radius-bottom-right:0px;--awb-border-radius-bottom-left:0px;--awb-flex-wrap:wrap;\" ><div class=\"fusion-builder-row fusion-row fusion-flex-align-items-flex-start fusion-flex-content-wrap\" style=\"max-width:1248px;margin-left: calc(-4% \/ 2 );margin-right: calc(-4% \/ 2 );\"><div class=\"fusion-layout-column fusion_builder_column fusion-builder-column-0 fusion_builder_column_1_1 1_1 fusion-flex-column\" style=\"--awb-bg-size:cover;--awb-width-large:100%;--awb-margin-top-large:0px;--awb-spacing-right-large:1.92%;--awb-margin-bottom-large:0px;--awb-spacing-left-large:1.92%;--awb-width-medium:100%;--awb-spacing-right-medium:1.92%;--awb-spacing-left-medium:1.92%;--awb-width-small:100%;--awb-spacing-right-small:1.92%;--awb-spacing-left-small:1.92%;\"><div class=\"fusion-column-wrapper fusion-flex-justify-content-flex-start fusion-content-layout-column\"><div class=\"fusion-text fusion-text-1\"><h3>Qu\u00e8 \u00e9s DestiMED Plus?<\/h3>\n<p>El projecte <a href=\"https:\/\/destimed-plus.interreg-med.eu\/\">DestiMED Plus<\/a> t\u00e9 per objectiu millorar la capacitat dels agents locals i regionals per crear itineraris ecotur\u00edstics i incorporar la conservaci\u00f3 de la natura en les agendes d\u2019espais protegits de sis pa\u00efsos de la regi\u00f3 mediterr\u00e0nia.<\/p>\n<p>El projecte tamb\u00e9 porta a terme el c\u00e0lcul de la petjada ambiental de les activitats tur\u00edstiques i fa balan\u00e7 de les accions de sostenibilitat mediambiental, social i econ\u00f2miques que es posin en marxa.<\/p>\n<h3>Objectius<\/h3>\n<p>DestiMED PLUS millorar\u00e0 la coordinaci\u00f3 de pol\u00edtiques entre els departaments de turisme i conservaci\u00f3 en cada regi\u00f3 s\u00f2cia del projecte, a trav\u00e9s de la creaci\u00f3 i promoci\u00f3 conjunta d&#8217;itineraris d&#8217;ecoturisme en \u00e0rees protegides del Mediterrani. Sobre la base del que s&#8217;aprendr\u00e0 a trav\u00e9s d&#8217;aquest proc\u00e9s, DestiMED PLUS establir\u00e0 un Consorci d&#8217;Ecoturisme Mediterrani (MEC) obert a totes les regions a nivell de la UE, que advocar\u00e0 per pol\u00edtiques integrades d&#8217;ecoturisme, incorporant conservaci\u00f3, sostenibilitat i perspectives econ\u00f2miques, i per a incloure enfocaments de serveis ecosist\u00e8mics en els processos de planificaci\u00f3 del turisme.<\/p>\n<p>Per altra banda, desenvolupar\u00e0 eines a l\u00ednia per a mesurar i millorar la sostenibilitat dels productes de l&#8217;ecoturisme i per a desenvolupar la capacitat entre les parts interessades locals de l&#8217;ecoturisme. La plataforma de monitoratge millorar\u00e0 la calculadora de Petjada Ecol\u00f2gica desenvolupada en DestiMED, incorporant indicadors socioecon\u00f2mics, de governan\u00e7a i conservaci\u00f3. La plataforma de capacitaci\u00f3 proporcionar\u00e0 contingut per a desenvolupar, monitorar i promoure l&#8217;ecoturisme i el desenvolupament del turisme costaner sostenible.<\/p>\n<h3>Material divulgatiu<\/h3>\n<div class=\"video-shortcode\"><iframe title=\"DestiMED and MEET Network Introduction\" width=\"1200\" height=\"675\" src=\"https:\/\/www.youtube.com\/embed\/gXm_s_3_Mdk?feature=oembed\" frameborder=\"0\" allow=\"accelerometer; autoplay; clipboard-write; encrypted-media; gyroscope; picture-in-picture; web-share\" referrerpolicy=\"strict-origin-when-cross-origin\" allowfullscreen><\/iframe><\/div>\n<hr \/>\n<p>Projecte coordinar pel <a href=\"https:\/\/www.uvic.cat\/CT_BETA\">Centre Tecnol\u00f2gic en Biodiversitat, Ecologia i Tecnologia i Gesti\u00f3 Ambiental i Aliment\u00e0ria (CT BETA)<\/a><\/p>\n<p>Projecte cofinan\u00e7at al 85% pel Fons Europeu de Desenvolupament Regional (FEDER) a trav\u00e9s del Programa Interreg MED 2014-2020.<\/p>\n<p><img decoding=\"async\" class=\"alignnone size-medium wp-image-186\" src=\"http:\/\/mon.uvic.cat\/nitrecerca\/files\/2020\/11\/BETA-1-300x55.png\" alt=\"\" width=\"300\" height=\"55\" srcset=\"https:\/\/mon.uvic.cat\/nitrecerca\/files\/2020\/11\/BETA-1-300x55.png 300w, https:\/\/mon.uvic.cat\/nitrecerca\/files\/2020\/11\/BETA-1-768x141.png 768w, https:\/\/mon.uvic.cat\/nitrecerca\/files\/2020\/11\/BETA-1-1024x188.png 1024w, https:\/\/mon.uvic.cat\/nitrecerca\/files\/2020\/11\/BETA-1-1536x283.png 1536w, https:\/\/mon.uvic.cat\/nitrecerca\/files\/2020\/11\/BETA-1.png 2294w\" sizes=\"(max-width: 300px) 100vw, 300px\" \/><\/p>\n<p style=\"text-align: right;\"><strong>Xarxes socials:<\/strong><\/p>\n<p><a href=\"https:\/\/www.youtube.com\/channel\/UCVJbz7a4YrLpIZLA7ZV0hBg\/featured\" target=\"_blank\" rel=\"noopener noreferrer\"><img decoding=\"async\" class=\"alignright wp-image-91 size-full\" src=\"http:\/\/mon.uvic.cat\/nitrecerca\/files\/2020\/10\/youtube-bona-e1602843206303.jpg\" alt=\"\" width=\"71\" height=\"50\" \/><\/a><a href=\"https:\/\/www.instagram.com\/meet_network\/?hl=en\" target=\"_blank\" rel=\"noopener noreferrer\"><img decoding=\"async\" class=\"alignright wp-image-111 size-full\" src=\"http:\/\/mon.uvic.cat\/nitrecerca\/files\/2020\/10\/instagram-e1603711009226.png\" alt=\"\" width=\"50\" height=\"50\" \/><\/a><a href=\"https:\/\/www.facebook.com\/meetnetwork.org\/\" target=\"_blank\" rel=\"noopener noreferrer\"><img decoding=\"async\" class=\"alignright wp-image-109 size-full\" src=\"http:\/\/mon.uvic.cat\/nitrecerca\/files\/2020\/10\/kisspng-facebook-inc-logo-computer-icons-facebook-messen-5af555fc052f34.7337436815260277720212-e1603710075588.png\" alt=\"\" width=\"50\" height=\"50\" \/><\/a><a href=\"https:\/\/twitter.com\/MedEcotourism?ref_src=twsrc%5Egoogle%7Ctwcamp%5Eserp%7Ctwgr%5Eauthor\" target=\"_blank\" rel=\"attachment noopener wp-att-111 noreferrer\"><img decoding=\"async\" class=\"alignright wp-image-90 size-full\" src=\"http:\/\/mon.uvic.cat\/nitrecerca\/files\/2020\/10\/twitter-logo-6-e1602843185286.png\" alt=\"\" width=\"61\" height=\"50\" \/><\/a><a href=\"http:\/\/www.enicbcmed.eu\/projects\/decost\" target=\"_blank\" rel=\"attachment noopener wp-att-84 noreferrer\"><img decoding=\"async\" class=\"alignright wp-image-84 size-full\" src=\"http:\/\/mon.uvic.cat\/nitrecerca\/files\/2020\/10\/www-e1602843105399.png\" alt=\"\" width=\"50\" height=\"50\" \/><\/a><\/p>\n<\/div><\/div><\/div><\/div><\/div>\n","protected":false},"excerpt":{"rendered":"","protected":false},"author":613,"featured_media":0,"parent":0,"menu_order":0,"comment_status":"closed","ping_status":"closed","template":"","meta":{"footnotes":""},"class_list":["post-2377","page","type-page","status-publish","hentry"],"jetpack_sharing_enabled":true,"_links":{"self":[{"href":"https:\/\/mon.uvic.cat\/nitrecerca\/wp-json\/wp\/v2\/pages\/2377","targetHints":{"allow":["GET"]}}],"collection":[{"href":"https:\/\/mon.uvic.cat\/nitrecerca\/wp-json\/wp\/v2\/pages"}],"about":[{"href":"https:\/\/mon.uvic.cat\/nitrecerca\/wp-json\/wp\/v2\/types\/page"}],"author":[{"embeddable":true,"href":"https:\/\/mon.uvic.cat\/nitrecerca\/wp-json\/wp\/v2\/users\/613"}],"replies":[{"embeddable":true,"href":"https:\/\/mon.uvic.cat\/nitrecerca\/wp-json\/wp\/v2\/comments?post=2377"}],"version-history":[{"count":2,"href":"https:\/\/mon.uvic.cat\/nitrecerca\/wp-json\/wp\/v2\/pages\/2377\/revisions"}],"predecessor-version":[{"id":2587,"href":"https:\/\/mon.uvic.cat\/nitrecerca\/wp-json\/wp\/v2\/pages\/2377\/revisions\/2587"}],"wp:attachment":[{"href":"https:\/\/mon.uvic.cat\/nitrecerca\/wp-json\/wp\/v2\/media?parent=2377"}],"curies":[{"name":"wp","href":"https:\/\/api.w.org\/{rel}","templated":true}]}}