{"id":2375,"date":"2024-05-30T11:33:52","date_gmt":"2024-05-30T09:33:52","guid":{"rendered":"https:\/\/mon.uvic.cat\/nitrecerca\/?page_id=2375"},"modified":"2024-05-30T11:33:52","modified_gmt":"2024-05-30T09:33:52","slug":"medpan-coming","status":"publish","type":"page","link":"https:\/\/mon.uvic.cat\/nitrecerca\/medpan-coming\/","title":{"rendered":"MedPAN &#8211; COMING"},"content":{"rendered":"<div class=\"fusion-fullwidth fullwidth-box fusion-builder-row-1 fusion-flex-container nonhundred-percent-fullwidth non-hundred-percent-height-scrolling\" style=\"--awb-border-radius-top-left:0px;--awb-border-radius-top-right:0px;--awb-border-radius-bottom-right:0px;--awb-border-radius-bottom-left:0px;--awb-flex-wrap:wrap;\" ><div class=\"fusion-builder-row fusion-row fusion-flex-align-items-flex-start fusion-flex-content-wrap\" style=\"max-width:1248px;margin-left: calc(-4% \/ 2 );margin-right: calc(-4% \/ 2 );\"><div class=\"fusion-layout-column fusion_builder_column fusion-builder-column-0 fusion_builder_column_1_1 1_1 fusion-flex-column\" style=\"--awb-bg-size:cover;--awb-width-large:100%;--awb-margin-top-large:0px;--awb-spacing-right-large:1.92%;--awb-margin-bottom-large:0px;--awb-spacing-left-large:1.92%;--awb-width-medium:100%;--awb-spacing-right-medium:1.92%;--awb-spacing-left-medium:1.92%;--awb-width-small:100%;--awb-spacing-right-small:1.92%;--awb-spacing-left-small:1.92%;\"><div class=\"fusion-column-wrapper fusion-flex-justify-content-flex-start fusion-content-layout-column\"><div class=\"fusion-text fusion-text-1\"><h3>Objectius<\/h3>\n<p>El projecte COMING t\u00e9 com a objectiu principal l\u2019\u00fas de les \u00e0rees marines protegides com a punt de partida per la gesti\u00f3 I monitoreig dels esdeveniment de nidaci\u00f3 al Mediterrani occidental.<\/p>\n<p>El Mediterrani occidental s\u2019est\u00e0 convertint en una zona de nidificaci\u00f3 regular per la tortuga\u00a0<em>Caretta caretta<\/em>, com a resultat d\u2019un proc\u00e9s de colonitzaci\u00f3, potencialment afavorit per l\u2019escalfament global, per part d\u2019individus provinents de zones de nidaci\u00f3 del Mediterrani oriental i de l\u2019Atl\u00e0ntic. La majoria d\u2019aquest esdeveniments tenen lloc en platges amb molta activitat humana. Aix\u00f2, la falta de protocols comuns a aplicar per part de t\u00e8cnics de gesti\u00f3, i la falta de conscienciaci\u00f3 de la ciutadania, es tradueix en danys a ous i cries, mol\u00e8sties a femelles, i la impossibilitat de realitzar les seves postes, aix\u00ed com la p\u00e8rdua d\u2019oportunitats per reunir dades cient\u00edfiques. Per aix\u00f2, \u00e9s crucial establir unes guies comuns de gesti\u00f3 i conservaci\u00f3, millorar la implicaci\u00f3 de la ciutadania en la gesti\u00f3 d\u2019aquestes esdeveniments, i dur a terme un programa de monitoreig cient\u00edfic que permeti l\u2019estabilitzaci\u00f3 d\u2019aquests esdeveniments de nidificaci\u00f3.<\/p>\n<p>En aquest context, les \u00e0rees marines protegides juguen un paper central en la gesti\u00f3 i monitoritzaci\u00f3 d\u2019aquestes esdeveniments, donat que molts es produeixen dintre els seus l\u00edmits. Conseq\u00fcentment, els protocols a elaborar en el marc del projecte permetran prendre decisions de gesti\u00f3 correctes en aquestes \u00e0rees, i que aquestes \u00e0rees a la vegada actu\u00efn com a punts principals des d\u2019on realitzar campanyes de divulgaci\u00f3 i sensibilitzaci\u00f3 per millorar la detecci\u00f3 dels esdeveniments, i la actuaci\u00f3 dels t\u00e8cnics i p\u00fablic en general.<\/p>\n<p>Les activitats del projectes es centren ens tres eixos principals:<\/p>\n<ol>\n<li>\n<ol>\n<li>El desenvolupament d\u2019una estrat\u00e8gia comuna pel monitoreig i gesti\u00f3 dels esdeveniments de nidificaci\u00f3 al Mediterrani occidental<\/li>\n<li>La realitzaci\u00f3 d\u2019estudis cient\u00edfics sobre l\u2019origen i viabilitat d\u2019aquestes esdeveniments, incloent estudis de perfils de temperatures de platja que permetin con\u00e8ixer la viabilitat de les mateixes per acollir postes, i estudis gen\u00e8tics per con\u00e8ixer la regi\u00f3 d\u2019origen dels exemplars reproductors.<\/li>\n<li>L\u2019execuci\u00f3 d\u2019activitats de divulgaci\u00f3 i sensibilitzaci\u00f3 sobre la biologia i el proc\u00e9s de nidificaci\u00f3 de\u00a0<em>Caretta caretta<\/em>\u00a0per implicar als ciutadans en la gesti\u00f3 d\u2019aquests esdeveniments.<\/li>\n<\/ol>\n<\/li>\n<\/ol>\n<p>Les \u00e0rees marines protegides inicialment implicades en el projecte s\u00f3n les seg\u00fcents: Costes del Maresme (Catalunya), Delta de l\u2019Ebre (Catalunya), Costa degli Infreschi e della Masseta (It\u00e0lia), Santa Maria di Castellabate (It\u00e0lia) i Isole Pelagie (It\u00e0lia). Tot i aix\u00ed, els protocols i resultats del projecte COMING es faran extensives a altres \u00e0rees marines protegides a nivell europeu interessades a aplicar-los.<\/p>\n<h3>Material divulgatiu<\/h3>\n\n\t\t<style type=\"text\/css\">\n\t\t\t#gallery-1 {\n\t\t\t\tmargin: auto;\n\t\t\t}\n\t\t\t#gallery-1 .gallery-item {\n\t\t\t\tfloat: left;\n\t\t\t\tmargin-top: 10px;\n\t\t\t\ttext-align: center;\n\t\t\t\twidth: 100%;\n\t\t\t}\n\t\t\t#gallery-1 img {\n\t\t\t\tborder: 2px solid #cfcfcf;\n\t\t\t}\n\t\t\t#gallery-1 .gallery-caption {\n\t\t\t\tmargin-left: 0;\n\t\t\t}\n\t\t\t\/* see gallery_shortcode() in wp-includes\/media.php *\/\n\t\t<\/style>\n\t\t<div id='gallery-1' class='gallery galleryid-2375 gallery-columns-1 gallery-size-medium'><dl class='gallery-item'>\n\t\t\t<dt class='gallery-icon landscape'>\n\t\t\t\t<a data-rel=\"iLightbox[postimages]\" data-title=\"coming1\" data-caption=\"\" href='https:\/\/mon.uvic.cat\/nitrecerca\/files\/2020\/11\/coming1.png'><img decoding=\"async\" width=\"300\" height=\"297\" src=\"https:\/\/mon.uvic.cat\/nitrecerca\/files\/2020\/11\/coming1-300x297.png\" class=\"attachment-medium size-medium\" alt=\"\" srcset=\"https:\/\/mon.uvic.cat\/nitrecerca\/files\/2020\/11\/coming1-60x60.png 60w, https:\/\/mon.uvic.cat\/nitrecerca\/files\/2020\/11\/coming1-150x150.png 150w, https:\/\/mon.uvic.cat\/nitrecerca\/files\/2020\/11\/coming1-300x297.png 300w, https:\/\/mon.uvic.cat\/nitrecerca\/files\/2020\/11\/coming1-768x761.png 768w, https:\/\/mon.uvic.cat\/nitrecerca\/files\/2020\/11\/coming1.png 901w\" sizes=\"(max-width: 300px) 100vw, 300px\" \/><\/a>\n\t\t\t<\/dt><\/dl><br style=\"clear: both\" \/><dl class='gallery-item'>\n\t\t\t<dt class='gallery-icon portrait'>\n\t\t\t\t<a data-rel=\"iLightbox[postimages]\" data-title=\"coming2\" data-caption=\"\" href='https:\/\/mon.uvic.cat\/nitrecerca\/files\/2020\/11\/coming2.png'><img decoding=\"async\" width=\"298\" height=\"300\" src=\"https:\/\/mon.uvic.cat\/nitrecerca\/files\/2020\/11\/coming2-298x300.png\" class=\"attachment-medium size-medium\" alt=\"\" srcset=\"https:\/\/mon.uvic.cat\/nitrecerca\/files\/2020\/11\/coming2-60x60.png 60w, https:\/\/mon.uvic.cat\/nitrecerca\/files\/2020\/11\/coming2-150x150.png 150w, https:\/\/mon.uvic.cat\/nitrecerca\/files\/2020\/11\/coming2-298x300.png 298w, https:\/\/mon.uvic.cat\/nitrecerca\/files\/2020\/11\/coming2-768x773.png 768w, https:\/\/mon.uvic.cat\/nitrecerca\/files\/2020\/11\/coming2.png 887w\" sizes=\"(max-width: 298px) 100vw, 298px\" \/><\/a>\n\t\t\t<\/dt><\/dl><br style=\"clear: both\" \/><dl class='gallery-item'>\n\t\t\t<dt class='gallery-icon portrait'>\n\t\t\t\t<a data-rel=\"iLightbox[postimages]\" data-title=\"Flyer_hatchlings_P\u00e1gina_1\" data-caption=\"\" href='https:\/\/mon.uvic.cat\/nitrecerca\/files\/2020\/11\/Flyer_hatchlings_Pagina_1-scaled.jpg'><img decoding=\"async\" width=\"217\" height=\"300\" src=\"https:\/\/mon.uvic.cat\/nitrecerca\/files\/2020\/11\/Flyer_hatchlings_Pagina_1-217x300.jpg\" class=\"attachment-medium size-medium\" alt=\"\" srcset=\"https:\/\/mon.uvic.cat\/nitrecerca\/files\/2020\/11\/Flyer_hatchlings_Pagina_1-217x300.jpg 217w, https:\/\/mon.uvic.cat\/nitrecerca\/files\/2020\/11\/Flyer_hatchlings_Pagina_1-742x1024.jpg 742w, https:\/\/mon.uvic.cat\/nitrecerca\/files\/2020\/11\/Flyer_hatchlings_Pagina_1-768x1060.jpg 768w, https:\/\/mon.uvic.cat\/nitrecerca\/files\/2020\/11\/Flyer_hatchlings_Pagina_1-1113x1536.jpg 1113w, https:\/\/mon.uvic.cat\/nitrecerca\/files\/2020\/11\/Flyer_hatchlings_Pagina_1-1484x2048.jpg 1484w, https:\/\/mon.uvic.cat\/nitrecerca\/files\/2020\/11\/Flyer_hatchlings_Pagina_1-scaled.jpg 1854w\" sizes=\"(max-width: 217px) 100vw, 217px\" \/><\/a>\n\t\t\t<\/dt><\/dl><br style=\"clear: both\" \/><dl class='gallery-item'>\n\t\t\t<dt class='gallery-icon portrait'>\n\t\t\t\t<a data-rel=\"iLightbox[postimages]\" data-title=\"Flyer_hatchlings_P\u00e1gina_2\" data-caption=\"\" href='https:\/\/mon.uvic.cat\/nitrecerca\/files\/2020\/11\/Flyer_hatchlings_Pagina_2-scaled.jpg'><img decoding=\"async\" width=\"217\" height=\"300\" src=\"https:\/\/mon.uvic.cat\/nitrecerca\/files\/2020\/11\/Flyer_hatchlings_Pagina_2-217x300.jpg\" class=\"attachment-medium size-medium\" alt=\"\" srcset=\"https:\/\/mon.uvic.cat\/nitrecerca\/files\/2020\/11\/Flyer_hatchlings_Pagina_2-217x300.jpg 217w, https:\/\/mon.uvic.cat\/nitrecerca\/files\/2020\/11\/Flyer_hatchlings_Pagina_2-742x1024.jpg 742w, https:\/\/mon.uvic.cat\/nitrecerca\/files\/2020\/11\/Flyer_hatchlings_Pagina_2-768x1060.jpg 768w, https:\/\/mon.uvic.cat\/nitrecerca\/files\/2020\/11\/Flyer_hatchlings_Pagina_2-1113x1536.jpg 1113w, https:\/\/mon.uvic.cat\/nitrecerca\/files\/2020\/11\/Flyer_hatchlings_Pagina_2-1483x2048.jpg 1483w, https:\/\/mon.uvic.cat\/nitrecerca\/files\/2020\/11\/Flyer_hatchlings_Pagina_2-scaled.jpg 1854w\" sizes=\"(max-width: 217px) 100vw, 217px\" \/><\/a>\n\t\t\t<\/dt><\/dl><br style=\"clear: both\" \/><dl class='gallery-item'>\n\t\t\t<dt class='gallery-icon portrait'>\n\t\t\t\t<a data-rel=\"iLightbox[postimages]\" data-title=\"Flyer_female_P\u00e1gina_1\" data-caption=\"\" href='https:\/\/mon.uvic.cat\/nitrecerca\/files\/2020\/11\/Flyer_female_Pagina_1-scaled.jpg'><img decoding=\"async\" width=\"217\" height=\"300\" src=\"https:\/\/mon.uvic.cat\/nitrecerca\/files\/2020\/11\/Flyer_female_Pagina_1-217x300.jpg\" class=\"attachment-medium size-medium\" alt=\"\" srcset=\"https:\/\/mon.uvic.cat\/nitrecerca\/files\/2020\/11\/Flyer_female_Pagina_1-217x300.jpg 217w, https:\/\/mon.uvic.cat\/nitrecerca\/files\/2020\/11\/Flyer_female_Pagina_1-742x1024.jpg 742w, https:\/\/mon.uvic.cat\/nitrecerca\/files\/2020\/11\/Flyer_female_Pagina_1-768x1060.jpg 768w, https:\/\/mon.uvic.cat\/nitrecerca\/files\/2020\/11\/Flyer_female_Pagina_1-1113x1536.jpg 1113w, https:\/\/mon.uvic.cat\/nitrecerca\/files\/2020\/11\/Flyer_female_Pagina_1-1484x2048.jpg 1484w, https:\/\/mon.uvic.cat\/nitrecerca\/files\/2020\/11\/Flyer_female_Pagina_1-scaled.jpg 1854w\" sizes=\"(max-width: 217px) 100vw, 217px\" \/><\/a>\n\t\t\t<\/dt><\/dl><br style=\"clear: both\" \/><dl class='gallery-item'>\n\t\t\t<dt class='gallery-icon portrait'>\n\t\t\t\t<a data-rel=\"iLightbox[postimages]\" data-title=\"Flyer_female_P\u00e1gina_2\" data-caption=\"\" href='https:\/\/mon.uvic.cat\/nitrecerca\/files\/2020\/11\/Flyer_female_Pagina_2-scaled.jpg'><img decoding=\"async\" width=\"217\" height=\"300\" src=\"https:\/\/mon.uvic.cat\/nitrecerca\/files\/2020\/11\/Flyer_female_Pagina_2-217x300.jpg\" class=\"attachment-medium size-medium\" alt=\"\" srcset=\"https:\/\/mon.uvic.cat\/nitrecerca\/files\/2020\/11\/Flyer_female_Pagina_2-217x300.jpg 217w, https:\/\/mon.uvic.cat\/nitrecerca\/files\/2020\/11\/Flyer_female_Pagina_2-742x1024.jpg 742w, https:\/\/mon.uvic.cat\/nitrecerca\/files\/2020\/11\/Flyer_female_Pagina_2-768x1060.jpg 768w, https:\/\/mon.uvic.cat\/nitrecerca\/files\/2020\/11\/Flyer_female_Pagina_2-1113x1536.jpg 1113w, https:\/\/mon.uvic.cat\/nitrecerca\/files\/2020\/11\/Flyer_female_Pagina_2-1484x2048.jpg 1484w, https:\/\/mon.uvic.cat\/nitrecerca\/files\/2020\/11\/Flyer_female_Pagina_2-scaled.jpg 1855w\" sizes=\"(max-width: 217px) 100vw, 217px\" \/><\/a>\n\t\t\t<\/dt><\/dl><br style=\"clear: both\" \/><dl class='gallery-item'>\n\t\t\t<dt class='gallery-icon portrait'>\n\t\t\t\t<a data-rel=\"iLightbox[postimages]\" data-title=\"Flyer_drivers_P\u00e1gina_2\" data-caption=\"\" href='https:\/\/mon.uvic.cat\/nitrecerca\/files\/2020\/11\/Flyer_drivers_Pagina_2-1-scaled.jpg'><img decoding=\"async\" width=\"216\" height=\"300\" src=\"https:\/\/mon.uvic.cat\/nitrecerca\/files\/2020\/11\/Flyer_drivers_Pagina_2-1-216x300.jpg\" class=\"attachment-medium size-medium\" alt=\"\" srcset=\"https:\/\/mon.uvic.cat\/nitrecerca\/files\/2020\/11\/Flyer_drivers_Pagina_2-1-216x300.jpg 216w, https:\/\/mon.uvic.cat\/nitrecerca\/files\/2020\/11\/Flyer_drivers_Pagina_2-1-738x1024.jpg 738w, https:\/\/mon.uvic.cat\/nitrecerca\/files\/2020\/11\/Flyer_drivers_Pagina_2-1-768x1065.jpg 768w, https:\/\/mon.uvic.cat\/nitrecerca\/files\/2020\/11\/Flyer_drivers_Pagina_2-1-1108x1536.jpg 1108w, https:\/\/mon.uvic.cat\/nitrecerca\/files\/2020\/11\/Flyer_drivers_Pagina_2-1-1477x2048.jpg 1477w, https:\/\/mon.uvic.cat\/nitrecerca\/files\/2020\/11\/Flyer_drivers_Pagina_2-1-scaled.jpg 1846w\" sizes=\"(max-width: 216px) 100vw, 216px\" \/><\/a>\n\t\t\t<\/dt><\/dl><br style=\"clear: both\" \/><dl class='gallery-item'>\n\t\t\t<dt class='gallery-icon portrait'>\n\t\t\t\t<a data-rel=\"iLightbox[postimages]\" data-title=\"Flyer_drivers_P\u00e1gina_1\" data-caption=\"\" href='https:\/\/mon.uvic.cat\/nitrecerca\/files\/2020\/11\/Flyer_drivers_Pagina_1-1-scaled.jpg'><img decoding=\"async\" width=\"216\" height=\"300\" src=\"https:\/\/mon.uvic.cat\/nitrecerca\/files\/2020\/11\/Flyer_drivers_Pagina_1-1-216x300.jpg\" class=\"attachment-medium size-medium\" alt=\"\" srcset=\"https:\/\/mon.uvic.cat\/nitrecerca\/files\/2020\/11\/Flyer_drivers_Pagina_1-1-216x300.jpg 216w, https:\/\/mon.uvic.cat\/nitrecerca\/files\/2020\/11\/Flyer_drivers_Pagina_1-1-737x1024.jpg 737w, https:\/\/mon.uvic.cat\/nitrecerca\/files\/2020\/11\/Flyer_drivers_Pagina_1-1-768x1067.jpg 768w, https:\/\/mon.uvic.cat\/nitrecerca\/files\/2020\/11\/Flyer_drivers_Pagina_1-1-1105x1536.jpg 1105w, https:\/\/mon.uvic.cat\/nitrecerca\/files\/2020\/11\/Flyer_drivers_Pagina_1-1-1474x2048.jpg 1474w, https:\/\/mon.uvic.cat\/nitrecerca\/files\/2020\/11\/Flyer_drivers_Pagina_1-1-scaled.jpg 1842w\" sizes=\"(max-width: 216px) 100vw, 216px\" \/><\/a>\n\t\t\t<\/dt><\/dl><br style=\"clear: both\" \/><dl class='gallery-item'>\n\t\t\t<dt class='gallery-icon portrait'>\n\t\t\t\t<a data-rel=\"iLightbox[postimages]\" data-title=\"Flyer_drivers_P\u00e1gina_2\" data-caption=\"\" href='https:\/\/mon.uvic.cat\/nitrecerca\/files\/2020\/11\/Flyer_drivers_Pagina_2-scaled.jpg'><img decoding=\"async\" width=\"216\" height=\"300\" src=\"https:\/\/mon.uvic.cat\/nitrecerca\/files\/2020\/11\/Flyer_drivers_Pagina_2-216x300.jpg\" class=\"attachment-medium size-medium\" alt=\"\" srcset=\"https:\/\/mon.uvic.cat\/nitrecerca\/files\/2020\/11\/Flyer_drivers_Pagina_2-216x300.jpg 216w, https:\/\/mon.uvic.cat\/nitrecerca\/files\/2020\/11\/Flyer_drivers_Pagina_2-738x1024.jpg 738w, https:\/\/mon.uvic.cat\/nitrecerca\/files\/2020\/11\/Flyer_drivers_Pagina_2-768x1065.jpg 768w, https:\/\/mon.uvic.cat\/nitrecerca\/files\/2020\/11\/Flyer_drivers_Pagina_2-1108x1536.jpg 1108w, https:\/\/mon.uvic.cat\/nitrecerca\/files\/2020\/11\/Flyer_drivers_Pagina_2-1477x2048.jpg 1477w, https:\/\/mon.uvic.cat\/nitrecerca\/files\/2020\/11\/Flyer_drivers_Pagina_2-scaled.jpg 1846w\" sizes=\"(max-width: 216px) 100vw, 216px\" \/><\/a>\n\t\t\t<\/dt><\/dl><br style=\"clear: both\" \/><dl class='gallery-item'>\n\t\t\t<dt class='gallery-icon portrait'>\n\t\t\t\t<a data-rel=\"iLightbox[postimages]\" data-title=\"Flyer_drivers_P\u00e1gina_1\" data-caption=\"\" href='https:\/\/mon.uvic.cat\/nitrecerca\/files\/2020\/11\/Flyer_drivers_Pagina_1-scaled.jpg'><img decoding=\"async\" width=\"216\" height=\"300\" src=\"https:\/\/mon.uvic.cat\/nitrecerca\/files\/2020\/11\/Flyer_drivers_Pagina_1-216x300.jpg\" class=\"attachment-medium size-medium\" alt=\"\" srcset=\"https:\/\/mon.uvic.cat\/nitrecerca\/files\/2020\/11\/Flyer_drivers_Pagina_1-216x300.jpg 216w, https:\/\/mon.uvic.cat\/nitrecerca\/files\/2020\/11\/Flyer_drivers_Pagina_1-737x1024.jpg 737w, https:\/\/mon.uvic.cat\/nitrecerca\/files\/2020\/11\/Flyer_drivers_Pagina_1-768x1067.jpg 768w, https:\/\/mon.uvic.cat\/nitrecerca\/files\/2020\/11\/Flyer_drivers_Pagina_1-1105x1536.jpg 1105w, https:\/\/mon.uvic.cat\/nitrecerca\/files\/2020\/11\/Flyer_drivers_Pagina_1-1474x2048.jpg 1474w, https:\/\/mon.uvic.cat\/nitrecerca\/files\/2020\/11\/Flyer_drivers_Pagina_1-scaled.jpg 1842w\" sizes=\"(max-width: 216px) 100vw, 216px\" \/><\/a>\n\t\t\t<\/dt><\/dl><br style=\"clear: both\" \/>\n\t\t<\/div>\n\n<hr \/>\n<p>Projecte coordinat pel Centre Tecnol\u00f2gic BETA de la Universitat de Vic \u2013 Universitat Central de Catalunya (UVic-UCC).<\/p>\n<p>Socis: Universitat de Barcelona i Stazione Zoologica Anton Dohrn (It\u00e0lia)<\/p>\n<p>Col\u00b7laboradors: Estaci\u00f3n Biol\u00f3gica de Do\u00f1ana (EBD-CSIC).<\/p>\n<p><a href=\"http:\/\/mon.uvic.cat\/nitrecerca\/portfolio\/medpan-coming\/uvic-2\/\" rel=\"attachment wp-att-483\"><img decoding=\"async\" class=\"alignleft size-full wp-image-483\" src=\"http:\/\/mon.uvic.cat\/nitrecerca\/files\/2020\/11\/UVic.png\" alt=\"\" width=\"200\" height=\"87\" \/><\/a><a href=\"http:\/\/mon.uvic.cat\/nitrecerca\/portfolio\/medpan-coming\/ub-2\/\" rel=\"attachment wp-att-484\"><img decoding=\"async\" class=\"alignleft size-full wp-image-484\" src=\"http:\/\/mon.uvic.cat\/nitrecerca\/files\/2020\/11\/UB.png\" alt=\"\" width=\"300\" height=\"90\" \/><\/a><a href=\"http:\/\/mon.uvic.cat\/nitrecerca\/portfolio\/medpan-coming\/szn-1-e1591026258926-240x240\/\" rel=\"attachment wp-att-485\"><img decoding=\"async\" class=\"alignnone wp-image-485 size-full\" src=\"http:\/\/mon.uvic.cat\/nitrecerca\/files\/2020\/11\/szn-1-e1591026258926-240x240-1.png\" alt=\"\" width=\"240\" height=\"240\" srcset=\"https:\/\/mon.uvic.cat\/nitrecerca\/files\/2020\/11\/szn-1-e1591026258926-240x240-1-60x60.png 60w, https:\/\/mon.uvic.cat\/nitrecerca\/files\/2020\/11\/szn-1-e1591026258926-240x240-1-150x150.png 150w, https:\/\/mon.uvic.cat\/nitrecerca\/files\/2020\/11\/szn-1-e1591026258926-240x240-1.png 240w\" sizes=\"(max-width: 240px) 100vw, 240px\" \/><\/a><\/p>\n<p>Projecte cofinan\u00e7at a trav\u00e9s de la convocatoria\u00a0<em>Thematic Call for Small Projects on Sustainable management of marine turtles to reinforce MPA management<\/em>\u00a0de MedPAN, amb finan\u00e7ament de MAVA Foundation.<\/p>\n<p><a href=\"http:\/\/mon.uvic.cat\/nitrecerca\/portfolio\/medpan-coming\/badge-medpan-app-2018-mava-turtles-en-hd-e1591026414993\/\" rel=\"attachment wp-att-486\"><img decoding=\"async\" class=\"size-full wp-image-486 alignnone\" src=\"http:\/\/mon.uvic.cat\/nitrecerca\/files\/2020\/11\/badge-Medpan-APP-2018-MAVA-turtles-en-HD-e1591026414993.png\" alt=\"\" width=\"200\" height=\"61\" \/><\/a><\/p>\n<p style=\"text-align: right;\"><strong>Xarxes socials:<\/strong><\/p>\n<p><a href=\"https:\/\/www.facebook.com\/MedPAN.network\/?ref=nf&amp;hc_ref=ARTF0T_Q0VpNUg5IwMcrQ4aJrdItOMdUUpmESiOEXyvuKOZw_RRDcN36nafz3Q_6MSs\" target=\"_blank\" rel=\"noopener noreferrer\"><img decoding=\"async\" class=\"alignright wp-image-109 size-full\" src=\"http:\/\/mon.uvic.cat\/nitrecerca\/files\/2020\/10\/kisspng-facebook-inc-logo-computer-icons-facebook-messen-5af555fc052f34.7337436815260277720212-e1603710075588.png\" alt=\"\" width=\"50\" height=\"50\" \/><\/a><a href=\"https:\/\/twitter.com\/MedPAN?ref_src=twsrc%5Etfw%7Ctwcamp%5Eembeddedtimeline%7Ctwterm%5Eprofile%3AMedPAN&amp;ref_url=http%3A%2F%2Fmedpan.org%2Fmarine-protected-areas%2Fthemes-2%2Fmarine-turtles%2F\" target=\"_blank\" rel=\"attachment noopener wp-att-111 noreferrer\"><img decoding=\"async\" class=\"alignright wp-image-90 size-full\" src=\"http:\/\/mon.uvic.cat\/nitrecerca\/files\/2020\/10\/twitter-logo-6-e1602843185286.png\" alt=\"\" width=\"61\" height=\"50\" \/><\/a><a href=\"http:\/\/medpan.org\/marine-protected-areas\/themes-2\/marine-turtles\/\" target=\"_blank\" rel=\"attachment noopener wp-att-84 noreferrer\"><img decoding=\"async\" class=\"alignright wp-image-84 size-full\" src=\"http:\/\/mon.uvic.cat\/nitrecerca\/files\/2020\/10\/www-e1602843105399.png\" alt=\"\" width=\"50\" height=\"50\" \/><\/a><\/p>\n<\/div><\/div><\/div><\/div><\/div>\n","protected":false},"excerpt":{"rendered":"","protected":false},"author":613,"featured_media":0,"parent":0,"menu_order":0,"comment_status":"closed","ping_status":"closed","template":"","meta":{"footnotes":""},"class_list":["post-2375","page","type-page","status-publish","hentry"],"jetpack_sharing_enabled":true,"_links":{"self":[{"href":"https:\/\/mon.uvic.cat\/nitrecerca\/wp-json\/wp\/v2\/pages\/2375","targetHints":{"allow":["GET"]}}],"collection":[{"href":"https:\/\/mon.uvic.cat\/nitrecerca\/wp-json\/wp\/v2\/pages"}],"about":[{"href":"https:\/\/mon.uvic.cat\/nitrecerca\/wp-json\/wp\/v2\/types\/page"}],"author":[{"embeddable":true,"href":"https:\/\/mon.uvic.cat\/nitrecerca\/wp-json\/wp\/v2\/users\/613"}],"replies":[{"embeddable":true,"href":"https:\/\/mon.uvic.cat\/nitrecerca\/wp-json\/wp\/v2\/comments?post=2375"}],"version-history":[{"count":2,"href":"https:\/\/mon.uvic.cat\/nitrecerca\/wp-json\/wp\/v2\/pages\/2375\/revisions"}],"predecessor-version":[{"id":2630,"href":"https:\/\/mon.uvic.cat\/nitrecerca\/wp-json\/wp\/v2\/pages\/2375\/revisions\/2630"}],"wp:attachment":[{"href":"https:\/\/mon.uvic.cat\/nitrecerca\/wp-json\/wp\/v2\/media?parent=2375"}],"curies":[{"name":"wp","href":"https:\/\/api.w.org\/{rel}","templated":true}]}}