{"id":2373,"date":"2024-05-30T11:23:26","date_gmt":"2024-05-30T09:23:26","guid":{"rendered":"https:\/\/mon.uvic.cat\/nitrecerca\/?page_id=2373"},"modified":"2024-05-30T11:23:26","modified_gmt":"2024-05-30T09:23:26","slug":"interact","status":"publish","type":"page","link":"https:\/\/mon.uvic.cat\/nitrecerca\/interact\/","title":{"rendered":"InterACT"},"content":{"rendered":"<div class=\"fusion-fullwidth fullwidth-box fusion-builder-row-1 fusion-flex-container nonhundred-percent-fullwidth non-hundred-percent-height-scrolling\" style=\"--awb-border-radius-top-left:0px;--awb-border-radius-top-right:0px;--awb-border-radius-bottom-right:0px;--awb-border-radius-bottom-left:0px;--awb-flex-wrap:wrap;\" ><div class=\"fusion-builder-row fusion-row fusion-flex-align-items-flex-start fusion-flex-content-wrap\" style=\"max-width:1248px;margin-left: calc(-4% \/ 2 );margin-right: calc(-4% \/ 2 );\"><div class=\"fusion-layout-column fusion_builder_column fusion-builder-column-0 fusion_builder_column_1_1 1_1 fusion-flex-column\" style=\"--awb-bg-size:cover;--awb-width-large:100%;--awb-margin-top-large:0px;--awb-spacing-right-large:1.92%;--awb-margin-bottom-large:0px;--awb-spacing-left-large:1.92%;--awb-width-medium:100%;--awb-spacing-right-medium:1.92%;--awb-spacing-left-medium:1.92%;--awb-width-small:100%;--awb-spacing-right-small:1.92%;--awb-spacing-left-small:1.92%;\"><div class=\"fusion-column-wrapper fusion-flex-justify-content-flex-start fusion-content-layout-column\"><div class=\"fusion-text fusion-text-1\"><h3>Qu\u00e8 \u00e9s InterACT?<\/h3>\n<p><a href=\"http:\/\/interact-erasmus.eu\/\">InterACT,<\/a> &#8220;Interdisciplinary Cooperation in Psychosocial Interventions\u201d, \u00e9s un projecte Erasmus+ centrat en l\u2019atenci\u00f3 psicosocial a persones refugiades que t\u00e9 com a objectiu principal identificar i difondre les millors praxis europees en el tractament psicosocial de les persones refugiades. Tamb\u00e9 treballa per a la creaci\u00f3 de materials interdisciplinaris per a la doc\u00e8ncia universit\u00e0ria a nivell europeu i per tenir incid\u00e8ncia en les pol\u00edtiques d\u2019atenci\u00f3 psicosocial a aquest col\u00b7lectiu de persones. El grup de recerca SaMIS hi participa liderant la dimensi\u00f3 de recerca associada al projecte.<\/p>\n<p>L&#8217;alian\u00e7a europea est\u00e0 formada per la UB Hochschule Berlin, d\u2019Alemanya, el Karolinska Insitutet, de Su\u00e8cia, la National University of Athens, de Gr\u00e8cia, i HCI Productions, de Finl\u00e0ndia.<\/p>\n<p>La UVic-UCC s\u2019encarrega de treballar en el disseny de programes educatius universitaris interdisciplinaris i en la creaci\u00f3 de guies per als professionals de la salut. Tamb\u00e9 lidera una recerca amb les persones refugiades i elabora orientacions per a les pol\u00edtiques d\u2019atenci\u00f3 als refugiats. El Dr. Salvador Sim\u00f3, amb experi\u00e8ncia en el treball amb refugiats en pa\u00efsos com B\u00f2snia, Guatemala o Kosovo, coordina el projecte des del <a href=\"http:\/\/urecerca.uvic.cat\/CawDOS?id=4588a8c3e1bf53f5&amp;idioma=ca&amp;tipo=grupo\">GR Salut Mental i Innovaci\u00f3 Social<\/a> (FCSB-CESS) i la <a href=\"https:\/\/www.uvic.cat\/recerca\/catedra-salut-mental\">C\u00e0tedra de Salut Mental<\/a>.<\/p>\n<h3>Objectius<\/h3>\n<p>L&#8217;objectiu principal del projecte InterAct \u00e9s identificar i abordar els factors d\u2019\u00e8xit de la cooperaci\u00f3 entre psicologia, ter\u00e0pia ocupacional, fisioter\u00e0pia, treball social, logop\u00e8dia i educaci\u00f3 per a l\u2019atenci\u00f3 sanit\u00e0ria en intervencions psicosocials per a refugiats, combinant models d\u2019ensenyament i formaci\u00f3, experi\u00e8ncies de la pr\u00e0ctica i els corresponents. proves de recerca.<\/p>\n<p>La missi\u00f3 principal d&#8217;InterAct \u00e9s crear el seg\u00fcent:<\/p>\n<p><img decoding=\"async\" class=\" wp-image-833 alignnone\" src=\"http:\/\/mon.uvic.cat\/nitrecerca\/files\/2020\/11\/Interact-Square-Infographic-Three-Goals.jpg\" alt=\"\" width=\"802\" height=\"802\" srcset=\"https:\/\/mon.uvic.cat\/nitrecerca\/files\/2020\/11\/Interact-Square-Infographic-Three-Goals-60x60.jpg 60w, https:\/\/mon.uvic.cat\/nitrecerca\/files\/2020\/11\/Interact-Square-Infographic-Three-Goals-150x150.jpg 150w, https:\/\/mon.uvic.cat\/nitrecerca\/files\/2020\/11\/Interact-Square-Infographic-Three-Goals-300x300.jpg 300w, https:\/\/mon.uvic.cat\/nitrecerca\/files\/2020\/11\/Interact-Square-Infographic-Three-Goals-768x768.jpg 768w, https:\/\/mon.uvic.cat\/nitrecerca\/files\/2020\/11\/Interact-Square-Infographic-Three-Goals-1024x1024.jpg 1024w, https:\/\/mon.uvic.cat\/nitrecerca\/files\/2020\/11\/Interact-Square-Infographic-Three-Goals.jpg 1080w\" sizes=\"(max-width: 802px) 100vw, 802px\" \/><\/p>\n<h3>Material divulgatiu<\/h3>\n<p><img decoding=\"async\" class=\" wp-image-835 alignnone\" src=\"http:\/\/mon.uvic.cat\/nitrecerca\/files\/2020\/11\/interact-online-exhibition-photo-website-section.jpg\" alt=\"\" width=\"741\" height=\"926\" srcset=\"https:\/\/mon.uvic.cat\/nitrecerca\/files\/2020\/11\/interact-online-exhibition-photo-website-section-240x300.jpg 240w, https:\/\/mon.uvic.cat\/nitrecerca\/files\/2020\/11\/interact-online-exhibition-photo-website-section-768x960.jpg 768w, https:\/\/mon.uvic.cat\/nitrecerca\/files\/2020\/11\/interact-online-exhibition-photo-website-section-819x1024.jpg 819w, https:\/\/mon.uvic.cat\/nitrecerca\/files\/2020\/11\/interact-online-exhibition-photo-website-section.jpg 1080w\" sizes=\"(max-width: 741px) 100vw, 741px\" \/><\/p>\n<h4><\/h4>\n<h4>Exposici\u00f3 fotogr\u00e0fica online<\/h4>\n<p>Refugiats a trav\u00e9s de la c\u00e0mera de Marc Sany\u00e9. El fot\u00f2graf espanyol capta moments significatius de resist\u00e8ncia dels refugiats. Cliqueu a sobre la fotografia per anar a veure tota l&#8217;exposici\u00f3.<\/p>\n<p><a href=\"http:\/\/interact-erasmus.eu\/online-photo-exhibition-marc-sanye-interact-erasmus-plus\/\"><img decoding=\"async\" class=\"wp-image-836 size-full aligncenter\" src=\"http:\/\/mon.uvic.cat\/nitrecerca\/files\/2020\/11\/MG_5369-1024x682-1.jpg\" alt=\"\" width=\"1024\" height=\"682\" srcset=\"https:\/\/mon.uvic.cat\/nitrecerca\/files\/2020\/11\/MG_5369-1024x682-1-300x200.jpg 300w, https:\/\/mon.uvic.cat\/nitrecerca\/files\/2020\/11\/MG_5369-1024x682-1-768x512.jpg 768w, https:\/\/mon.uvic.cat\/nitrecerca\/files\/2020\/11\/MG_5369-1024x682-1.jpg 1024w\" sizes=\"(max-width: 1024px) 100vw, 1024px\" \/><\/a><\/p>\n<h4>V\u00eddeos<\/h4>\n<div class=\"video-shortcode\"><iframe title=\"InterAct Disabled Refugees Welcome (DRW) IB Hochschule Berlin Interviews\" width=\"1200\" height=\"675\" src=\"https:\/\/www.youtube.com\/embed\/tD5XBrQRw68?feature=oembed\" frameborder=\"0\" allow=\"accelerometer; autoplay; clipboard-write; encrypted-media; gyroscope; picture-in-picture; web-share\" referrerpolicy=\"strict-origin-when-cross-origin\" allowfullscreen><\/iframe><\/div>\n<div class=\"video-shortcode\"><iframe title=\"Colours make the world go round - InterAct IB Hochschule Students Video\" width=\"1200\" height=\"675\" src=\"https:\/\/www.youtube.com\/embed\/sdQcLaYIZJc?feature=oembed\" frameborder=\"0\" allow=\"accelerometer; autoplay; clipboard-write; encrypted-media; gyroscope; picture-in-picture; web-share\" referrerpolicy=\"strict-origin-when-cross-origin\" allowfullscreen><\/iframe><\/div>\n<h4>Projecte de foto-veu<\/h4>\n<p><a href=\"http:\/\/interact-erasmus.eu\/photovoice-project-interact-erasmus-plus\/#page-content\"><img decoding=\"async\" class=\"alignnone wp-image-837 size-full\" src=\"http:\/\/mon.uvic.cat\/nitrecerca\/files\/2020\/11\/1.-Screen-Shot-2020-11-09-at-20.52.22.png\" alt=\"\" width=\"647\" height=\"919\" srcset=\"https:\/\/mon.uvic.cat\/nitrecerca\/files\/2020\/11\/1.-Screen-Shot-2020-11-09-at-20.52.22-211x300.png 211w, https:\/\/mon.uvic.cat\/nitrecerca\/files\/2020\/11\/1.-Screen-Shot-2020-11-09-at-20.52.22.png 647w\" sizes=\"(max-width: 647px) 100vw, 647px\" \/><\/a><\/p>\n<div id=\"kt_slider_76\" class=\"slick-slider kad-light-wp-gallery kt-slickslider kt-slider-same-image-ratio kad-wp-gallery slick-initialized slick-dotted\" role=\"toolbar\" data-slider-speed=\"9000\" data-slider-anim-speed=\"700\" data-slider-fade=\"true\" data-slider-type=\"slider\" data-slider-center-mode=\"true\" data-slider-auto=\"true\" data-slider-thumbid=\"#kt_slider_76-thumbs\" data-slider-arrows=\"true\" data-slider-initdelay=\"0\" data-slider-thumbs-showing=\"0\">\n<div class=\"slick-list draggable\">\n<div class=\"slick-track\" role=\"listbox\">\n<div class=\"kt-slick-slide gallery_item slick-slide\" role=\"option\" data-slick-index=\"15\" aria-hidden=\"true\" aria-describedby=\"slick-slide015\"><\/div>\n<\/div>\n<\/div>\n<p><img decoding=\"async\" class=\"alignleft wp-image-839\" src=\"http:\/\/mon.uvic.cat\/nitrecerca\/files\/2020\/11\/cropped-cofunded-erasmus-right_en_0.jpg\" alt=\"\" width=\"431\" height=\"120\" srcset=\"https:\/\/mon.uvic.cat\/nitrecerca\/files\/2020\/11\/cropped-cofunded-erasmus-right_en_0-300x84.jpg 300w, https:\/\/mon.uvic.cat\/nitrecerca\/files\/2020\/11\/cropped-cofunded-erasmus-right_en_0-768x214.jpg 768w, https:\/\/mon.uvic.cat\/nitrecerca\/files\/2020\/11\/cropped-cofunded-erasmus-right_en_0.jpg 836w\" sizes=\"(max-width: 431px) 100vw, 431px\" \/><\/p>\n<\/div>\n<div class=\"footer-column-colored\">\n<p style=\"text-align: right;\"><strong>Xarxes socials:<\/strong><\/p>\n<p style=\"text-align: right;\"><a href=\"https:\/\/www.youtube.com\/channel\/UCgfiX3mDOQg0YDa_iLr-cPQ\"><img decoding=\"async\" class=\"alignright wp-image-91 size-full\" src=\"http:\/\/mon.uvic.cat\/nitrecerca\/files\/2020\/10\/youtube-bona-e1602843206303.jpg\" alt=\"\" width=\"71\" height=\"50\" \/><\/a> <a href=\"https:\/\/www.instagram.com\/interacterasmus.eu\/\"><img decoding=\"async\" class=\"alignright wp-image-111 size-full\" src=\"http:\/\/mon.uvic.cat\/nitrecerca\/files\/2020\/10\/instagram-e1603711009226.png\" alt=\"\" width=\"50\" height=\"50\" \/><\/a> <a href=\"https:\/\/www.facebook.com\/interacterasmus.eu\"><img decoding=\"async\" class=\"alignright wp-image-109 size-full\" src=\"http:\/\/mon.uvic.cat\/nitrecerca\/files\/2020\/10\/kisspng-facebook-inc-logo-computer-icons-facebook-messen-5af555fc052f34.7337436815260277720212-e1603710075588.png\" alt=\"\" width=\"50\" height=\"50\" \/><\/a><a href=\"http:\/\/interact-erasmus.eu\/\"><img decoding=\"async\" class=\"alignright wp-image-84 size-full\" src=\"http:\/\/mon.uvic.cat\/nitrecerca\/files\/2020\/10\/www-e1602843105399.png\" alt=\"\" width=\"50\" height=\"50\" \/><\/a><\/p>\n<\/div>\n<\/div><\/div><\/div><\/div><\/div>\n","protected":false},"excerpt":{"rendered":"","protected":false},"author":613,"featured_media":0,"parent":0,"menu_order":0,"comment_status":"closed","ping_status":"closed","template":"","meta":{"footnotes":""},"class_list":["post-2373","page","type-page","status-publish","hentry"],"jetpack_sharing_enabled":true,"_links":{"self":[{"href":"https:\/\/mon.uvic.cat\/nitrecerca\/wp-json\/wp\/v2\/pages\/2373","targetHints":{"allow":["GET"]}}],"collection":[{"href":"https:\/\/mon.uvic.cat\/nitrecerca\/wp-json\/wp\/v2\/pages"}],"about":[{"href":"https:\/\/mon.uvic.cat\/nitrecerca\/wp-json\/wp\/v2\/types\/page"}],"author":[{"embeddable":true,"href":"https:\/\/mon.uvic.cat\/nitrecerca\/wp-json\/wp\/v2\/users\/613"}],"replies":[{"embeddable":true,"href":"https:\/\/mon.uvic.cat\/nitrecerca\/wp-json\/wp\/v2\/comments?post=2373"}],"version-history":[{"count":2,"href":"https:\/\/mon.uvic.cat\/nitrecerca\/wp-json\/wp\/v2\/pages\/2373\/revisions"}],"predecessor-version":[{"id":2615,"href":"https:\/\/mon.uvic.cat\/nitrecerca\/wp-json\/wp\/v2\/pages\/2373\/revisions\/2615"}],"wp:attachment":[{"href":"https:\/\/mon.uvic.cat\/nitrecerca\/wp-json\/wp\/v2\/media?parent=2373"}],"curies":[{"name":"wp","href":"https:\/\/api.w.org\/{rel}","templated":true}]}}