{"id":2371,"date":"2024-05-29T12:52:26","date_gmt":"2024-05-29T10:52:26","guid":{"rendered":"https:\/\/mon.uvic.cat\/nitrecerca\/?page_id=2371"},"modified":"2024-05-29T12:52:26","modified_gmt":"2024-05-29T10:52:26","slug":"beyond-text","status":"publish","type":"page","link":"https:\/\/mon.uvic.cat\/nitrecerca\/beyond-text\/","title":{"rendered":"Beyond Text"},"content":{"rendered":"<div class=\"fusion-fullwidth fullwidth-box fusion-builder-row-1 fusion-flex-container nonhundred-percent-fullwidth non-hundred-percent-height-scrolling\" style=\"--awb-border-radius-top-left:0px;--awb-border-radius-top-right:0px;--awb-border-radius-bottom-right:0px;--awb-border-radius-bottom-left:0px;--awb-flex-wrap:wrap;\" ><div class=\"fusion-builder-row fusion-row fusion-flex-align-items-flex-start fusion-flex-content-wrap\" style=\"max-width:1248px;margin-left: calc(-4% \/ 2 );margin-right: calc(-4% \/ 2 );\"><div class=\"fusion-layout-column fusion_builder_column fusion-builder-column-0 fusion_builder_column_1_1 1_1 fusion-flex-column\" style=\"--awb-bg-size:cover;--awb-width-large:100%;--awb-margin-top-large:0px;--awb-spacing-right-large:1.92%;--awb-margin-bottom-large:0px;--awb-spacing-left-large:1.92%;--awb-width-medium:100%;--awb-spacing-right-medium:1.92%;--awb-spacing-left-medium:1.92%;--awb-width-small:100%;--awb-spacing-right-small:1.92%;--awb-spacing-left-small:1.92%;\"><div class=\"fusion-column-wrapper fusion-flex-justify-content-flex-start fusion-content-layout-column\"><div class=\"fusion-text fusion-text-1\" style=\"--awb-text-font-family:&quot;Inter&quot;;--awb-text-font-style:normal;--awb-text-font-weight:400;\"><h3>Qu\u00e8 \u00e9s Beyond Text?<\/h3>\n<p><a href=\"https:\/\/beyondtext.weebly.com\/\">Beyond Text<\/a> \u00e9s un projecte Erasmus+ de col\u00b7laboraci\u00f3 internacional interessat en aplicar la investigaci\u00f3 pr\u00e0ctica basada en les arts al context educatiu.<\/p>\n<p>El Grup de recerca en <a href=\"http:\/\/urecerca.uvic.cat\/CawDOS?id=a07bf729b1f4c700&amp;idioma=ca&amp;tipo=grupo\" target=\"_blank\" rel=\"noopener noreferrer\">Coneixement i Did\u00e0ctica (CODI)<\/a>, amb la professora Eva Marichalar al capdavant, \u00e9s part estrat\u00e8gica d\u2019aquest projecte que lidera la Universitat de Chester i que t\u00e9 per objectiu dissenyar i posar en pr\u00e0ctica un m\u00f2dul de formaci\u00f3 superior en recerca basada en les arts com a proposta metodol\u00f2gica, tant en el camp de la investigaci\u00f3 com en el camp de la pr\u00e0ctica professional.<\/p>\n<h3>Objectius<\/h3>\n<p>L&#8217;objectiu del projecte \u00e9s trobar formes d&#8217;ajudar els professionals i investigadors de totes les disciplines dins de les universitats, i tamb\u00e9 d&#8217;altres organitzacions, a utilitzar les arts per desenvolupar investigacions, avaluacions i valoracions de m\u00e0xima qualitat per mitj\u00e0 de la pr\u00e0ctica. Encara que un nombre significatiu d&#8217;organitzacions culturals utilitzen les arts com a eina per a la investigaci\u00f3 aplicada, \u00e9s rar trobar aquest tipus de recerca i reflexi\u00f3 en altres contextos tals com l&#8217;educaci\u00f3 formal, la joventut, el treball social i de salut, l&#8217;empresa, les matem\u00e0tiques, les ci\u00e8ncies i l&#8217;enginyeria.<\/p>\n<h3>Material divulgatiu<\/h3>\n<div class=\"video-shortcode\"><iframe title=\"Beyond Text Trailer\" width=\"1200\" height=\"900\" src=\"https:\/\/www.youtube.com\/embed\/477a4geoGzg?feature=oembed\" frameborder=\"0\" allow=\"accelerometer; autoplay; clipboard-write; encrypted-media; gyroscope; picture-in-picture; web-share\" referrerpolicy=\"strict-origin-when-cross-origin\" allowfullscreen><\/iframe><\/div>\n<p><a href=\"https:\/\/beyondtext.weebly.com\/evocative-reports.html#\"><strong>M\u00e9s v\u00eddeos<\/strong><\/a><\/p>\n<p><a href=\"https:\/\/beyondtext.weebly.com\/uploads\/1\/1\/4\/3\/114307963\/beyond_20text_20ebook_20catalan_20last_20version_2.pdf\"><strong>E-book<\/strong> <\/a><\/p>\n<p><a href=\"https:\/\/beyondtext.weebly.com\/multimedia.html\"><strong>Multim\u00e8dia<\/strong><\/a><\/p>\n<h3>Partners<\/h3>\n<p><img decoding=\"async\" class=\"alignleft size-full wp-image-844\" src=\"http:\/\/mon.uvic.cat\/nitrecerca\/files\/2020\/11\/partner-logos.jpg\" alt=\"\" width=\"835\" height=\"626\" srcset=\"https:\/\/mon.uvic.cat\/nitrecerca\/files\/2020\/11\/partner-logos-300x225.jpg 300w, https:\/\/mon.uvic.cat\/nitrecerca\/files\/2020\/11\/partner-logos-768x576.jpg 768w, https:\/\/mon.uvic.cat\/nitrecerca\/files\/2020\/11\/partner-logos.jpg 835w\" sizes=\"(max-width: 835px) 100vw, 835px\" \/><\/p>\n<div id=\"attachment_839\" style=\"width: 441px\" class=\"wp-caption alignnone\"><img decoding=\"async\" aria-describedby=\"caption-attachment-839\" class=\"wp-image-839\" src=\"http:\/\/mon.uvic.cat\/nitrecerca\/files\/2020\/11\/cropped-cofunded-erasmus-right_en_0.jpg\" alt=\"\" width=\"431\" height=\"120\" srcset=\"https:\/\/mon.uvic.cat\/nitrecerca\/files\/2020\/11\/cropped-cofunded-erasmus-right_en_0-300x84.jpg 300w, https:\/\/mon.uvic.cat\/nitrecerca\/files\/2020\/11\/cropped-cofunded-erasmus-right_en_0-768x214.jpg 768w, https:\/\/mon.uvic.cat\/nitrecerca\/files\/2020\/11\/cropped-cofunded-erasmus-right_en_0.jpg 836w\" sizes=\"(max-width: 431px) 100vw, 431px\" \/><p id=\"caption-attachment-839\" class=\"wp-caption-text\">Funded by Erasmus+ Key Action 2: Strategic Partnerships for Higher Education<\/p><\/div>\n<p style=\"text-align: right;\"><strong>Xarxes socials:<\/strong><\/p>\n<p><a href=\"https:\/\/beyondtext.weebly.com\/\"><img decoding=\"async\" class=\"alignright wp-image-84 size-full\" src=\"http:\/\/mon.uvic.cat\/nitrecerca\/files\/2020\/10\/www-e1602843105399.png\" alt=\"\" width=\"50\" height=\"50\" \/><\/a> <a href=\"https:\/\/www.facebook.com\/groups\/beyondtext\/\"><img decoding=\"async\" class=\"alignright wp-image-109 size-full\" src=\"http:\/\/mon.uvic.cat\/nitrecerca\/files\/2020\/10\/kisspng-facebook-inc-logo-computer-icons-facebook-messen-5af555fc052f34.7337436815260277720212-e1603710075588.png\" alt=\"\" width=\"50\" height=\"50\" \/><\/a><\/p>\n<\/div><\/div><\/div><\/div><\/div>\n","protected":false},"excerpt":{"rendered":"","protected":false},"author":613,"featured_media":0,"parent":0,"menu_order":0,"comment_status":"closed","ping_status":"closed","template":"","meta":{"footnotes":""},"class_list":["post-2371","page","type-page","status-publish","hentry"],"jetpack_sharing_enabled":true,"_links":{"self":[{"href":"https:\/\/mon.uvic.cat\/nitrecerca\/wp-json\/wp\/v2\/pages\/2371","targetHints":{"allow":["GET"]}}],"collection":[{"href":"https:\/\/mon.uvic.cat\/nitrecerca\/wp-json\/wp\/v2\/pages"}],"about":[{"href":"https:\/\/mon.uvic.cat\/nitrecerca\/wp-json\/wp\/v2\/types\/page"}],"author":[{"embeddable":true,"href":"https:\/\/mon.uvic.cat\/nitrecerca\/wp-json\/wp\/v2\/users\/613"}],"replies":[{"embeddable":true,"href":"https:\/\/mon.uvic.cat\/nitrecerca\/wp-json\/wp\/v2\/comments?post=2371"}],"version-history":[{"count":2,"href":"https:\/\/mon.uvic.cat\/nitrecerca\/wp-json\/wp\/v2\/pages\/2371\/revisions"}],"predecessor-version":[{"id":2526,"href":"https:\/\/mon.uvic.cat\/nitrecerca\/wp-json\/wp\/v2\/pages\/2371\/revisions\/2526"}],"wp:attachment":[{"href":"https:\/\/mon.uvic.cat\/nitrecerca\/wp-json\/wp\/v2\/media?parent=2371"}],"curies":[{"name":"wp","href":"https:\/\/api.w.org\/{rel}","templated":true}]}}