{"id":2367,"date":"2024-05-29T13:26:32","date_gmt":"2024-05-29T11:26:32","guid":{"rendered":"https:\/\/mon.uvic.cat\/nitrecerca\/?page_id=2367"},"modified":"2024-05-29T13:26:32","modified_gmt":"2024-05-29T11:26:32","slug":"co3project","status":"publish","type":"page","link":"https:\/\/mon.uvic.cat\/nitrecerca\/co3project\/","title":{"rendered":"CO3project"},"content":{"rendered":"<div class=\"fusion-fullwidth fullwidth-box fusion-builder-row-1 fusion-flex-container nonhundred-percent-fullwidth non-hundred-percent-height-scrolling\" style=\"--awb-border-radius-top-left:0px;--awb-border-radius-top-right:0px;--awb-border-radius-bottom-right:0px;--awb-border-radius-bottom-left:0px;--awb-flex-wrap:wrap;\" ><div class=\"fusion-builder-row fusion-row fusion-flex-align-items-flex-start fusion-flex-content-wrap\" style=\"max-width:1248px;margin-left: calc(-4% \/ 2 );margin-right: calc(-4% \/ 2 );\"><div class=\"fusion-layout-column fusion_builder_column fusion-builder-column-0 fusion_builder_column_1_1 1_1 fusion-flex-column\" style=\"--awb-bg-size:cover;--awb-width-large:100%;--awb-margin-top-large:0px;--awb-spacing-right-large:1.92%;--awb-margin-bottom-large:0px;--awb-spacing-left-large:1.92%;--awb-width-medium:100%;--awb-spacing-right-medium:1.92%;--awb-spacing-left-medium:1.92%;--awb-width-small:100%;--awb-spacing-right-small:1.92%;--awb-spacing-left-small:1.92%;\"><div class=\"fusion-column-wrapper fusion-flex-justify-content-flex-start fusion-content-layout-column\"><div class=\"fusion-text fusion-text-1\"><h3>Qu\u00e8 \u00e9s co3project?<\/h3>\n<p><a href=\"http:\/\/www.projectco3.eu\/es\/project\/\">CO3projec<\/a>t, &#8220;Tecnologies digitals disruptives per co-crear, co-produir i co-gestionar serveis p\u00fablics oberts juntament amb els ciutadans&#8221;, t\u00e9 com a objectiu avaluar els riscos i beneficis de les tecnologies disruptives, aquestes s\u00f3n: blockchain, realitat augmentada, xarxes socials geolocalitzades, eines de democr\u00e0cia delegativa revocable (democr\u00e0cia interactiva) i gamificaci\u00f3, en la co-creaci\u00f3, coproducci\u00f3 i co-gesti\u00f3 de serveis p\u00fablics amb els ciutadans com a socis de les administracions p\u00fabliques (AP).<\/p>\n<p>La realitat augmentada (RA) es converteix en una sola capa compartida sobre el paisatge urb\u00e0 i forma part de la vida p\u00fablica dels ciutadans, la RA permet la manipulaci\u00f3 d&#8217;objectes financers constru\u00efts sobre blockchains, intercanvi d&#8217;informaci\u00f3 sobre un mapa, presa de decisions online i per tant constitueix una infraestructura per a la coproducci\u00f3 de serveis per part dels ciutadans. El projecte CO3 aplica el seu ecosistema de tecnologies en tres empla\u00e7aments; Paris, Tor\u00ed i Atenes. Avalua els resultats de el nou model d&#8217;interacci\u00f3 entre les AP i els ciutadans sota un conjunt de m\u00e8triques en tres dimensions:<\/p>\n<p>social i cultural: participaci\u00f3 ciutadana, canvis que apareixen en la relaci\u00f3 amb els funcionaris p\u00fablics.<br \/>\nEcon\u00f2mic: valor dels serveis prestats, canvis en els llocs de treball, consums i sostenibilitat econ\u00f2mica<br \/>\nLegal: implicacions legals per a les administracions p\u00fabliques, incloent la privacitat i la protecci\u00f3 de dades.<\/p>\n<p>En el projecte CO3 es dissenyar\u00e0 un pla de negocis que asseguri la sostenibilitat a llarg termini de les administracions p\u00fabliques sobre la base de les m\u00e8triques aplicades en les dades recollides en els pilots.<\/p>\n<h3>Objectius<\/h3>\n<ul>\n<li>Permetre a les administracions p\u00fabliques desenvolupar vies per a la introducci\u00f3 de tecnologies disruptives mentre s&#8217;aborda a el mateix temps els reptes socials que plantegen aquestes tecnologies.<\/li>\n<li>Enriquir el coneixement sobre la democr\u00e0cia digital a prop de les necessitats dels usuaris i desenvolupar noves formes de prestaci\u00f3 de serveis p\u00fablics, garantir la gesti\u00f3 p\u00fablica i d&#8217;impulsar la participaci\u00f3 p\u00fablica amb l&#8217;ajuda de les tecnologies disruptives.<\/li>\n<li>Contribuir a el desenvolupament de noves pr\u00e0ctiques, a l&#8217;optimitzaci\u00f3 dels processos de treball i la integraci\u00f3 dels processos de presa de decisions basades en evid\u00e8ncies en els serveis p\u00fablics com ara de la salut, l&#8217;educaci\u00f3, el benestar social i la mobilitat.<\/li>\n<\/ul>\n<h3>Material divulgatiu<\/h3>\n<p><strong>Tr\u00edptic<\/strong><\/p>\n<p><img decoding=\"async\" class=\"alignleft size-full wp-image-855\" src=\"http:\/\/mon.uvic.cat\/nitrecerca\/files\/2020\/11\/Leaflet_CO3_Pagina_1.png\" alt=\"\" width=\"12775\" height=\"3154\" srcset=\"https:\/\/mon.uvic.cat\/nitrecerca\/files\/2020\/11\/Leaflet_CO3_Pagina_1-300x74.png 300w, https:\/\/mon.uvic.cat\/nitrecerca\/files\/2020\/11\/Leaflet_CO3_Pagina_1-768x190.png 768w, https:\/\/mon.uvic.cat\/nitrecerca\/files\/2020\/11\/Leaflet_CO3_Pagina_1-1024x253.png 1024w, https:\/\/mon.uvic.cat\/nitrecerca\/files\/2020\/11\/Leaflet_CO3_Pagina_1-1536x379.png 1536w, https:\/\/mon.uvic.cat\/nitrecerca\/files\/2020\/11\/Leaflet_CO3_Pagina_1.png 12775w\" sizes=\"(max-width: 12775px) 100vw, 12775px\" \/> <img decoding=\"async\" class=\"size-full wp-image-856 alignnone\" src=\"http:\/\/mon.uvic.cat\/nitrecerca\/files\/2020\/11\/Leaflet_CO3_Pagina_2.png\" alt=\"\" width=\"5040\" height=\"1245\" srcset=\"https:\/\/mon.uvic.cat\/nitrecerca\/files\/2020\/11\/Leaflet_CO3_Pagina_2-300x74.png 300w, https:\/\/mon.uvic.cat\/nitrecerca\/files\/2020\/11\/Leaflet_CO3_Pagina_2-768x190.png 768w, https:\/\/mon.uvic.cat\/nitrecerca\/files\/2020\/11\/Leaflet_CO3_Pagina_2-1024x253.png 1024w, https:\/\/mon.uvic.cat\/nitrecerca\/files\/2020\/11\/Leaflet_CO3_Pagina_2-1536x379.png 1536w, https:\/\/mon.uvic.cat\/nitrecerca\/files\/2020\/11\/Leaflet_CO3_Pagina_2.png 5040w\" sizes=\"(max-width: 5040px) 100vw, 5040px\" \/><\/p>\n<p><strong>P\u00f2ster<\/strong><\/p>\n<p><img decoding=\"async\" class=\"wp-image-858 size-large alignnone\" src=\"http:\/\/mon.uvic.cat\/nitrecerca\/files\/2020\/11\/CO3_2019-Poster1-736x1024.png\" alt=\"\" width=\"736\" height=\"1024\" srcset=\"https:\/\/mon.uvic.cat\/nitrecerca\/files\/2020\/11\/CO3_2019-Poster1-215x300.png 215w, https:\/\/mon.uvic.cat\/nitrecerca\/files\/2020\/11\/CO3_2019-Poster1-736x1024.png 736w, https:\/\/mon.uvic.cat\/nitrecerca\/files\/2020\/11\/CO3_2019-Poster1-768x1069.png 768w, https:\/\/mon.uvic.cat\/nitrecerca\/files\/2020\/11\/CO3_2019-Poster1-1103x1536.png 1103w, https:\/\/mon.uvic.cat\/nitrecerca\/files\/2020\/11\/CO3_2019-Poster1-1471x2048.png 1471w, https:\/\/mon.uvic.cat\/nitrecerca\/files\/2020\/11\/CO3_2019-Poster1.png 1581w\" sizes=\"(max-width: 736px) 100vw, 736px\" \/><\/p>\n<p><strong>Infografies<\/strong><\/p>\n\n\t\t<style type=\"text\/css\">\n\t\t\t#gallery-1 {\n\t\t\t\tmargin: auto;\n\t\t\t}\n\t\t\t#gallery-1 .gallery-item {\n\t\t\t\tfloat: left;\n\t\t\t\tmargin-top: 10px;\n\t\t\t\ttext-align: center;\n\t\t\t\twidth: 100%;\n\t\t\t}\n\t\t\t#gallery-1 img {\n\t\t\t\tborder: 2px solid #cfcfcf;\n\t\t\t}\n\t\t\t#gallery-1 .gallery-caption {\n\t\t\t\tmargin-left: 0;\n\t\t\t}\n\t\t\t\/* see gallery_shortcode() in wp-includes\/media.php *\/\n\t\t<\/style>\n\t\t<div id='gallery-1' class='gallery galleryid-2367 gallery-columns-1 gallery-size-large'><dl class='gallery-item'>\n\t\t\t<dt class='gallery-icon landscape'>\n\t\t\t\t<a data-rel=\"iLightbox[postimages]\" data-title=\"infographic\" data-caption=\"\" href='https:\/\/mon.uvic.cat\/nitrecerca\/files\/2020\/11\/infographic-1.png'><img decoding=\"async\" width=\"1024\" height=\"724\" src=\"https:\/\/mon.uvic.cat\/nitrecerca\/files\/2020\/11\/infographic-1-1024x724.png\" class=\"attachment-large size-large\" alt=\"\" srcset=\"https:\/\/mon.uvic.cat\/nitrecerca\/files\/2020\/11\/infographic-1-300x212.png 300w, https:\/\/mon.uvic.cat\/nitrecerca\/files\/2020\/11\/infographic-1-768x543.png 768w, https:\/\/mon.uvic.cat\/nitrecerca\/files\/2020\/11\/infographic-1-1024x724.png 1024w, https:\/\/mon.uvic.cat\/nitrecerca\/files\/2020\/11\/infographic-1-1536x1086.png 1536w\" sizes=\"(max-width: 1024px) 100vw, 1024px\" \/><\/a>\n\t\t\t<\/dt><\/dl><br style=\"clear: both\" \/><dl class='gallery-item'>\n\t\t\t<dt class='gallery-icon landscape'>\n\t\t\t\t<a data-rel=\"iLightbox[postimages]\" data-title=\"infographic_firstlife_v2\" data-caption=\"\" href='https:\/\/mon.uvic.cat\/nitrecerca\/files\/2020\/11\/infographic_firstlife_v2.png'><img decoding=\"async\" width=\"1024\" height=\"724\" src=\"https:\/\/mon.uvic.cat\/nitrecerca\/files\/2020\/11\/infographic_firstlife_v2-1024x724.png\" class=\"attachment-large size-large\" alt=\"\" srcset=\"https:\/\/mon.uvic.cat\/nitrecerca\/files\/2020\/11\/infographic_firstlife_v2-300x212.png 300w, https:\/\/mon.uvic.cat\/nitrecerca\/files\/2020\/11\/infographic_firstlife_v2-768x543.png 768w, https:\/\/mon.uvic.cat\/nitrecerca\/files\/2020\/11\/infographic_firstlife_v2-1024x724.png 1024w, https:\/\/mon.uvic.cat\/nitrecerca\/files\/2020\/11\/infographic_firstlife_v2-1536x1086.png 1536w\" sizes=\"(max-width: 1024px) 100vw, 1024px\" \/><\/a>\n\t\t\t<\/dt><\/dl><br style=\"clear: both\" \/><dl class='gallery-item'>\n\t\t\t<dt class='gallery-icon landscape'>\n\t\t\t\t<a data-rel=\"iLightbox[postimages]\" data-title=\"infographic_ar\" data-caption=\"\" href='https:\/\/mon.uvic.cat\/nitrecerca\/files\/2020\/11\/infographic_ar.png'><img decoding=\"async\" width=\"1024\" height=\"724\" src=\"https:\/\/mon.uvic.cat\/nitrecerca\/files\/2020\/11\/infographic_ar-1024x724.png\" class=\"attachment-large size-large\" alt=\"\" srcset=\"https:\/\/mon.uvic.cat\/nitrecerca\/files\/2020\/11\/infographic_ar-300x212.png 300w, https:\/\/mon.uvic.cat\/nitrecerca\/files\/2020\/11\/infographic_ar-768x543.png 768w, https:\/\/mon.uvic.cat\/nitrecerca\/files\/2020\/11\/infographic_ar-1024x724.png 1024w, https:\/\/mon.uvic.cat\/nitrecerca\/files\/2020\/11\/infographic_ar-1536x1086.png 1536w\" sizes=\"(max-width: 1024px) 100vw, 1024px\" \/><\/a>\n\t\t\t<\/dt><\/dl><br style=\"clear: both\" \/><dl class='gallery-item'>\n\t\t\t<dt class='gallery-icon landscape'>\n\t\t\t\t<a data-rel=\"iLightbox[postimages]\" data-title=\"infographic_blockchain-Revised-by-Diego\" data-caption=\"\" href='https:\/\/mon.uvic.cat\/nitrecerca\/files\/2020\/11\/infographic_blockchain-Revised-by-Diego.png'><img decoding=\"async\" width=\"1024\" height=\"724\" src=\"https:\/\/mon.uvic.cat\/nitrecerca\/files\/2020\/11\/infographic_blockchain-Revised-by-Diego-1024x724.png\" class=\"attachment-large size-large\" alt=\"\" srcset=\"https:\/\/mon.uvic.cat\/nitrecerca\/files\/2020\/11\/infographic_blockchain-Revised-by-Diego-300x212.png 300w, https:\/\/mon.uvic.cat\/nitrecerca\/files\/2020\/11\/infographic_blockchain-Revised-by-Diego-768x543.png 768w, https:\/\/mon.uvic.cat\/nitrecerca\/files\/2020\/11\/infographic_blockchain-Revised-by-Diego-1024x724.png 1024w, https:\/\/mon.uvic.cat\/nitrecerca\/files\/2020\/11\/infographic_blockchain-Revised-by-Diego-1536x1086.png 1536w\" sizes=\"(max-width: 1024px) 100vw, 1024px\" \/><\/a>\n\t\t\t<\/dt><\/dl><br style=\"clear: both\" \/><dl class='gallery-item'>\n\t\t\t<dt class='gallery-icon landscape'>\n\t\t\t\t<a data-rel=\"iLightbox[postimages]\" data-title=\"iinfographic_augmentedcommoning\" data-caption=\"\" href='https:\/\/mon.uvic.cat\/nitrecerca\/files\/2020\/11\/iinfographic_augmentedcommoning.png'><img decoding=\"async\" width=\"1024\" height=\"719\" src=\"https:\/\/mon.uvic.cat\/nitrecerca\/files\/2020\/11\/iinfographic_augmentedcommoning-1024x719.png\" class=\"attachment-large size-large\" alt=\"\" srcset=\"https:\/\/mon.uvic.cat\/nitrecerca\/files\/2020\/11\/iinfographic_augmentedcommoning-300x211.png 300w, https:\/\/mon.uvic.cat\/nitrecerca\/files\/2020\/11\/iinfographic_augmentedcommoning-768x540.png 768w, https:\/\/mon.uvic.cat\/nitrecerca\/files\/2020\/11\/iinfographic_augmentedcommoning-1024x719.png 1024w, https:\/\/mon.uvic.cat\/nitrecerca\/files\/2020\/11\/iinfographic_augmentedcommoning.png 1281w\" sizes=\"(max-width: 1024px) 100vw, 1024px\" \/><\/a>\n\t\t\t<\/dt><\/dl><br style=\"clear: both\" \/>\n\t\t<\/div>\n\n<p><strong>V\u00eddeos<\/strong><\/p>\n<div class=\"video-shortcode\"><iframe title=\"What is FirstLife?\" width=\"1200\" height=\"675\" src=\"https:\/\/www.youtube.com\/embed\/fePitBL_OAE?list=PL4ynyIvSrxQsaSFi4cm-Z5r0rAS84PXT7\" frameborder=\"0\" allow=\"accelerometer; autoplay; clipboard-write; encrypted-media; gyroscope; picture-in-picture; web-share\" referrerpolicy=\"strict-origin-when-cross-origin\" allowfullscreen><\/iframe><\/div>\n<p><a href=\"https:\/\/www.projectco3.eu\/es\/newsletters-archive\/\"><strong>Newsletters<\/strong><\/a><\/p>\n<p>Podeu descarregar tots els materials a la <a href=\"https:\/\/www.projectco3.eu\/es\/resources\/\">web del projecte<\/a>.<\/p>\n<p><div id=\"attachment_865\" style=\"width: 941px\" class=\"wp-caption aligncenter\"><img decoding=\"async\" aria-describedby=\"caption-attachment-865\" class=\"wp-image-865 size-full\" src=\"http:\/\/mon.uvic.cat\/nitrecerca\/files\/2020\/11\/partners.png\" alt=\"\" width=\"931\" height=\"725\" srcset=\"https:\/\/mon.uvic.cat\/nitrecerca\/files\/2020\/11\/partners-300x234.png 300w, https:\/\/mon.uvic.cat\/nitrecerca\/files\/2020\/11\/partners-768x598.png 768w, https:\/\/mon.uvic.cat\/nitrecerca\/files\/2020\/11\/partners.png 931w\" sizes=\"(max-width: 931px) 100vw, 931px\" \/><p id=\"caption-attachment-865\" class=\"wp-caption-text\">CO3 \u00e9s un projecte amb finan\u00e7ament europeu en el qual 10 socis de 5 pa\u00efsos treballen junts.<\/p><\/div>\n<div id=\"attachment_842\" style=\"width: 178px\" class=\"wp-caption alignnone\"><img decoding=\"async\" aria-describedby=\"caption-attachment-842\" class=\"wp-image-842\" src=\"http:\/\/mon.uvic.cat\/nitrecerca\/files\/2020\/10\/europe.png\" alt=\"\" width=\"168\" height=\"113\" \/><p id=\"caption-attachment-842\" class=\"wp-caption-text\">Co-Funded by the Horizon 2020 programme of the European Union. Agreement 822615<\/p><\/div><\/p>\n<p style=\"text-align: right;\"><a href=\"https:\/\/www.projectco3.eu\/wp-content\/themes\/co3\/assets\/images\/european_community_funded.svg\"><img decoding=\"async\" class=\"alignnone size-full\" src=\"https:\/\/www.projectco3.eu\/wp-content\/themes\/co3\/assets\/images\/european_community_funded.svg\" width=\"0\" height=\"0\" \/><\/a><strong>Xarxes socials:<\/strong><\/p>\n<p style=\"padding-left: 40px;\"><a href=\"https:\/\/www.projectco3.eu\/es\/project\/\"><img decoding=\"async\" class=\"wp-image-84 size-full alignright\" src=\"http:\/\/mon.uvic.cat\/nitrecerca\/files\/2020\/10\/www-e1602843105399.png\" alt=\"\" width=\"50\" height=\"50\" \/><\/a> <a href=\"https:\/\/twitter.com\/Co3Project\"><img decoding=\"async\" class=\"wp-image-90 size-full alignright\" src=\"http:\/\/mon.uvic.cat\/nitrecerca\/files\/2020\/10\/twitter-logo-6-e1602843185286.png\" alt=\"\" width=\"61\" height=\"50\" \/><\/a> <a href=\"https:\/\/www.facebook.com\/CO3project\/\"><img decoding=\"async\" class=\"wp-image-109 size-full alignright\" src=\"http:\/\/mon.uvic.cat\/nitrecerca\/files\/2020\/10\/kisspng-facebook-inc-logo-computer-icons-facebook-messen-5af555fc052f34.7337436815260277720212-e1603710075588.png\" alt=\"\" width=\"50\" height=\"50\" \/><\/a> <a href=\"https:\/\/www.linkedin.com\/company\/co3project\/\"><img decoding=\"async\" class=\"wp-image-106 size-full alignright\" src=\"http:\/\/mon.uvic.cat\/nitrecerca\/files\/2020\/10\/Linkedin-simbolo-e1603709646542.png\" alt=\"\" width=\"51\" height=\"50\" \/><\/a> <a href=\"https:\/\/www.youtube.com\/channel\/UCcYU3mfVjqz3Bul0dr73q8w\"><img decoding=\"async\" class=\"wp-image-91 size-full alignright\" src=\"http:\/\/mon.uvic.cat\/nitrecerca\/files\/2020\/10\/youtube-bona-e1602843206303.jpg\" alt=\"\" width=\"71\" height=\"50\" \/><\/a><\/p>\n<\/div><\/div><\/div><\/div><\/div>\n","protected":false},"excerpt":{"rendered":"","protected":false},"author":613,"featured_media":0,"parent":0,"menu_order":0,"comment_status":"closed","ping_status":"closed","template":"","meta":{"footnotes":""},"class_list":["post-2367","page","type-page","status-publish","hentry"],"jetpack_sharing_enabled":true,"_links":{"self":[{"href":"https:\/\/mon.uvic.cat\/nitrecerca\/wp-json\/wp\/v2\/pages\/2367","targetHints":{"allow":["GET"]}}],"collection":[{"href":"https:\/\/mon.uvic.cat\/nitrecerca\/wp-json\/wp\/v2\/pages"}],"about":[{"href":"https:\/\/mon.uvic.cat\/nitrecerca\/wp-json\/wp\/v2\/types\/page"}],"author":[{"embeddable":true,"href":"https:\/\/mon.uvic.cat\/nitrecerca\/wp-json\/wp\/v2\/users\/613"}],"replies":[{"embeddable":true,"href":"https:\/\/mon.uvic.cat\/nitrecerca\/wp-json\/wp\/v2\/comments?post=2367"}],"version-history":[{"count":2,"href":"https:\/\/mon.uvic.cat\/nitrecerca\/wp-json\/wp\/v2\/pages\/2367\/revisions"}],"predecessor-version":[{"id":2563,"href":"https:\/\/mon.uvic.cat\/nitrecerca\/wp-json\/wp\/v2\/pages\/2367\/revisions\/2563"}],"wp:attachment":[{"href":"https:\/\/mon.uvic.cat\/nitrecerca\/wp-json\/wp\/v2\/media?parent=2367"}],"curies":[{"name":"wp","href":"https:\/\/api.w.org\/{rel}","templated":true}]}}