{"id":2365,"date":"2024-05-29T13:24:55","date_gmt":"2024-05-29T11:24:55","guid":{"rendered":"https:\/\/mon.uvic.cat\/nitrecerca\/?page_id=2365"},"modified":"2024-05-29T13:24:55","modified_gmt":"2024-05-29T11:24:55","slug":"co-care","status":"publish","type":"page","link":"https:\/\/mon.uvic.cat\/nitrecerca\/co-care\/","title":{"rendered":"Co-Care"},"content":{"rendered":"<div class=\"fusion-fullwidth fullwidth-box fusion-builder-row-1 fusion-flex-container nonhundred-percent-fullwidth non-hundred-percent-height-scrolling\" style=\"--awb-border-radius-top-left:0px;--awb-border-radius-top-right:0px;--awb-border-radius-bottom-right:0px;--awb-border-radius-bottom-left:0px;--awb-flex-wrap:wrap;\" ><div class=\"fusion-builder-row fusion-row fusion-flex-align-items-flex-start fusion-flex-content-wrap\" style=\"max-width:1248px;margin-left: calc(-4% \/ 2 );margin-right: calc(-4% \/ 2 );\"><div class=\"fusion-layout-column fusion_builder_column fusion-builder-column-0 fusion_builder_column_1_1 1_1 fusion-flex-column\" style=\"--awb-bg-size:cover;--awb-width-large:100%;--awb-margin-top-large:0px;--awb-spacing-right-large:1.92%;--awb-margin-bottom-large:0px;--awb-spacing-left-large:1.92%;--awb-width-medium:100%;--awb-spacing-right-medium:1.92%;--awb-spacing-left-medium:1.92%;--awb-width-small:100%;--awb-spacing-right-small:1.92%;--awb-spacing-left-small:1.92%;\"><div class=\"fusion-column-wrapper fusion-flex-justify-content-flex-start fusion-content-layout-column\"><div class=\"fusion-text fusion-text-1\"><h3>Qu\u00e8 \u00e9s Co-Care?<\/h3>\n<p><a href=\"https:\/\/co-care.eu\/en\/\">Co-Care<\/a>, \u201cCo-created ITC solutions for Alzheimer\u2019s Informal Caregiving\u201d, \u00e9s un nou projecte que pret\u00e9n estimular el disseny dirigit per l&#8217;usuari en el desenvolupament de solucions assistencials basades en les TIC per a l&#8217;Alzheimer. El projecte Co-Care est\u00e0 cofinan\u00e7at per la Comissi\u00f3 Europea en el marc del programa Erasmus + Knowledge alliance, que permet que organitzacions de diferents pa\u00efsos puguin treballar junts, desenvolupar, compartir i transferir les millors pr\u00e0ctiques i enfocaments innovadors en els camps de l\u2019educaci\u00f3. formaci\u00f3 i joventut. Gr\u00e0cies a aquest suport de la UE, Co-Care compta amb experts de tota Europa entre la seva associaci\u00f3.<\/p>\n<p>El projecte Co-Care reuneix universitats, professionals de les TIC, el sector de la salut i l\u2019atenci\u00f3 social i, sobretot, usuaris per millorar els enfocaments d\u2019ensenyament i aprenentatge i fomentar l\u2019emprenedoria en el sector de les TIC i la salut i el social. L\u2019objectiu \u00e9s que aquest enfocament s\u2019utilitzi en el disseny de solucions TIC per facilitar la vida quotidiana dels cuidadors informals de persones amb Alzheimer. Per millorar la qualitat de l&#8217;atenci\u00f3 que ofereixen, doneu-los l&#8217;oportunitat de treballar en xarxa i ajudeu-los a mantenir-se sans.<\/p>\n<p>Al llarg dels seus tres anys de durada, Co-Care desenvolupar\u00e0 tres resultats principals:<\/p>\n<ul>\n<li>Recursos de formaci\u00f3 en l\u00ednia per a estudiants de salut, TIC i estudis socials per tal d\u2019estimular l\u2019emprenedoria en productes m\u00e9s adequats a les necessitats dels consumidors.<\/li>\n<li>Un conjunt d\u2019eines per a cuidadors informals que els dotar\u00e0 de coneixements per triar solucions i compet\u00e8ncies basades en les TIC per utilitzar-les millor, per connectar-se amb els companys per mantenir-se m\u00e9s saludables.<\/li>\n<li>Una comunitat de pr\u00e0ctica en l\u00ednia que donar\u00e0 suport a tots els grups d&#8217;inter\u00e8s rellevants implicats i que seguir\u00e0 el desenvolupament del curs de formaci\u00f3 i del conjunt d&#8217;eines.<\/li>\n<\/ul>\n<p>Co-Care se centra en un tema pertinent per als serveis de suport actuals, la cura d\u2019una poblaci\u00f3 envellida i les barreres que impedeixen l\u2019\u00fas de tecnologia pel sector. Sovint la tecnologia destinada al nostre sector no s\u2019ha dissenyat de manera que s\u2019adapti espec\u00edficament a les necessitats del sector i, per tant, es fa dif\u00edcil i poc atractiva d\u2019utilitzar. Podeu obtenir m\u00e9s informaci\u00f3 sobre la digitalitzaci\u00f3 al sector dels serveis socials aqu\u00ed.<\/p>\n<p>El projecte est\u00e0 coordinat pels grups de recerca <a href=\"https:\/\/urecerca.uvic.cat\/CawDOS\/jsf\/seleccionPersonalEstamento\/seleccionPersonal.jsf?id=acfd365295014c18&amp;idioma=ca&amp;tipo=grupo&amp;elmeucv=N\">M3O<\/a>\u00a0(Methodology, methods, models and outcomes of health and social sciences) i\u00a0<a href=\"https:\/\/urecerca.uvic.cat\/CawDOS\/jsf\/seleccionPersonalEstamento\/seleccionPersonal.jsf?id=14be021fce21dc22&amp;idioma=ca&amp;tipo=grupo&amp;elmeucv=N\">Digital Care<\/a> de la UVic-UCC.<\/p>\n<p>Despr\u00e9s de la reuni\u00f3 d\u2019inici a principis de febrer, els socis comencen ara a treballar per tra\u00e7ar una acci\u00f3 amb \u00e8xit sobre solucions d\u2019atenci\u00f3 a l\u2019Alzheimer basades en les TIC co-creades a nivell nacional i europeu. En investigar el que ja s\u2019ha desenvolupat, l\u2019associaci\u00f3 espera generar coneixement sobre com les necessitats de disseny i co-creaci\u00f3 dirigides per l\u2019usuari es poden integrar millor en el proc\u00e9s de disseny d\u2019aquestes solucions assistencials. Registreu-vos per estar en contacte amb les \u00faltimes novetats del projecte.<\/p>\n<h3>Partners<\/h3>\n<p><img decoding=\"async\" class=\"alignleft wp-image-871 size-medium\" src=\"http:\/\/mon.uvic.cat\/nitrecerca\/files\/2020\/11\/A_Society_2-300x186.jpg\" alt=\"\" width=\"300\" height=\"186\" srcset=\"https:\/\/mon.uvic.cat\/nitrecerca\/files\/2020\/11\/A_Society_2-300x186.jpg 300w, https:\/\/mon.uvic.cat\/nitrecerca\/files\/2020\/11\/A_Society_2.jpg 576w\" sizes=\"(max-width: 300px) 100vw, 300px\" \/> <img decoding=\"async\" class=\"alignleft wp-image-872 size-medium\" src=\"http:\/\/mon.uvic.cat\/nitrecerca\/files\/2020\/11\/Alzheimer_Portugal-300x186.jpg\" alt=\"\" width=\"300\" height=\"186\" srcset=\"https:\/\/mon.uvic.cat\/nitrecerca\/files\/2020\/11\/Alzheimer_Portugal-300x186.jpg 300w, https:\/\/mon.uvic.cat\/nitrecerca\/files\/2020\/11\/Alzheimer_Portugal.jpg 576w\" sizes=\"(max-width: 300px) 100vw, 300px\" \/> <img decoding=\"async\" class=\"alignleft wp-image-874 size-medium\" src=\"http:\/\/mon.uvic.cat\/nitrecerca\/files\/2020\/11\/confluencia_logo-300x186.jpg\" alt=\"\" width=\"300\" height=\"186\" srcset=\"https:\/\/mon.uvic.cat\/nitrecerca\/files\/2020\/11\/confluencia_logo-300x186.jpg 300w, https:\/\/mon.uvic.cat\/nitrecerca\/files\/2020\/11\/confluencia_logo.jpg 576w\" sizes=\"(max-width: 300px) 100vw, 300px\" \/> <img decoding=\"async\" class=\"alignleft wp-image-875 size-medium\" src=\"http:\/\/mon.uvic.cat\/nitrecerca\/files\/2020\/11\/easpd_logo-300x186.jpg\" alt=\"\" width=\"300\" height=\"186\" srcset=\"https:\/\/mon.uvic.cat\/nitrecerca\/files\/2020\/11\/easpd_logo-300x186.jpg 300w, https:\/\/mon.uvic.cat\/nitrecerca\/files\/2020\/11\/easpd_logo.jpg 576w\" sizes=\"(max-width: 300px) 100vw, 300px\" \/> <img decoding=\"async\" class=\"alignleft wp-image-876 size-medium\" src=\"http:\/\/mon.uvic.cat\/nitrecerca\/files\/2020\/11\/ips_logo-300x186.jpg\" alt=\"\" width=\"300\" height=\"186\" srcset=\"https:\/\/mon.uvic.cat\/nitrecerca\/files\/2020\/11\/ips_logo-300x186.jpg 300w, https:\/\/mon.uvic.cat\/nitrecerca\/files\/2020\/11\/ips_logo.jpg 576w\" sizes=\"(max-width: 300px) 100vw, 300px\" \/> <img decoding=\"async\" class=\"alignleft wp-image-877 size-medium\" src=\"http:\/\/mon.uvic.cat\/nitrecerca\/files\/2020\/11\/KBZ-300x186.jpg\" alt=\"\" width=\"300\" height=\"186\" srcset=\"https:\/\/mon.uvic.cat\/nitrecerca\/files\/2020\/11\/KBZ-300x186.jpg 300w, https:\/\/mon.uvic.cat\/nitrecerca\/files\/2020\/11\/KBZ.jpg 576w\" sizes=\"(max-width: 300px) 100vw, 300px\" \/> <img decoding=\"async\" class=\"alignleft wp-image-878 size-medium\" src=\"http:\/\/mon.uvic.cat\/nitrecerca\/files\/2020\/11\/MarkedImprovement_2-300x186.jpg\" alt=\"\" width=\"300\" height=\"186\" srcset=\"https:\/\/mon.uvic.cat\/nitrecerca\/files\/2020\/11\/MarkedImprovement_2-300x186.jpg 300w, https:\/\/mon.uvic.cat\/nitrecerca\/files\/2020\/11\/MarkedImprovement_2.jpg 576w\" sizes=\"(max-width: 300px) 100vw, 300px\" \/> <img decoding=\"async\" class=\"alignleft wp-image-879 size-medium\" src=\"http:\/\/mon.uvic.cat\/nitrecerca\/files\/2020\/11\/pasqual_maragall_logo-300x186.jpg\" alt=\"\" width=\"300\" height=\"186\" srcset=\"https:\/\/mon.uvic.cat\/nitrecerca\/files\/2020\/11\/pasqual_maragall_logo-300x186.jpg 300w, https:\/\/mon.uvic.cat\/nitrecerca\/files\/2020\/11\/pasqual_maragall_logo.jpg 576w\" sizes=\"(max-width: 300px) 100vw, 300px\" \/> <img decoding=\"async\" class=\"wp-image-880 size-medium alignnone\" src=\"http:\/\/mon.uvic.cat\/nitrecerca\/files\/2020\/11\/UoDerby_2-300x186.jpg\" alt=\"\" width=\"300\" height=\"186\" srcset=\"https:\/\/mon.uvic.cat\/nitrecerca\/files\/2020\/11\/UoDerby_2-300x186.jpg 300w, https:\/\/mon.uvic.cat\/nitrecerca\/files\/2020\/11\/UoDerby_2.jpg 576w\" sizes=\"(max-width: 300px) 100vw, 300px\" \/><img decoding=\"async\" class=\"alignnone wp-image-873 size-medium\" src=\"http:\/\/mon.uvic.cat\/nitrecerca\/files\/2020\/11\/cohehre_logo-300x186.jpg\" alt=\"\" width=\"300\" height=\"186\" srcset=\"https:\/\/mon.uvic.cat\/nitrecerca\/files\/2020\/11\/cohehre_logo-300x186.jpg 300w, https:\/\/mon.uvic.cat\/nitrecerca\/files\/2020\/11\/cohehre_logo.jpg 576w\" sizes=\"(max-width: 300px) 100vw, 300px\" \/><\/p>\n<p><img decoding=\"async\" class=\"alignleft wp-image-839\" src=\"http:\/\/mon.uvic.cat\/nitrecerca\/files\/2020\/11\/cropped-cofunded-erasmus-right_en_0.jpg\" alt=\"\" width=\"506\" height=\"141\" srcset=\"https:\/\/mon.uvic.cat\/nitrecerca\/files\/2020\/11\/cropped-cofunded-erasmus-right_en_0-300x84.jpg 300w, https:\/\/mon.uvic.cat\/nitrecerca\/files\/2020\/11\/cropped-cofunded-erasmus-right_en_0-768x214.jpg 768w, https:\/\/mon.uvic.cat\/nitrecerca\/files\/2020\/11\/cropped-cofunded-erasmus-right_en_0.jpg 836w\" sizes=\"(max-width: 506px) 100vw, 506px\" \/><\/p>\n<p style=\"text-align: right;\"><strong>Xarxes socials:<\/strong><\/p>\n<p><a href=\"https:\/\/co-care.eu\/en\/\"><img decoding=\"async\" class=\"alignright wp-image-84 size-full\" src=\"http:\/\/mon.uvic.cat\/nitrecerca\/files\/2020\/10\/www-e1602843105399.png\" alt=\"\" width=\"50\" height=\"50\" \/><\/a> <a href=\"https:\/\/twitter.com\/CoCare_Eu\"><img decoding=\"async\" class=\"alignright wp-image-90 size-full\" src=\"http:\/\/mon.uvic.cat\/nitrecerca\/files\/2020\/10\/twitter-logo-6-e1602843185286.png\" alt=\"\" width=\"61\" height=\"50\" \/><\/a><\/p>\n<\/div><\/div><\/div><\/div><\/div>\n","protected":false},"excerpt":{"rendered":"","protected":false},"author":613,"featured_media":0,"parent":0,"menu_order":0,"comment_status":"closed","ping_status":"closed","template":"","meta":{"footnotes":""},"class_list":["post-2365","page","type-page","status-publish","hentry"],"jetpack_sharing_enabled":true,"_links":{"self":[{"href":"https:\/\/mon.uvic.cat\/nitrecerca\/wp-json\/wp\/v2\/pages\/2365","targetHints":{"allow":["GET"]}}],"collection":[{"href":"https:\/\/mon.uvic.cat\/nitrecerca\/wp-json\/wp\/v2\/pages"}],"about":[{"href":"https:\/\/mon.uvic.cat\/nitrecerca\/wp-json\/wp\/v2\/types\/page"}],"author":[{"embeddable":true,"href":"https:\/\/mon.uvic.cat\/nitrecerca\/wp-json\/wp\/v2\/users\/613"}],"replies":[{"embeddable":true,"href":"https:\/\/mon.uvic.cat\/nitrecerca\/wp-json\/wp\/v2\/comments?post=2365"}],"version-history":[{"count":2,"href":"https:\/\/mon.uvic.cat\/nitrecerca\/wp-json\/wp\/v2\/pages\/2365\/revisions"}],"predecessor-version":[{"id":2561,"href":"https:\/\/mon.uvic.cat\/nitrecerca\/wp-json\/wp\/v2\/pages\/2365\/revisions\/2561"}],"wp:attachment":[{"href":"https:\/\/mon.uvic.cat\/nitrecerca\/wp-json\/wp\/v2\/media?parent=2365"}],"curies":[{"name":"wp","href":"https:\/\/api.w.org\/{rel}","templated":true}]}}