{"id":2363,"date":"2024-05-29T13:29:35","date_gmt":"2024-05-29T11:29:35","guid":{"rendered":"https:\/\/mon.uvic.cat\/nitrecerca\/?page_id=2363"},"modified":"2024-05-29T13:45:47","modified_gmt":"2024-05-29T11:45:47","slug":"colive","status":"publish","type":"page","link":"https:\/\/mon.uvic.cat\/nitrecerca\/colive\/","title":{"rendered":"COLIVE"},"content":{"rendered":"<div class=\"fusion-fullwidth fullwidth-box fusion-builder-row-1 fusion-flex-container nonhundred-percent-fullwidth non-hundred-percent-height-scrolling\" style=\"--awb-border-radius-top-left:0px;--awb-border-radius-top-right:0px;--awb-border-radius-bottom-right:0px;--awb-border-radius-bottom-left:0px;--awb-flex-wrap:wrap;\" ><div class=\"fusion-builder-row fusion-row fusion-flex-align-items-flex-start fusion-flex-content-wrap\" style=\"max-width:1248px;margin-left: calc(-4% \/ 2 );margin-right: calc(-4% \/ 2 );\"><div class=\"fusion-layout-column fusion_builder_column fusion-builder-column-0 fusion_builder_column_1_1 1_1 fusion-flex-column\" style=\"--awb-bg-size:cover;--awb-width-large:100%;--awb-margin-top-large:0px;--awb-spacing-right-large:1.92%;--awb-margin-bottom-large:0px;--awb-spacing-left-large:1.92%;--awb-width-medium:100%;--awb-spacing-right-medium:1.92%;--awb-spacing-left-medium:1.92%;--awb-width-small:100%;--awb-spacing-right-small:1.92%;--awb-spacing-left-small:1.92%;\"><div class=\"fusion-column-wrapper fusion-flex-justify-content-flex-start fusion-content-layout-column\"><div class=\"fusion-text fusion-text-1\"><h3>Qu\u00e8 \u00e9s COLIVE?<\/h3>\n<p><a href=\"https:\/\/coliveproject.com\/\">COLIVE<\/a>, &#8220;<span lang=\"EN-US\">Collective marketing strategies and new circular business models for valorising local food, agro-waste and by-products: example of the olive oil chain&#8221;, <\/span>\u00e9s un projecte de recerca de tres anys coordinat per INRAE \u200b\u200b(Fran\u00e7a), juntament amb ENA Mekn\u00e8s (Marroc), INAT (Tun\u00edsia) i la Universitat de Vic-Universitat Central de Catalunya (Espanya), en el marc d&#8217;ARIMNet2.<\/p>\n<p>COLIVE busca comprendre les condicions socioecon\u00f2miques de l\u2019oli d\u2019oliva, els residus d\u2019oliva i la valoritzaci\u00f3 dels subproductes per a una transici\u00f3 cap a una economia circular a la zona mediterr\u00e0nia.<\/p>\n<h3>Objectius<\/h3>\n<p>L\u2019objectiu general d\u2019aquest projecte \u00e9s investigar i comprendre les condicions i processos socioecon\u00f2mics de l\u2019alimentaci\u00f3 local, els residus agroalimentaris i la valoritzaci\u00f3 dels subproductes.<\/p>\n<p>Objectius espec\u00edfics:<\/p>\n<ul>\n<li>Comprendre les condicions pol\u00edtiques i les actituds dels agricultors i dels consumidors en relaci\u00f3 amb la valoritzaci\u00f3 de l\u2019oli d\u2019oliva, els seus residus i subproductes.<\/li>\n<li>Assolir un millor coneixement dels processos de cooperaci\u00f3 i innovaci\u00f3 de grups d\u2019agricultors i pimes agroaliment\u00e0ries.<\/li>\n<li>Demostrar la import\u00e0ncia de tres nivells d\u2019acci\u00f3 per a l\u2019alimentaci\u00f3 local, els residus agr\u00edcoles i la valoritzaci\u00f3 dels subproductes.<\/li>\n<li>Vine amb recomanacions per a responsables pol\u00edtics i actors empresarials.<\/li>\n<\/ul>\n<p>Per part de la UVic-UCC formen part d&#8217;aquest projecte Feliu L\u00f3pez i Marta Guadalupe Rivera, de la <a href=\"https:\/\/mon.uvic.cat\/catedra-agroecologia\/\">C\u00e0tedra d&#8217;Agroecologia i Sistemes Alimentaris<\/a> de la UVic-UCC.<\/p>\n\n\t\t<style type=\"text\/css\">\n\t\t\t#gallery-1 {\n\t\t\t\tmargin: auto;\n\t\t\t}\n\t\t\t#gallery-1 .gallery-item {\n\t\t\t\tfloat: left;\n\t\t\t\tmargin-top: 10px;\n\t\t\t\ttext-align: center;\n\t\t\t\twidth: 100%;\n\t\t\t}\n\t\t\t#gallery-1 img {\n\t\t\t\tborder: 2px solid #cfcfcf;\n\t\t\t}\n\t\t\t#gallery-1 .gallery-caption {\n\t\t\t\tmargin-left: 0;\n\t\t\t}\n\t\t\t\/* see gallery_shortcode() in wp-includes\/media.php *\/\n\t\t<\/style>\n\t\t<div id='gallery-1' class='gallery galleryid-2363 gallery-columns-1 gallery-size-full'><dl class='gallery-item'>\n\t\t\t<dt class='gallery-icon landscape'>\n\t\t\t\t<a data-rel=\"iLightbox[postimages]\" data-title=\"slider-colive-002-1024&#215;359\" data-caption=\"\" href='https:\/\/mon.uvic.cat\/nitrecerca\/files\/2020\/11\/slider-colive-002-1024x359-1.jpg'><img decoding=\"async\" width=\"1024\" height=\"359\" src=\"https:\/\/mon.uvic.cat\/nitrecerca\/files\/2020\/11\/slider-colive-002-1024x359-1.jpg\" class=\"attachment-full size-full\" alt=\"\" srcset=\"https:\/\/mon.uvic.cat\/nitrecerca\/files\/2020\/11\/slider-colive-002-1024x359-1-300x105.jpg 300w, https:\/\/mon.uvic.cat\/nitrecerca\/files\/2020\/11\/slider-colive-002-1024x359-1-768x269.jpg 768w, https:\/\/mon.uvic.cat\/nitrecerca\/files\/2020\/11\/slider-colive-002-1024x359-1.jpg 1024w\" sizes=\"(max-width: 1024px) 100vw, 1024px\" \/><\/a>\n\t\t\t<\/dt><\/dl><br style=\"clear: both\" \/><dl class='gallery-item'>\n\t\t\t<dt class='gallery-icon landscape'>\n\t\t\t\t<a data-rel=\"iLightbox[postimages]\" data-title=\"slider-colive-003-1024&#215;359\" data-caption=\"\" href='https:\/\/mon.uvic.cat\/nitrecerca\/files\/2020\/11\/slider-colive-003-1024x359-1.jpg'><img decoding=\"async\" width=\"1024\" height=\"359\" src=\"https:\/\/mon.uvic.cat\/nitrecerca\/files\/2020\/11\/slider-colive-003-1024x359-1.jpg\" class=\"attachment-full size-full\" alt=\"\" srcset=\"https:\/\/mon.uvic.cat\/nitrecerca\/files\/2020\/11\/slider-colive-003-1024x359-1-300x105.jpg 300w, https:\/\/mon.uvic.cat\/nitrecerca\/files\/2020\/11\/slider-colive-003-1024x359-1-768x269.jpg 768w, https:\/\/mon.uvic.cat\/nitrecerca\/files\/2020\/11\/slider-colive-003-1024x359-1.jpg 1024w\" sizes=\"(max-width: 1024px) 100vw, 1024px\" \/><\/a>\n\t\t\t<\/dt><\/dl><br style=\"clear: both\" \/><dl class='gallery-item'>\n\t\t\t<dt class='gallery-icon landscape'>\n\t\t\t\t<a data-rel=\"iLightbox[postimages]\" data-title=\"slider-colive-005-1024&#215;359\" data-caption=\"\" href='https:\/\/mon.uvic.cat\/nitrecerca\/files\/2020\/11\/slider-colive-005-1024x359-1.jpg'><img decoding=\"async\" width=\"1024\" height=\"359\" src=\"https:\/\/mon.uvic.cat\/nitrecerca\/files\/2020\/11\/slider-colive-005-1024x359-1.jpg\" class=\"attachment-full size-full\" alt=\"\" srcset=\"https:\/\/mon.uvic.cat\/nitrecerca\/files\/2020\/11\/slider-colive-005-1024x359-1-300x105.jpg 300w, https:\/\/mon.uvic.cat\/nitrecerca\/files\/2020\/11\/slider-colive-005-1024x359-1-768x269.jpg 768w, https:\/\/mon.uvic.cat\/nitrecerca\/files\/2020\/11\/slider-colive-005-1024x359-1.jpg 1024w\" sizes=\"(max-width: 1024px) 100vw, 1024px\" \/><\/a>\n\t\t\t<\/dt><\/dl><br style=\"clear: both\" \/><dl class='gallery-item'>\n\t\t\t<dt class='gallery-icon landscape'>\n\t\t\t\t<a data-rel=\"iLightbox[postimages]\" data-title=\"slider-colive-1024&#215;359\" data-caption=\"\" href='https:\/\/mon.uvic.cat\/nitrecerca\/files\/2020\/11\/slider-colive-1024x359-1.jpg'><img decoding=\"async\" width=\"1024\" height=\"359\" src=\"https:\/\/mon.uvic.cat\/nitrecerca\/files\/2020\/11\/slider-colive-1024x359-1.jpg\" class=\"attachment-full size-full\" alt=\"\" srcset=\"https:\/\/mon.uvic.cat\/nitrecerca\/files\/2020\/11\/slider-colive-1024x359-1-300x105.jpg 300w, https:\/\/mon.uvic.cat\/nitrecerca\/files\/2020\/11\/slider-colive-1024x359-1-768x269.jpg 768w, https:\/\/mon.uvic.cat\/nitrecerca\/files\/2020\/11\/slider-colive-1024x359-1.jpg 1024w\" sizes=\"(max-width: 1024px) 100vw, 1024px\" \/><\/a>\n\t\t\t<\/dt><\/dl><br style=\"clear: both\" \/>\n\t\t<\/div>\n\n<h3><\/h3>\n<h3>Partners<\/h3>\n<p><img decoding=\"async\" class=\"size-full wp-image-889 aligncenter\" src=\"http:\/\/mon.uvic.cat\/nitrecerca\/files\/2020\/11\/partners-2.png\" alt=\"\" width=\"1032\" height=\"573\" srcset=\"https:\/\/mon.uvic.cat\/nitrecerca\/files\/2020\/11\/partners-2-300x167.png 300w, https:\/\/mon.uvic.cat\/nitrecerca\/files\/2020\/11\/partners-2-768x426.png 768w, https:\/\/mon.uvic.cat\/nitrecerca\/files\/2020\/11\/partners-2-1024x569.png 1024w, https:\/\/mon.uvic.cat\/nitrecerca\/files\/2020\/11\/partners-2.png 1032w\" sizes=\"(max-width: 1032px) 100vw, 1032px\" \/><\/p>\n<p style=\"text-align: right;\"><strong>Xarxes Socials:<\/strong><\/p>\n<p><a href=\"https:\/\/coliveproject.com\/\"><img decoding=\"async\" class=\"alignright wp-image-84 size-full\" src=\"http:\/\/mon.uvic.cat\/nitrecerca\/files\/2020\/10\/www-e1602843105399.png\" alt=\"\" width=\"50\" height=\"50\" \/><\/a> <a href=\"https:\/\/www.facebook.com\/ColiveProject\/\"><img decoding=\"async\" class=\"alignright wp-image-109 size-full\" src=\"http:\/\/mon.uvic.cat\/nitrecerca\/files\/2020\/10\/kisspng-facebook-inc-logo-computer-icons-facebook-messen-5af555fc052f34.7337436815260277720212-e1603710075588.png\" alt=\"\" width=\"50\" height=\"50\" \/><\/a> <a href=\"https:\/\/twitter.com\/ColiveP\"><img decoding=\"async\" class=\"alignright wp-image-90 size-full\" src=\"http:\/\/mon.uvic.cat\/nitrecerca\/files\/2020\/10\/twitter-logo-6-e1602843185286.png\" alt=\"\" width=\"61\" height=\"50\" \/><\/a><\/p>\n<\/div><\/div><\/div><\/div><\/div>\n","protected":false},"excerpt":{"rendered":"","protected":false},"author":613,"featured_media":0,"parent":0,"menu_order":0,"comment_status":"closed","ping_status":"closed","template":"","meta":{"footnotes":""},"class_list":["post-2363","page","type-page","status-publish","hentry"],"jetpack_sharing_enabled":true,"_links":{"self":[{"href":"https:\/\/mon.uvic.cat\/nitrecerca\/wp-json\/wp\/v2\/pages\/2363","targetHints":{"allow":["GET"]}}],"collection":[{"href":"https:\/\/mon.uvic.cat\/nitrecerca\/wp-json\/wp\/v2\/pages"}],"about":[{"href":"https:\/\/mon.uvic.cat\/nitrecerca\/wp-json\/wp\/v2\/types\/page"}],"author":[{"embeddable":true,"href":"https:\/\/mon.uvic.cat\/nitrecerca\/wp-json\/wp\/v2\/users\/613"}],"replies":[{"embeddable":true,"href":"https:\/\/mon.uvic.cat\/nitrecerca\/wp-json\/wp\/v2\/comments?post=2363"}],"version-history":[{"count":2,"href":"https:\/\/mon.uvic.cat\/nitrecerca\/wp-json\/wp\/v2\/pages\/2363\/revisions"}],"predecessor-version":[{"id":2565,"href":"https:\/\/mon.uvic.cat\/nitrecerca\/wp-json\/wp\/v2\/pages\/2363\/revisions\/2565"}],"wp:attachment":[{"href":"https:\/\/mon.uvic.cat\/nitrecerca\/wp-json\/wp\/v2\/media?parent=2363"}],"curies":[{"name":"wp","href":"https:\/\/api.w.org\/{rel}","templated":true}]}}